{"id":761,"date":"2020-12-05T13:30:20","date_gmt":"2020-12-05T13:30:20","guid":{"rendered":"https:\/\/ninetheme.com\/themes\/agrikon\/?page_id=761"},"modified":"2025-05-15T13:02:52","modified_gmt":"2025-05-15T13:02:52","slug":"home-2","status":"publish","type":"page","link":"https:\/\/sustagri.eu\/it\/","title":{"rendered":"Casa"},"content":{"rendered":"<div data-elementor-type=\"wp-page\" data-elementor-id=\"761\" class=\"elementor elementor-761\" data-elementor-post-type=\"page\">\n\t\t\t\t\t\t<div class=\"elementor-section elementor-top-section elementor-element elementor-element-6c6e14d elementor-section-full_width nt-section-ripped-bottom ripped-bottom-yes elementor-section-height-default elementor-section-height-default nt-section-ripped-top ripped-top-no\" data-id=\"6c6e14d\" data-element_type=\"section\" data-e-type=\"section\">\n\t\t\t\t\t\t<div class=\"elementor-container elementor-column-gap-no\">\n\t\t\t\t\t<div class=\"elementor-column elementor-col-100 elementor-top-column elementor-element elementor-element-289cdcd\" data-id=\"289cdcd\" data-element_type=\"column\" data-e-type=\"column\">\n\t\t\t<div class=\"elementor-widget-wrap elementor-element-populated\">\n\t\t\t\t\t\t<div class=\"elementor-element elementor-element-2b9364d home-hero-slider elementor-widget elementor-widget-agrikon-home-slider\" data-id=\"2b9364d\" data-element_type=\"widget\" data-e-type=\"widget\" data-widget_type=\"agrikon-home-slider.default\">\n\t\t\t\t<div class=\"elementor-widget-container\">\n\t\t\t\t\t<div class=\"main-slider main-slider__two\"><div class=\"main-slider__line-1\"><\/div><div class=\"main-slider__line-2\"><\/div><div class=\"main-slider__line-3\"><\/div><div class=\"main-slider__line-4\"><\/div><div class=\"main-slider__line-5\"><\/div><div class=\"main-slider__line-6\"><\/div><div class=\"swiper-container thm-swiper__slider\" data-swiper-options='{\"init\": false,\"slidesPerView\": 1,\"loop\": false,\"effect\": \"fade\",\"autoplay\": false,\"navigation\": {\"nextEl\": \"#main-slider__swiper-button-next-2b9364d\",\"prevEl\": \"#main-slider__swiper-button-prev-2b9364d\"}}'><div class=\"swiper-wrapper\"><div class=\"swiper-slide\"><div class=\"image-layer elementor-repeater-item-0375b9b\"><\/div><div class=\"container\"><div class=\"row\"><div class=\"col-xl-12 text-center\"><span class=\"tagline\" data-anim='{\"animation\":\"\",\"delay\":\"\"}'>Fornire ai giovani agricoltori e ai proprietari di aziende agroalimentari competenze digitali e di marketing<\/span><h1 class=\"elementor-repeater-item-0375b9b title\" data-anim='{\"animation\":\"\",\"delay\":\"\"}'>SUSTAGRI4.0<\/h1><a href=\"https:\/\/sustagri.eu\/it\/about-us\/\"  target=\"_blank\" class=\"thm-btn btn-icon-right\" data-anim='{\"animation\":\"\",\"delay\":\"\"}'>Scopri di pi\u00f9 <\/a><\/div><\/div><\/div><\/div><\/div><div class=\"main-slider__nav slide-controls\"><div class=\"swiper-button-prev\" id=\"main-slider__swiper-button-next-2b9364d\"><i class=\"agrikon-icon-left-arrow\"><\/i><\/div><div class=\"swiper-button-next\" id=\"main-slider__swiper-button-prev-2b9364d\"><i class=\"agrikon-icon-right-arrow\"><\/i><\/div><\/div><\/div><\/div>\t\t\t\t<\/div>\n\t\t\t\t<\/div>\n\t\t\t\t\t<\/div>\n\t\t<\/div>\n\t\t\t\t\t<\/div>\n\t\t<\/div>\n\t\t\t\t<div class=\"elementor-section elementor-top-section elementor-element elementor-element-92e5837 nt-section section-padding elementor-section-boxed elementor-section-height-default elementor-section-height-default nt-section-ripped-bottom ripped-bottom-no\" data-id=\"92e5837\" data-element_type=\"section\" data-e-type=\"section\" id=\"about\" data-settings=\"{&quot;background_background&quot;:&quot;video&quot;}\">\n\t\t\t\t\t\t<div class=\"elementor-container elementor-column-gap-no\">\n\t\t\t\t\t<div class=\"elementor-column elementor-col-50 elementor-top-column elementor-element elementor-element-26237b9\" data-id=\"26237b9\" data-element_type=\"column\" data-e-type=\"column\" data-settings=\"{&quot;background_background&quot;:&quot;slideshow&quot;,&quot;background_slideshow_gallery&quot;:[],&quot;background_slideshow_loop&quot;:&quot;yes&quot;,&quot;background_slideshow_slide_duration&quot;:5000,&quot;background_slideshow_slide_transition&quot;:&quot;fade&quot;,&quot;background_slideshow_transition_duration&quot;:500}\">\n\t\t\t<div class=\"elementor-widget-wrap elementor-element-populated\">\n\t\t\t\t\t\t<div class=\"elementor-element elementor-element-ec70e0e elementor-widget elementor-widget-agrikon-about-two\" data-id=\"ec70e0e\" data-element_type=\"widget\" data-e-type=\"widget\" data-widget_type=\"agrikon-about-two.default\">\n\t\t\t\t<div class=\"elementor-widget-container\">\n\t\t\t\t\t<div class=\"about-two__images\"><img fetchpriority=\"high\" decoding=\"async\" width=\"500\" height=\"500\" src=\"https:\/\/sustagri.eu\/wp-content\/uploads\/2022\/08\/Agriculture-2-without-overlay-500x500.jpg\" class=\"a-img\" alt=\"\" srcset=\"https:\/\/sustagri.eu\/wp-content\/uploads\/2022\/08\/Agriculture-2-without-overlay-500x500.jpg 500w, https:\/\/sustagri.eu\/wp-content\/uploads\/2022\/08\/Agriculture-2-without-overlay-150x150.jpg 150w, https:\/\/sustagri.eu\/wp-content\/uploads\/2022\/08\/Agriculture-2-without-overlay-750x750.jpg 750w\" sizes=\"(max-width: 500px) 100vw, 500px\" \/><img decoding=\"async\" width=\"200\" height=\"200\" src=\"https:\/\/sustagri.eu\/wp-content\/uploads\/2022\/08\/Sustagri-Agriculture-Without-Overlay-500x500.jpg\" class=\"a-img\" alt=\"\" srcset=\"https:\/\/sustagri.eu\/wp-content\/uploads\/2022\/08\/Sustagri-Agriculture-Without-Overlay-500x500.jpg 500w, https:\/\/sustagri.eu\/wp-content\/uploads\/2022\/08\/Sustagri-Agriculture-Without-Overlay-150x150.jpg 150w, https:\/\/sustagri.eu\/wp-content\/uploads\/2022\/08\/Sustagri-Agriculture-Without-Overlay-750x750.jpg 750w\" sizes=\"(max-width: 200px) 100vw, 200px\" \/><\/div>\t\t\t\t<\/div>\n\t\t\t\t<\/div>\n\t\t\t\t\t<\/div>\n\t\t<\/div>\n\t\t\t\t<div class=\"elementor-column elementor-col-50 elementor-top-column elementor-element elementor-element-074c3f6\" data-id=\"074c3f6\" data-element_type=\"column\" data-e-type=\"column\">\n\t\t\t<div class=\"elementor-widget-wrap elementor-element-populated\">\n\t\t\t\t\t\t<div class=\"elementor-element elementor-element-b7591a1 agrikon-transform transform-type-translate elementor-widget elementor-widget-heading\" data-id=\"b7591a1\" data-element_type=\"widget\" data-e-type=\"widget\" data-widget_type=\"heading.default\">\n\t\t\t\t<div class=\"elementor-widget-container\">\n\t\t\t\t\t<h2 class=\"elementor-heading-title elementor-size-default\">Chi siamo<\/h2>\t\t\t\t<\/div>\n\t\t\t\t<\/div>\n\t\t\t\t<div class=\"elementor-element elementor-element-67615ee elementor-widget elementor-widget-text-editor\" data-id=\"67615ee\" data-element_type=\"widget\" data-e-type=\"widget\" data-widget_type=\"text-editor.default\">\n\t\t\t\t<div class=\"elementor-widget-container\">\n\t\t\t\t\t\t\t\t\t<p>SUSTAGRI4.0 si \u00e8 concluso il 1\u00b0 maggio 2024. A nome dei partner del progetto \u2013 F6S Innovation, Universit\u00e0 di Valencia, Quality Culture, ONG Mine Vaganti e iAgroCert \u2013 vi ringrazio per l'impegno e l'interesse verso il progetto e i suoi risultati.<\/p>\t\t\t\t\t\t\t\t<\/div>\n\t\t\t\t<\/div>\n\t\t\t\t<div class=\"elementor-element elementor-element-ca90263 elementor-widget elementor-widget-text-editor\" data-id=\"ca90263\" data-element_type=\"widget\" data-e-type=\"widget\" data-widget_type=\"text-editor.default\">\n\t\t\t\t<div class=\"elementor-widget-container\">\n\t\t\t\t\t\t\t\t\t<p>SUSTAGRI4.0 porter\u00e0 competenze digitali e di marketing ai piccoli agricoltori e ai proprietari di agroalimentari verso un futuro sostenibile e guidato dalla comunit\u00e0.<\/p><p>L'obiettivo principale di SUSTAGRI4.0 \u00e8 promuovere un'agricoltura e un'agroindustria sostenibili nell'ambito della necessaria transizione verso l'agricoltura 4.0, la quarta ondata rivoluzionaria nell'adozione di tecnologie avanzate e profonde. Prendendo il via nel maggio 2022, questo progetto durer\u00e0 fino a maggio 2024.<\/p><p>Consentir\u00e0 ai produttori locali e ai proprietari di agroalimentari sostenibili di acquisire competenze digitali e di marketing per avvicinarli alla loro comunit\u00e0 locale e consentire loro di promuovere i loro prodotti in modo pi\u00f9 efficace, il che incoragger\u00e0 anche un'espansione delle pratiche sostenibili e una cultura alimentare che favorisca i prodotti locali, nonch\u00e9 la riduzione degli sprechi.<\/p>\t\t\t\t\t\t\t\t<\/div>\n\t\t\t\t<\/div>\n\t\t\t\t<div class=\"elementor-element elementor-element-2f03257 elementor-widget elementor-widget-button\" data-id=\"2f03257\" data-element_type=\"widget\" data-e-type=\"widget\" data-widget_type=\"button.default\">\n\t\t\t\t<div class=\"elementor-widget-container\">\n\t\t\t\t\t\t\t\t\t<div class=\"elementor-button-wrapper\">\n\t\t\t\t\t<a class=\"elementor-button elementor-button-link elementor-size-sm\" href=\"https:\/\/sustagri.eu\/it\/about-us\/\">\n\t\t\t\t\t\t<span class=\"elementor-button-content-wrapper\">\n\t\t\t\t\t\t\t\t\t<span class=\"elementor-button-text\">Leggi di pi\u00f9<\/span>\n\t\t\t\t\t<\/span>\n\t\t\t\t\t<\/a>\n\t\t\t\t<\/div>\n\t\t\t\t\t\t\t\t<\/div>\n\t\t\t\t<\/div>\n\t\t\t\t\t<\/div>\n\t\t<\/div>\n\t\t\t\t\t<\/div>\n\t\t<\/div>\n\t\t\t\t<div class=\"elementor-section elementor-top-section elementor-element elementor-element-f72f560 elementor-section-full_width elementor-section-height-default elementor-section-height-default nt-section-ripped-top ripped-top-no nt-section-ripped-bottom ripped-bottom-no\" data-id=\"f72f560\" data-element_type=\"section\" data-e-type=\"section\">\n\t\t\t\t\t\t<div class=\"elementor-container elementor-column-gap-no\">\n\t\t\t\t\t<div class=\"elementor-column elementor-col-100 elementor-top-column elementor-element elementor-element-0e85fee\" data-id=\"0e85fee\" data-element_type=\"column\" data-e-type=\"column\">\n\t\t\t<div class=\"elementor-widget-wrap elementor-element-populated\">\n\t\t\t\t\t\t<div class=\"elementor-element elementor-element-555ca95 elementor-widget elementor-widget-agrikon-testimonials\" data-id=\"555ca95\" data-element_type=\"widget\" data-e-type=\"widget\" data-widget_type=\"agrikon-testimonials.default\">\n\t\t\t\t<div class=\"elementor-widget-container\">\n\t\t\t\t\t<div class=\"testimonials-one\" data-slider='{\"loop\":true,\"speed\":1400,\"delay\":8000,\"dots\":true,\"thumbs\":false,\"autoplay\":true,\"smperview\": 1,\"mdperview\":1,\"perview\": 1,\"space\": 0}'><img decoding=\"async\" width=\"1860\" height=\"839\" src=\"https:\/\/sustagri.eu\/wp-content\/uploads\/2020\/12\/testimonials-bg.png\" class=\"testimonials-one__bg\" alt=\"\" srcset=\"https:\/\/sustagri.eu\/wp-content\/uploads\/2020\/12\/testimonials-bg.png 1860w, https:\/\/sustagri.eu\/wp-content\/uploads\/2020\/12\/testimonials-bg-980x442.png 980w\" sizes=\"(max-width: 1860px) 100vw, 1860px\" \/><div class=\"container\"><p class=\"testimonials-one__title\">Testimonianze<\/p><div class=\"testimonials-one__quote testimonials-one__carousel swiper-container\"><div class=\"swiper-wrapper\"><div class=\"swiper-slide\"><p class=\"text\">\"Mi piace condividere, mi piace la connessione che deriva dall'incontro con nuove persone di culture diverse, ed \u00e8 pensare fuori dagli schemi perch\u00e9 lavoro la maggior parte del tempo da solo, quindi ti concentri solo sulle tue idee [...] Torner\u00f2 a casa con pi\u00f9 idee, pi\u00f9 creativit\u00e0 e idee e percezioni diverse di ci\u00f2 che accade all'esterno. Lo adoro.\" <\/p><div class=\"testimonials-one__thumb single__avatar\"><img loading=\"lazy\" decoding=\"async\" width=\"800\" height=\"800\" src=\"https:\/\/sustagri.eu\/wp-content\/uploads\/2023\/02\/1643629893700.jpeg\" class=\"t-img\" alt=\"\" srcset=\"https:\/\/sustagri.eu\/wp-content\/uploads\/2023\/02\/1643629893700.jpeg 800w, https:\/\/sustagri.eu\/wp-content\/uploads\/2023\/02\/1643629893700-300x300.jpeg 300w, https:\/\/sustagri.eu\/wp-content\/uploads\/2023\/02\/1643629893700-150x150.jpeg 150w, https:\/\/sustagri.eu\/wp-content\/uploads\/2023\/02\/1643629893700-768x768.jpeg 768w, https:\/\/sustagri.eu\/wp-content\/uploads\/2023\/02\/1643629893700-500x500.jpeg 500w, https:\/\/sustagri.eu\/wp-content\/uploads\/2023\/02\/1643629893700-750x750.jpeg 750w\" sizes=\"(max-width: 800px) 100vw, 800px\" \/><\/div><div class=\"testimonials-one__metas\"><div class=\"testimonials-one__meta\"><h3 class=\"name\"> Francesco Trocchia<\/h3><\/div><\/div><\/div><div class=\"swiper-slide\"><p class=\"text\">\"\u00c8 stata una grande opportunit\u00e0 per imparare, comunicare, acquisire maggiori competenze e idee su come comunicare in modo efficiente su un argomento [competenze digitali e marketing] che \u00e8 estremamente importante e sar\u00e0 sempre pi\u00f9 importante in un futuro in cui il clima sta cambiando e l'agricoltura deve cambiare con esso.\" <\/p><div class=\"testimonials-one__thumb single__avatar\"><img loading=\"lazy\" decoding=\"async\" width=\"1080\" height=\"1080\" src=\"https:\/\/sustagri.eu\/wp-content\/uploads\/2023\/02\/FInal-research-report-SUSTAGRI-2.png\" class=\"t-img\" alt=\"\" srcset=\"https:\/\/sustagri.eu\/wp-content\/uploads\/2023\/02\/FInal-research-report-SUSTAGRI-2.png 1080w, https:\/\/sustagri.eu\/wp-content\/uploads\/2023\/02\/FInal-research-report-SUSTAGRI-2-300x300.png 300w, https:\/\/sustagri.eu\/wp-content\/uploads\/2023\/02\/FInal-research-report-SUSTAGRI-2-1024x1024.png 1024w, https:\/\/sustagri.eu\/wp-content\/uploads\/2023\/02\/FInal-research-report-SUSTAGRI-2-150x150.png 150w, https:\/\/sustagri.eu\/wp-content\/uploads\/2023\/02\/FInal-research-report-SUSTAGRI-2-768x768.png 768w, https:\/\/sustagri.eu\/wp-content\/uploads\/2023\/02\/FInal-research-report-SUSTAGRI-2-500x500.png 500w, https:\/\/sustagri.eu\/wp-content\/uploads\/2023\/02\/FInal-research-report-SUSTAGRI-2-750x750.png 750w\" sizes=\"(max-width: 1080px) 100vw, 1080px\" \/><\/div><div class=\"testimonials-one__metas\"><div class=\"testimonials-one__meta\"><h3 class=\"name\">Irene Tazzara <\/h3><\/div><\/div><\/div><div class=\"swiper-slide\"><p class=\"text\">\"Mi \u00e8 piaciuta tutta la sinergia di diversi paesi e diverse nazionalit\u00e0 [...] Per noi nel settore informatico e digitale in Irlanda, [gli agricoltori ne hanno] paura, ma in altri paesi si vede che gli agricoltori sono un po 'meglio dal punto di vista digitale. Sar\u00e0 quindi molto interessante ed entusiasmante vedere i risultati e le idee che ne deriveranno. E impari anche perch\u00e9 senti parlare di nuove piattaforme e nuove idee. [...] \u00c8 stato meraviglioso, grazie.\"  <\/p><div class=\"testimonials-one__thumb single__avatar\"><img loading=\"lazy\" decoding=\"async\" width=\"400\" height=\"400\" src=\"https:\/\/sustagri.eu\/wp-content\/uploads\/2023\/02\/1581881734305.jpeg\" class=\"t-img\" alt=\"\" srcset=\"https:\/\/sustagri.eu\/wp-content\/uploads\/2023\/02\/1581881734305.jpeg 400w, https:\/\/sustagri.eu\/wp-content\/uploads\/2023\/02\/1581881734305-300x300.jpeg 300w, https:\/\/sustagri.eu\/wp-content\/uploads\/2023\/02\/1581881734305-150x150.jpeg 150w\" sizes=\"(max-width: 400px) 100vw, 400px\" \/><\/div><div class=\"testimonials-one__metas\"><div class=\"testimonials-one__meta\"><h3 class=\"name\">Geraldine Fitzpatrick<\/h3><\/div><\/div><\/div><div class=\"swiper-slide\"><p class=\"text\">\"Quello che mi entusiasma di pi\u00f9 [di SUSTAGRI4.0] sono gli agricoltori che sono un po' sconosciuti perch\u00e9 [...] la maggior parte delle persone acquista nei grandi mercati e non conosce le persone dall'altra parte: sono dimenticate, ed \u00e8 molto bello pensare di aiutarli a essere pi\u00f9 [indipendenti]\". <\/p><div class=\"testimonials-one__thumb single__avatar\"><img loading=\"lazy\" decoding=\"async\" width=\"299\" height=\"299\" src=\"https:\/\/sustagri.eu\/wp-content\/uploads\/2023\/02\/1516442111433.jpeg\" class=\"t-img\" alt=\"\" srcset=\"https:\/\/sustagri.eu\/wp-content\/uploads\/2023\/02\/1516442111433.jpeg 299w, https:\/\/sustagri.eu\/wp-content\/uploads\/2023\/02\/1516442111433-150x150.jpeg 150w\" sizes=\"(max-width: 299px) 100vw, 299px\" \/><\/div><div class=\"testimonials-one__metas\"><div class=\"testimonials-one__meta\"><h3 class=\"name\">Amparo Guanter<\/h3><\/div><\/div><\/div><div class=\"swiper-slide\"><p class=\"text\">\"Provenivamo da paesi diversi, et\u00e0 diverse, carriere diverse, quindi non \u00e8 stato facile pensare le stesse cose e abbiamo cercato di discutere [...] le differenze che avevamo all'inizio per trovare una buona soluzione.\" <\/p><div class=\"testimonials-one__thumb single__avatar\"><img loading=\"lazy\" decoding=\"async\" width=\"400\" height=\"400\" src=\"https:\/\/sustagri.eu\/wp-content\/uploads\/2023\/02\/1641578316701.jpeg\" class=\"t-img\" alt=\"\" srcset=\"https:\/\/sustagri.eu\/wp-content\/uploads\/2023\/02\/1641578316701.jpeg 400w, https:\/\/sustagri.eu\/wp-content\/uploads\/2023\/02\/1641578316701-300x300.jpeg 300w, https:\/\/sustagri.eu\/wp-content\/uploads\/2023\/02\/1641578316701-150x150.jpeg 150w\" sizes=\"(max-width: 400px) 100vw, 400px\" \/><\/div><div class=\"testimonials-one__metas\"><div class=\"testimonials-one__meta\"><h3 class=\"name\">Alejandro Gamir Cobacho<\/h3><\/div><\/div><\/div><\/div><\/div><div class=\"swiper-pagination testimonials-one__swiper-pagination\"><\/div><\/div><\/div>\t\t\t\t<\/div>\n\t\t\t\t<\/div>\n\t\t\t\t\t<\/div>\n\t\t<\/div>\n\t\t\t\t\t<\/div>\n\t\t<\/div>\n\t\t\t\t<div class=\"elementor-section elementor-top-section elementor-element elementor-element-844dcf2 nt-section section-padding elementor-section-boxed elementor-section-height-default elementor-section-height-default nt-section-ripped-top ripped-top-no nt-section-ripped-bottom ripped-bottom-no\" data-id=\"844dcf2\" data-element_type=\"section\" data-e-type=\"section\" data-settings=\"{&quot;background_background&quot;:&quot;classic&quot;}\">\n\t\t\t\t\t\t<div class=\"elementor-container elementor-column-gap-no\">\n\t\t\t\t\t<div class=\"elementor-column elementor-col-100 elementor-top-column elementor-element elementor-element-c9c458c\" data-id=\"c9c458c\" data-element_type=\"column\" data-e-type=\"column\" data-settings=\"{&quot;background_background&quot;:&quot;classic&quot;}\">\n\t\t\t<div class=\"elementor-widget-wrap elementor-element-populated\">\n\t\t\t\t\t\t<div class=\"elementor-section elementor-inner-section elementor-element elementor-element-bfff39e elementor-section-boxed elementor-section-height-default elementor-section-height-default nt-section-ripped-top ripped-top-no nt-section-ripped-bottom ripped-bottom-no\" data-id=\"bfff39e\" data-element_type=\"section\" data-e-type=\"section\">\n\t\t\t\t\t\t<div class=\"elementor-container elementor-column-gap-no\">\n\t\t\t\t\t<div class=\"elementor-column elementor-col-50 elementor-inner-column elementor-element elementor-element-b59c8d0\" data-id=\"b59c8d0\" data-element_type=\"column\" data-e-type=\"column\">\n\t\t\t<div class=\"elementor-widget-wrap elementor-element-populated\">\n\t\t\t\t\t\t<div class=\"elementor-element elementor-element-b569aa0 agrikon-transform transform-type-translate elementor-widget elementor-widget-heading\" data-id=\"b569aa0\" data-element_type=\"widget\" data-e-type=\"widget\" data-widget_type=\"heading.default\">\n\t\t\t\t<div class=\"elementor-widget-container\">\n\t\t\t\t\t<span class=\"elementor-heading-title elementor-size-default\">Dal post del blog<\/span>\t\t\t\t<\/div>\n\t\t\t\t<\/div>\n\t\t\t\t<div class=\"elementor-element elementor-element-88349c7 agrikon-transform transform-type-translate elementor-widget elementor-widget-heading\" data-id=\"88349c7\" data-element_type=\"widget\" data-e-type=\"widget\" data-widget_type=\"heading.default\">\n\t\t\t\t<div class=\"elementor-widget-container\">\n\t\t\t\t\t<h2 class=\"elementor-heading-title elementor-size-default\">Ultime notizie<\/h2>\t\t\t\t<\/div>\n\t\t\t\t<\/div>\n\t\t\t\t\t<\/div>\n\t\t<\/div>\n\t\t\t\t<div class=\"elementor-column elementor-col-50 elementor-inner-column elementor-element elementor-element-e8fcd7a\" data-id=\"e8fcd7a\" data-element_type=\"column\" data-e-type=\"column\">\n\t\t\t<div class=\"elementor-widget-wrap\">\n\t\t\t\t\t\t\t<\/div>\n\t\t<\/div>\n\t\t\t\t\t<\/div>\n\t\t<\/div>\n\t\t\t\t<div class=\"elementor-section elementor-inner-section elementor-element elementor-element-d3523f0 elementor-section-boxed elementor-section-height-default elementor-section-height-default nt-section-ripped-top ripped-top-no nt-section-ripped-bottom ripped-bottom-no\" data-id=\"d3523f0\" data-element_type=\"section\" data-e-type=\"section\">\n\t\t\t\t\t\t<div class=\"elementor-container elementor-column-gap-no\">\n\t\t\t\t\t<div class=\"elementor-column elementor-col-100 elementor-inner-column elementor-element elementor-element-19469ce\" data-id=\"19469ce\" data-element_type=\"column\" data-e-type=\"column\">\n\t\t\t<div class=\"elementor-widget-wrap elementor-element-populated\">\n\t\t\t\t\t\t<div class=\"elementor-element elementor-element-dc04782 elementor-widget elementor-widget-agrikon-blog-special\" data-id=\"dc04782\" data-element_type=\"widget\" data-e-type=\"widget\" data-widget_type=\"agrikon-blog-special.default\">\n\t\t\t\t<div class=\"elementor-widget-container\">\n\t\t\t\t\t<div class=\"blog-one\"><div class=\"row\"><div class=\"col-sm-12 col-md-12 col-lg-4\"><div class=\"blog-card\"><div class=\"blog-card__image\"><img loading=\"lazy\" decoding=\"async\" width=\"150\" height=\"150\" src=\"https:\/\/sustagri.eu\/wp-content\/uploads\/2024\/03\/bcd013db-a494-d589-d4b9-80ff1c456bea-150x150.png\" class=\"b-img wp-post-image\" alt=\"\" srcset=\"https:\/\/sustagri.eu\/wp-content\/uploads\/2024\/03\/bcd013db-a494-d589-d4b9-80ff1c456bea-150x150.png 150w, https:\/\/sustagri.eu\/wp-content\/uploads\/2024\/03\/bcd013db-a494-d589-d4b9-80ff1c456bea-500x500.png 500w, https:\/\/sustagri.eu\/wp-content\/uploads\/2024\/03\/bcd013db-a494-d589-d4b9-80ff1c456bea-750x750.png 750w\" sizes=\"(max-width: 150px) 100vw, 150px\" \/><a href=\"https:\/\/sustagri.eu\/it\/sustagri4-0-newsletter-no-8\/\"><\/a><\/div><div class=\"blog-card__content\"><div class=\"blog-card__date\"><a href=\"https:\/\/sustagri.eu\/it\/2024\/04\/23\/\" title=\"https:\/\/sustagri.eu\/it\/2024\/04\/23\/\">23 apr<\/a><\/div><div class=\"blog-card__meta\"><a href=\"https:\/\/sustagri.eu\/it\/author\/carolinaf6s-com\/\" title=\"Carolina\"><i class=\"far fa-user-circle\"><\/i> Carolina<\/a><\/div><h3 class=\"title\"><a href=\"https:\/\/sustagri.eu\/it\/sustagri4-0-newsletter-no-8\/\">SUSTAGRI4.0 Newsletter n. 8<\/a><\/h3><a class=\"thm-btn\" href=\"https:\/\/sustagri.eu\/it\/sustagri4-0-newsletter-no-8\/\">Per saperne di pi\u00f9<\/a><\/div><\/div><\/div><div class=\"col-sm-12 col-md-12 col-lg-4\"><div class=\"blog-card\"><div class=\"blog-card__image\"><img loading=\"lazy\" decoding=\"async\" width=\"150\" height=\"150\" src=\"https:\/\/sustagri.eu\/wp-content\/uploads\/2024\/04\/Screenshot-2024-04-19-at-16.17.35-150x150.png\" class=\"b-img wp-post-image\" alt=\"\" \/><a href=\"https:\/\/sustagri.eu\/it\/sustagri4-0-multiplier-events-interviews-pietro-dagostino-chef\/\"><\/a><\/div><div class=\"blog-card__content\"><div class=\"blog-card__date\"><a href=\"https:\/\/sustagri.eu\/it\/2024\/04\/19\/\" title=\"https:\/\/sustagri.eu\/it\/2024\/04\/19\/\">19 apr<\/a><\/div><div class=\"blog-card__meta\"><a href=\"https:\/\/sustagri.eu\/it\/author\/carolinaf6s-com\/\" title=\"Carolina\"><i class=\"far fa-user-circle\"><\/i> Carolina<\/a><\/div><h3 class=\"title\"><a href=\"https:\/\/sustagri.eu\/it\/sustagri4-0-multiplier-events-interviews-pietro-dagostino-chef\/\">SUSTAGRI4.0 Multiplier Events Interviste \u2013 Pietro d\u2019Agostino, chef<\/a><\/h3><a class=\"thm-btn\" href=\"https:\/\/sustagri.eu\/it\/sustagri4-0-multiplier-events-interviews-pietro-dagostino-chef\/\">Per saperne di pi\u00f9<\/a><\/div><\/div><\/div><div class=\"col-sm-12 col-md-12 col-lg-4\"><div class=\"blog-card\"><div class=\"blog-card__image\"><img loading=\"lazy\" decoding=\"async\" width=\"150\" height=\"150\" src=\"https:\/\/sustagri.eu\/wp-content\/uploads\/2024\/04\/Francesca_-_ME_Participant-scaled-e1713341691553-150x150.jpg\" class=\"b-img wp-post-image\" alt=\"\" srcset=\"https:\/\/sustagri.eu\/wp-content\/uploads\/2024\/04\/Francesca_-_ME_Participant-scaled-e1713341691553-150x150.jpg 150w, https:\/\/sustagri.eu\/wp-content\/uploads\/2024\/04\/Francesca_-_ME_Participant-scaled-e1713341691553-500x500.jpg 500w, https:\/\/sustagri.eu\/wp-content\/uploads\/2024\/04\/Francesca_-_ME_Participant-scaled-e1713341691553-750x750.jpg 750w\" sizes=\"(max-width: 150px) 100vw, 150px\" \/><a href=\"https:\/\/sustagri.eu\/it\/sustagri4-0-multiplier-events-interviews-francesca-marras\/\"><\/a><\/div><div class=\"blog-card__content\"><div class=\"blog-card__date\"><a href=\"https:\/\/sustagri.eu\/it\/2024\/04\/17\/\" title=\"https:\/\/sustagri.eu\/it\/2024\/04\/17\/\">17 apr<\/a><\/div><div class=\"blog-card__meta\"><a href=\"https:\/\/sustagri.eu\/it\/author\/carolinaf6s-com\/\" title=\"Carolina\"><i class=\"far fa-user-circle\"><\/i> Carolina<\/a><\/div><h3 class=\"title\"><a href=\"https:\/\/sustagri.eu\/it\/sustagri4-0-multiplier-events-interviews-francesca-marras\/\">Interviste agli eventi moltiplicatori SUSTAGRI4.0 \u2013 Francesca Marras, produttrice di olio d'oliva<\/a><\/h3><a class=\"thm-btn\" href=\"https:\/\/sustagri.eu\/it\/sustagri4-0-multiplier-events-interviews-francesca-marras\/\">Per saperne di pi\u00f9<\/a><\/div><\/div><\/div><\/div><\/div>\t\t\t\t<\/div>\n\t\t\t\t<\/div>\n\t\t\t\t\t<\/div>\n\t\t<\/div>\n\t\t\t\t\t<\/div>\n\t\t<\/div>\n\t\t\t\t\t<\/div>\n\t\t<\/div>\n\t\t\t\t\t<\/div>\n\t\t<\/div>\n\t\t\t\t<\/div>","protected":false},"excerpt":{"rendered":"<p>SUSTAGRI4.0 si \u00e8 conclusa il 1\u00b0 maggio 2024, dando ai giovani agricoltori e ai proprietari di aziende agroalimentari le competenze digitali e di marketing SUSTAGRI4.0 Scopri di pi\u00f9 A nome dei partner del progetto \u2013 F6S Innovation, Universit\u00e0 di Valencia, Quality Culture, Mine Vaganti NGO e iAgroCert \u2013 grazie per l'impegno e l'interesse per il progetto e...<\/p>","protected":false},"author":10,"featured_media":0,"parent":0,"menu_order":0,"comment_status":"closed","ping_status":"closed","template":"","meta":{"footnotes":""},"class_list":["post-761","page","type-page","status-publish","hentry","nt-post-class",""],"_links":{"self":[{"href":"https:\/\/sustagri.eu\/it\/wp-json\/wp\/v2\/pages\/761","targetHints":{"allow":["GET"]}}],"collection":[{"href":"https:\/\/sustagri.eu\/it\/wp-json\/wp\/v2\/pages"}],"about":[{"href":"https:\/\/sustagri.eu\/it\/wp-json\/wp\/v2\/types\/page"}],"author":[{"embeddable":true,"href":"https:\/\/sustagri.eu\/it\/wp-json\/wp\/v2\/users\/10"}],"replies":[{"embeddable":true,"href":"https:\/\/sustagri.eu\/it\/wp-json\/wp\/v2\/comments?post=761"}],"version-history":[{"count":5,"href":"https:\/\/sustagri.eu\/it\/wp-json\/wp\/v2\/pages\/761\/revisions"}],"predecessor-version":[{"id":7118,"href":"https:\/\/sustagri.eu\/it\/wp-json\/wp\/v2\/pages\/761\/revisions\/7118"}],"wp:attachment":[{"href":"https:\/\/sustagri.eu\/it\/wp-json\/wp\/v2\/media?parent=761"}],"curies":[{"name":"wp","href":"https:\/\/api.w.org\/{rel}","templated":true}]}}