{"id":6527,"date":"2024-02-19T17:55:15","date_gmt":"2024-02-19T17:55:15","guid":{"rendered":"https:\/\/sustagri.eu\/?page_id=6527"},"modified":"2024-11-28T08:50:54","modified_gmt":"2024-11-28T08:50:54","slug":"multiplier-event-greece","status":"publish","type":"page","link":"https:\/\/sustagri.eu\/it\/multiplier-event-greece\/","title":{"rendered":"Evento moltiplicatore \u2013 Veria, Grecia"},"content":{"rendered":"<h2 class=\"wp-block-heading has-text-color\" style=\"color: #004123;\">Crescere Insieme, Produrre Futuri Sostenibili SUSTAGRI 4.0<\/h2>\r\n\r\n\r\n\r\n<h4 class=\"wp-block-heading\"><em>22 marzo 2024<\/em><\/h4>\r\n\r\n\r\n\r\n<div class=\"wp-block-spacer\" style=\"height: 20px;\" aria-hidden=\"true\">\u00a0<\/div>\r\n\r\n\r\n\r\n<figure class=\"wp-block-image size-large\"><img fetchpriority=\"high\" decoding=\"async\" width=\"1024\" height=\"538\" class=\"wp-image-6557\" src=\"https:\/\/sustagri.eu\/wp-content\/uploads\/2024\/02\/4-1024x538.png\" alt=\"\" srcset=\"https:\/\/sustagri.eu\/wp-content\/uploads\/2024\/02\/4-1024x538.png 1024w, https:\/\/sustagri.eu\/wp-content\/uploads\/2024\/02\/4-300x158.png 300w, https:\/\/sustagri.eu\/wp-content\/uploads\/2024\/02\/4-768x403.png 768w, https:\/\/sustagri.eu\/wp-content\/uploads\/2024\/02\/4.png 1200w\" sizes=\"(max-width: 1024px) 100vw, 1024px\" \/><\/figure>\r\n\r\n\r\n\r\n<div class=\"wp-block-spacer\" style=\"height: 19px;\" aria-hidden=\"true\">\u00a0<\/div>\r\n\r\n\r\n\r\n<p class=\"wp-block-heading\"><strong>L'evento moltiplicatore si svolger\u00e0 a Veria per presentare i risultati di SUSTAGRI4.0 alla comunit\u00e0 agricola e dell'IFP locale e massimizzare l'impatto del progetto.<\/strong><\/p>\r\n\r\n\r\n\r\n<div class=\"wp-block-spacer\" style=\"height: 19px;\" aria-hidden=\"true\">\u00a0<\/div>\r\n\r\n\r\n\r\n<p class=\"wp-block-heading\"><strong>Sede: Unit\u00e0 municipale Apostolos Paulos Municipio<\/strong><br \/><strong>Data: 22 marzo 2024<\/strong><br \/><strong>Orario: dalle 12.00 alle 15.00<\/strong><\/p>\r\n\r\n\r\n\r\n<div class=\"wp-block-spacer\" style=\"height: 19px;\" aria-hidden=\"true\">\u00a0<\/div>\r\n\r\n\r\n\r\n<p>&nbsp;<\/p>","protected":false},"excerpt":{"rendered":"<p>22 marzo 2024 L'evento moltiplicatore si svolger\u00e0 a Veria per presentare i risultati di SUSTAGRI4.0 alla comunit\u00e0 agricola e dell'IFP locale e massimizzare l'impatto del progetto. Sede: Unit\u00e0 municipale Apostolos Paulos City HallData: 22 marzo 2024Ora: dalle 12.00 alle 15.00 &nbsp;<\/p>","protected":false},"author":7,"featured_media":0,"parent":0,"menu_order":0,"comment_status":"closed","ping_status":"closed","template":"","meta":{"footnotes":""},"class_list":{"0":"post-6527","1":"page","2":"type-page","3":"status-publish","4":"hentry","5":"nt-post-class","6":"","8":"thumb-none","10":"excerpt-none"},"_links":{"self":[{"href":"https:\/\/sustagri.eu\/it\/wp-json\/wp\/v2\/pages\/6527","targetHints":{"allow":["GET"]}}],"collection":[{"href":"https:\/\/sustagri.eu\/it\/wp-json\/wp\/v2\/pages"}],"about":[{"href":"https:\/\/sustagri.eu\/it\/wp-json\/wp\/v2\/types\/page"}],"author":[{"embeddable":true,"href":"https:\/\/sustagri.eu\/it\/wp-json\/wp\/v2\/users\/7"}],"replies":[{"embeddable":true,"href":"https:\/\/sustagri.eu\/it\/wp-json\/wp\/v2\/comments?post=6527"}],"version-history":[{"count":5,"href":"https:\/\/sustagri.eu\/it\/wp-json\/wp\/v2\/pages\/6527\/revisions"}],"predecessor-version":[{"id":7024,"href":"https:\/\/sustagri.eu\/it\/wp-json\/wp\/v2\/pages\/6527\/revisions\/7024"}],"wp:attachment":[{"href":"https:\/\/sustagri.eu\/it\/wp-json\/wp\/v2\/media?parent=6527"}],"curies":[{"name":"wp","href":"https:\/\/api.w.org\/{rel}","templated":true}]}}