{"id":6525,"date":"2024-02-19T17:53:54","date_gmt":"2024-02-19T17:53:54","guid":{"rendered":"https:\/\/sustagri.eu\/?page_id=6525"},"modified":"2024-11-28T08:56:21","modified_gmt":"2024-11-28T08:56:21","slug":"multiplier-event-messina","status":"publish","type":"page","link":"https:\/\/sustagri.eu\/it\/multiplier-event-messina\/","title":{"rendered":"Evento moltiplicatore \u2013 Messina, Italia"},"content":{"rendered":"<h2 class=\"wp-block-heading has-text-color\" style=\"color: #004123;\">Risultati dell'erba e collegamento con gli agricoltori locali<\/h2>\r\n\r\n\r\n\r\n<h4 class=\"wp-block-heading\"><em>22 marzo 2024<\/em><\/h4>\r\n\r\n\r\n\r\n<div class=\"wp-block-spacer\" style=\"height: 20px;\" aria-hidden=\"true\">\u00a0<\/div>\r\n\r\n\r\n\r\n<figure class=\"wp-block-image size-large\"><img fetchpriority=\"high\" decoding=\"async\" width=\"1024\" height=\"538\" class=\"wp-image-6599\" src=\"https:\/\/sustagri.eu\/wp-content\/uploads\/2024\/03\/8-1-1024x538.png\" alt=\"\" srcset=\"https:\/\/sustagri.eu\/wp-content\/uploads\/2024\/03\/8-1-1024x538.png 1024w, https:\/\/sustagri.eu\/wp-content\/uploads\/2024\/03\/8-1-300x158.png 300w, https:\/\/sustagri.eu\/wp-content\/uploads\/2024\/03\/8-1-768x403.png 768w, https:\/\/sustagri.eu\/wp-content\/uploads\/2024\/03\/8-1.png 1200w\" sizes=\"(max-width: 1024px) 100vw, 1024px\" \/><\/figure>\r\n\r\n\r\n\r\n<div class=\"wp-block-spacer\" style=\"height: 22px;\" aria-hidden=\"true\">\u00a0<\/div>\r\n\r\n\r\n\r\n<p class=\"wp-block-heading\"><strong>SUSTAGRI4.0 sar\u00e0 presentato all'evento attraverso i suoi traguardi e risultati, come la piattaforma di e-commerce Grass. Poich\u00e9 la sede \u00e8 una scuola professionale per il settore agroalimentare, si prevede che gli ospiti si impegneranno in interventi sul tema dell'agricoltura sostenibile e della filiera corta e stimoleranno una discussione aperta e la creazione di reti tra gli agricoltori.<\/strong><\/p>\r\n\r\n\r\n\r\n<div class=\"wp-block-spacer\" style=\"height: 22px;\" aria-hidden=\"true\">\u00a0<\/div>\r\n\r\n\r\n\r\n<p class=\"wp-block-heading\"><strong>Sede: Istituto Tecnico Agrario \u201cP. Cuppari\u201d di San Placido Caloner\u00f2, Messina (Sicilia)<\/strong><br \/><strong>Data: 22 marzo 2024<\/strong><br \/><strong>Orario: 10:00 - 12:00<\/strong><\/p>","protected":false},"excerpt":{"rendered":"<p>I risultati dell'erba e il collegamento con gli agricoltori locali 22 marzo 2024 SUSTAGRI4.0 saranno presentati all'evento attraverso le sue tappe e i suoi risultati, come la piattaforma di e-commerce Grass. Poich\u00e9 la sede \u00e8 una scuola professionale per il settore agroalimentare, si prevede che gli ospiti si impegneranno in interventi sul tema dell'agricoltura sostenibile e...<\/p>","protected":false},"author":7,"featured_media":0,"parent":0,"menu_order":0,"comment_status":"closed","ping_status":"closed","template":"","meta":{"footnotes":""},"class_list":{"0":"post-6525","1":"page","2":"type-page","3":"status-publish","4":"hentry","5":"nt-post-class","6":"","8":"thumb-none","10":"excerpt-none"},"_links":{"self":[{"href":"https:\/\/sustagri.eu\/it\/wp-json\/wp\/v2\/pages\/6525","targetHints":{"allow":["GET"]}}],"collection":[{"href":"https:\/\/sustagri.eu\/it\/wp-json\/wp\/v2\/pages"}],"about":[{"href":"https:\/\/sustagri.eu\/it\/wp-json\/wp\/v2\/types\/page"}],"author":[{"embeddable":true,"href":"https:\/\/sustagri.eu\/it\/wp-json\/wp\/v2\/users\/7"}],"replies":[{"embeddable":true,"href":"https:\/\/sustagri.eu\/it\/wp-json\/wp\/v2\/comments?post=6525"}],"version-history":[{"count":5,"href":"https:\/\/sustagri.eu\/it\/wp-json\/wp\/v2\/pages\/6525\/revisions"}],"predecessor-version":[{"id":7025,"href":"https:\/\/sustagri.eu\/it\/wp-json\/wp\/v2\/pages\/6525\/revisions\/7025"}],"wp:attachment":[{"href":"https:\/\/sustagri.eu\/it\/wp-json\/wp\/v2\/media?parent=6525"}],"curies":[{"name":"wp","href":"https:\/\/api.w.org\/{rel}","templated":true}]}}