{"id":5977,"date":"2023-10-13T07:59:16","date_gmt":"2023-10-13T07:59:16","guid":{"rendered":"https:\/\/sustagri.eu\/?page_id=5977"},"modified":"2025-03-19T10:17:12","modified_gmt":"2025-03-19T10:17:12","slug":"ecourse","status":"publish","type":"page","link":"https:\/\/sustagri.eu\/it\/ecourse\/","title":{"rendered":"Corso elettronico"},"content":{"rendered":"<div data-elementor-type=\"wp-page\" data-elementor-id=\"5977\" class=\"elementor elementor-5977\" data-elementor-post-type=\"page\">\n\t\t\t\t\t\t<section class=\"elementor-section elementor-top-section elementor-element elementor-element-4b3fe64 elementor-section-full_width elementor-section-height-default elementor-section-height-default nt-section-ripped-top ripped-top-no nt-section-ripped-bottom ripped-bottom-no\" data-id=\"4b3fe64\" data-element_type=\"section\" data-e-type=\"section\">\n\t\t\t\t\t\t<div class=\"elementor-container elementor-column-gap-default\">\n\t\t\t\t\t<div class=\"elementor-column elementor-col-100 elementor-top-column elementor-element elementor-element-8ca5f5c\" data-id=\"8ca5f5c\" data-element_type=\"column\" data-e-type=\"column\">\n\t\t\t<div class=\"elementor-widget-wrap elementor-element-populated\">\n\t\t\t\t\t\t<div class=\"elementor-element elementor-element-94ee9f9 elementor-widget elementor-widget-agrikon-page-hero\" data-id=\"94ee9f9\" data-element_type=\"widget\" data-e-type=\"widget\" data-widget_type=\"agrikon-page-hero.default\">\n\t\t\t\t<div class=\"elementor-widget-container\">\n\t\t\t\t\t<div class=\"page-header\"><div class=\"page-header__bg\"><\/div><div class=\"container\"><div aria-label=\"Pangrattato\" class=\"breadcrumb-trail breadcrumbs\"><ul class=\"breadcrumbs thm-breadcrumb list-unstyled\"><li  class=\"trail-item breadcrumb_item trail-end breadcrumb_active\"><a href=\"https:\/\/sustagri.eu\/it\/\" rel=\"home\" itemprop=\"item\"><span>Casa<\/span><\/a><\/li><\/ul><\/div><h1 class=\"page-title\">SUSTAGRI4.0 Corso elettronico<\/h1><\/div><\/div>\t\t\t\t<\/div>\n\t\t\t\t<\/div>\n\t\t\t\t\t<\/div>\n\t\t<\/div>\n\t\t\t\t\t<\/div>\n\t\t<\/section>\n\t\t\t\t<div class=\"elementor-section elementor-top-section elementor-element elementor-element-ba4371c nt-section section-padding elementor-section-boxed elementor-section-height-default elementor-section-height-default nt-section-ripped-bottom ripped-bottom-no\" data-id=\"ba4371c\" data-element_type=\"section\" data-e-type=\"section\">\n\t\t\t\t\t\t<div class=\"elementor-container elementor-column-gap-no\">\n\t\t\t\t\t<div class=\"elementor-column elementor-col-50 elementor-top-column elementor-element elementor-element-49541ab\" data-id=\"49541ab\" data-element_type=\"column\" data-e-type=\"column\">\n\t\t\t<div class=\"elementor-widget-wrap elementor-element-populated\">\n\t\t\t\t\t\t<div class=\"elementor-element elementor-element-326f6a8 elementor-widget elementor-widget-agrikon-bubble-image\" data-id=\"326f6a8\" data-element_type=\"widget\" data-e-type=\"widget\" data-widget_type=\"agrikon-bubble-image.default\">\n\t\t\t\t<div class=\"elementor-widget-container\">\n\t\t\t\t\t<div class=\"contact-two__image\"><img fetchpriority=\"high\" decoding=\"async\" width=\"500\" height=\"500\" src=\"https:\/\/sustagri.eu\/wp-content\/uploads\/2023\/10\/little-plant-500x500.png\" class=\"img-fluid c-img\" alt=\"\" srcset=\"https:\/\/sustagri.eu\/wp-content\/uploads\/2023\/10\/little-plant-500x500.png 500w, https:\/\/sustagri.eu\/wp-content\/uploads\/2023\/10\/little-plant-300x300.png 300w, https:\/\/sustagri.eu\/wp-content\/uploads\/2023\/10\/little-plant-150x150.png 150w, https:\/\/sustagri.eu\/wp-content\/uploads\/2023\/10\/little-plant-768x768.png 768w, https:\/\/sustagri.eu\/wp-content\/uploads\/2023\/10\/little-plant-750x750.png 750w, https:\/\/sustagri.eu\/wp-content\/uploads\/2023\/10\/elementor\/thumbs\/little-plant-qdso7qtlf9pytuba6qb4j6hqr0dd6l3v8b9b2ib42s.png 330w, https:\/\/sustagri.eu\/wp-content\/uploads\/2023\/10\/little-plant.png 800w\" sizes=\"(max-width: 500px) 100vw, 500px\" \/><\/div>\t\t\t\t<\/div>\n\t\t\t\t<\/div>\n\t\t\t\t\t<\/div>\n\t\t<\/div>\n\t\t\t\t<div class=\"elementor-column elementor-col-50 elementor-top-column elementor-element elementor-element-4d2ed7d\" data-id=\"4d2ed7d\" data-element_type=\"column\" data-e-type=\"column\">\n\t\t\t<div class=\"elementor-widget-wrap elementor-element-populated\">\n\t\t\t\t\t\t<div class=\"elementor-element elementor-element-9ecc1d7 agrikon-transform transform-type-translate elementor-widget elementor-widget-heading\" data-id=\"9ecc1d7\" data-element_type=\"widget\" data-e-type=\"widget\" data-widget_type=\"heading.default\">\n\t\t\t\t<div class=\"elementor-widget-container\">\n\t\t\t\t\t<h3 class=\"elementor-heading-title elementor-size-default\">Benvenuti al SUSTAGRI4.0 E-Course sul marketing digitale per l'agricoltura sostenibile!<\/h3>\t\t\t\t<\/div>\n\t\t\t\t<\/div>\n\t\t\t\t<div class=\"elementor-element elementor-element-63e6375 agrikon-transform transform-type-translate elementor-widget elementor-widget-heading\" data-id=\"63e6375\" data-element_type=\"widget\" data-e-type=\"widget\" data-widget_type=\"heading.default\">\n\t\t\t\t<div class=\"elementor-widget-container\">\n\t\t\t\t\t<p class=\"elementor-heading-title elementor-size-default\">Questo corso completo \u00e8 progettato per fornire risorse di apprendimento pratico che supportano lo sviluppo professionale di giovani produttori locali su piccola scala e proprietari di aziende agricole. L'obiettivo principale \u00e8 quello di responsabilizzare i partecipanti fornendo loro preziose conoscenze e strumenti per sviluppare abilit\u00e0 e competenze chiave per eccellere nel marketing digitale, trasformando l'agricoltura come stile di vita in agricoltura come attivit\u00e0 sostenibile e rispettosa dell'ambiente.<\/p>\t\t\t\t<\/div>\n\t\t\t\t<\/div>\n\t\t\t\t\t<\/div>\n\t\t<\/div>\n\t\t\t\t\t<\/div>\n\t\t<\/div>\n\t\t\t\t<div class=\"elementor-section elementor-top-section elementor-element elementor-element-67088c6 nt-section section-padding elementor-section-boxed elementor-section-height-default elementor-section-height-default nt-section-ripped-bottom ripped-bottom-no\" data-id=\"67088c6\" data-element_type=\"section\" data-e-type=\"section\">\n\t\t\t\t\t\t<div class=\"elementor-container elementor-column-gap-no\">\n\t\t\t\t\t<div class=\"elementor-column elementor-col-50 elementor-top-column elementor-element elementor-element-a4e714b\" data-id=\"a4e714b\" data-element_type=\"column\" data-e-type=\"column\">\n\t\t\t<div class=\"elementor-widget-wrap elementor-element-populated\">\n\t\t\t\t\t\t<div class=\"elementor-element elementor-element-6d4e8d4 agrikon-transform transform-type-translate elementor-widget elementor-widget-heading\" data-id=\"6d4e8d4\" data-element_type=\"widget\" data-e-type=\"widget\" data-widget_type=\"heading.default\">\n\t\t\t\t<div class=\"elementor-widget-container\">\n\t\t\t\t\t<h2 class=\"elementor-heading-title elementor-size-default\">SUSTAGRI4.0 Obiettivi dei corsi elettronici<\/h2>\t\t\t\t<\/div>\n\t\t\t\t<\/div>\n\t\t\t\t<div class=\"elementor-element elementor-element-b521cfc agrikon-transform transform-type-translate elementor-widget elementor-widget-heading\" data-id=\"b521cfc\" data-element_type=\"widget\" data-e-type=\"widget\" data-widget_type=\"heading.default\">\n\t\t\t\t<div class=\"elementor-widget-container\">\n\t\t\t\t\t<h3 class=\"elementor-heading-title elementor-size-default\">O1<\/h3>\t\t\t\t<\/div>\n\t\t\t\t<\/div>\n\t\t\t\t<div class=\"elementor-element elementor-element-2c9f23e agrikon-transform transform-type-translate elementor-widget elementor-widget-heading\" data-id=\"2c9f23e\" data-element_type=\"widget\" data-e-type=\"widget\" data-widget_type=\"heading.default\">\n\t\t\t\t<div class=\"elementor-widget-container\">\n\t\t\t\t\t<p class=\"elementor-heading-title elementor-size-default\">Aiuta gli agricoltori locali e le aziende agricole sostenibili a conoscere il marketing e il branding online.<\/p>\t\t\t\t<\/div>\n\t\t\t\t<\/div>\n\t\t\t\t<div class=\"elementor-element elementor-element-393511f agrikon-transform transform-type-translate elementor-widget elementor-widget-heading\" data-id=\"393511f\" data-element_type=\"widget\" data-e-type=\"widget\" data-widget_type=\"heading.default\">\n\t\t\t\t<div class=\"elementor-widget-container\">\n\t\t\t\t\t<p class=\"elementor-heading-title elementor-size-default\">Insegnare agli agricoltori e ai proprietari di aziende agricole come utilizzare Internet per promuovere i loro prodotti e connettersi con clienti esistenti e nuovi concentrandosi sulle tecniche di marketing digitale per il settore agricolo, nonch\u00e9 sugli elementi essenziali per creare una storia. <\/p>\t\t\t\t<\/div>\n\t\t\t\t<\/div>\n\t\t\t\t<div class=\"elementor-element elementor-element-799adb2 agrikon-transform transform-type-translate elementor-widget elementor-widget-heading\" data-id=\"799adb2\" data-element_type=\"widget\" data-e-type=\"widget\" data-widget_type=\"heading.default\">\n\t\t\t\t<div class=\"elementor-widget-container\">\n\t\t\t\t\t<h3 class=\"elementor-heading-title elementor-size-default\">O2<\/h3>\t\t\t\t<\/div>\n\t\t\t\t<\/div>\n\t\t\t\t<div class=\"elementor-element elementor-element-c3da7fe agrikon-transform transform-type-translate elementor-widget elementor-widget-heading\" data-id=\"c3da7fe\" data-element_type=\"widget\" data-e-type=\"widget\" data-widget_type=\"heading.default\">\n\t\t\t\t<div class=\"elementor-widget-container\">\n\t\t\t\t\t<p class=\"elementor-heading-title elementor-size-default\">Aiuta gli studenti di agricoltura, gli agricoltori e le imprese agricole a comprendere l'agricoltura 4.0 e la digitalizzazione.<\/p>\t\t\t\t<\/div>\n\t\t\t\t<\/div>\n\t\t\t\t<div class=\"elementor-element elementor-element-a9fc7fe agrikon-transform transform-type-translate elementor-widget elementor-widget-heading\" data-id=\"a9fc7fe\" data-element_type=\"widget\" data-e-type=\"widget\" data-widget_type=\"heading.default\">\n\t\t\t\t<div class=\"elementor-widget-container\">\n\t\t\t\t\t<p class=\"elementor-heading-title elementor-size-default\">Condividere competenze e conoscenze che forniranno una comprensione approfondita degli attuali cambiamenti nel settore agricolo per una maggiore adozione di tecnologie avanzate verso pratiche agricole sostenibili, oltre a fornire un quadro per comprendere la digitalizzazione e iniziare ad adottare gli strumenti necessari per condurre affari sostenibili e prendere decisioni migliori. <\/p>\t\t\t\t<\/div>\n\t\t\t\t<\/div>\n\t\t\t\t<div class=\"elementor-element elementor-element-d99ac64 agrikon-transform transform-type-translate elementor-widget elementor-widget-heading\" data-id=\"d99ac64\" data-element_type=\"widget\" data-e-type=\"widget\" data-widget_type=\"heading.default\">\n\t\t\t\t<div class=\"elementor-widget-container\">\n\t\t\t\t\t<h3 class=\"elementor-heading-title elementor-size-default\">O3<\/h3>\t\t\t\t<\/div>\n\t\t\t\t<\/div>\n\t\t\t\t<div class=\"elementor-element elementor-element-c323610 agrikon-transform transform-type-translate elementor-widget elementor-widget-heading\" data-id=\"c323610\" data-element_type=\"widget\" data-e-type=\"widget\" data-widget_type=\"heading.default\">\n\t\t\t\t<div class=\"elementor-widget-container\">\n\t\t\t\t\t<p class=\"elementor-heading-title elementor-size-default\">Fornire agli imprenditori alimentari e agroalimentari nuovi ed esperti informazioni di base sulle pratiche sostenibili.<\/p>\t\t\t\t<\/div>\n\t\t\t\t<\/div>\n\t\t\t\t<div class=\"elementor-element elementor-element-9c618d9 agrikon-transform transform-type-translate elementor-widget elementor-widget-heading\" data-id=\"9c618d9\" data-element_type=\"widget\" data-e-type=\"widget\" data-widget_type=\"heading.default\">\n\t\t\t\t<div class=\"elementor-widget-container\">\n\t\t\t\t\t<p class=\"elementor-heading-title elementor-size-default\">\u00c8 fondamentale comprendere le tendenze dei consumatori e i valori sostenibili nella produzione alimentare, nonch\u00e9 l'impatto ambientale della produzione agroalimentare. \u00c8 essenziale trovare modi migliori per gestire i rifiuti, compresi i rifiuti idrici, e sfruttare l'economia circolare per migliorare la sostenibilit\u00e0 nelle imprese.<\/p>\t\t\t\t<\/div>\n\t\t\t\t<\/div>\n\t\t\t\t<div class=\"elementor-element elementor-element-be897e2 agrikon-transform transform-type-translate elementor-widget elementor-widget-heading\" data-id=\"be897e2\" data-element_type=\"widget\" data-e-type=\"widget\" data-widget_type=\"heading.default\">\n\t\t\t\t<div class=\"elementor-widget-container\">\n\t\t\t\t\t<h3 class=\"elementor-heading-title elementor-size-default\">O4<\/h3>\t\t\t\t<\/div>\n\t\t\t\t<\/div>\n\t\t\t\t<div class=\"elementor-element elementor-element-2b1a1b6 agrikon-transform transform-type-translate elementor-widget elementor-widget-heading\" data-id=\"2b1a1b6\" data-element_type=\"widget\" data-e-type=\"widget\" data-widget_type=\"heading.default\">\n\t\t\t\t<div class=\"elementor-widget-container\">\n\t\t\t\t\t<p class=\"elementor-heading-title elementor-size-default\">Fornire ai formatori dell'IFP contenuti facilmente accessibili e pertinenti per coinvolgere gli studenti di agricoltura e contribuire a rafforzare la loro fiducia nelle competenze digitali e di marketing. <\/p>\t\t\t\t<\/div>\n\t\t\t\t<\/div>\n\t\t\t\t<div class=\"elementor-element elementor-element-9fe15b3 agrikon-transform transform-type-translate elementor-widget elementor-widget-heading\" data-id=\"9fe15b3\" data-element_type=\"widget\" data-e-type=\"widget\" data-widget_type=\"heading.default\">\n\t\t\t\t<div class=\"elementor-widget-container\">\n\t\t\t\t\t<p class=\"elementor-heading-title elementor-size-default\">Fornire agli insegnanti \/ formatori contenuti sui temi urgenti e le sfide affrontate oggi, in particolare nel settore agricolo.<\/p>\t\t\t\t<\/div>\n\t\t\t\t<\/div>\n\t\t\t\t\t<\/div>\n\t\t<\/div>\n\t\t\t\t<div class=\"elementor-column elementor-col-50 elementor-top-column elementor-element elementor-element-ebf14aa\" data-id=\"ebf14aa\" data-element_type=\"column\" data-e-type=\"column\">\n\t\t\t<div class=\"elementor-widget-wrap elementor-element-populated\">\n\t\t\t\t\t\t<div class=\"elementor-element elementor-element-bd15610 elementor-widget elementor-widget-image\" data-id=\"bd15610\" data-element_type=\"widget\" data-e-type=\"widget\" data-widget_type=\"image.default\">\n\t\t\t\t<div class=\"elementor-widget-container\">\n\t\t\t\t\t\t\t\t\t\t\t\t\t\t\t<img decoding=\"async\" width=\"500\" height=\"449\" src=\"https:\/\/sustagri.eu\/wp-content\/uploads\/2023\/10\/image-100.png\" class=\"attachment-full size-full wp-image-6043\" alt=\"\" srcset=\"https:\/\/sustagri.eu\/wp-content\/uploads\/2023\/10\/image-100.png 500w, https:\/\/sustagri.eu\/wp-content\/uploads\/2023\/10\/image-100-300x269.png 300w\" sizes=\"(max-width: 500px) 100vw, 500px\" \/>\t\t\t\t\t\t\t\t\t\t\t\t\t\t\t<\/div>\n\t\t\t\t<\/div>\n\t\t\t\t\t<\/div>\n\t\t<\/div>\n\t\t\t\t\t<\/div>\n\t\t<\/div>\n\t\t\t\t<section class=\"elementor-section elementor-top-section elementor-element elementor-element-4c1b9a21 elementor-section-content-middle elementor-section-boxed elementor-section-height-default elementor-section-height-default nt-section-ripped-top ripped-top-no nt-section-ripped-bottom ripped-bottom-no\" data-id=\"4c1b9a21\" data-element_type=\"section\" data-e-type=\"section\" id=\"milestones\">\n\t\t\t\t\t\t<div class=\"elementor-container elementor-column-gap-no\">\n\t\t\t\t\t<div class=\"elementor-column elementor-col-100 elementor-top-column elementor-element elementor-element-6eaf0f33\" data-id=\"6eaf0f33\" data-element_type=\"column\" data-e-type=\"column\">\n\t\t\t<div class=\"elementor-widget-wrap elementor-element-populated\">\n\t\t\t\t\t\t<div class=\"elementor-element elementor-element-7a28594a agrikon-transform transform-type-translate elementor-widget elementor-widget-heading\" data-id=\"7a28594a\" data-element_type=\"widget\" data-e-type=\"widget\" data-widget_type=\"heading.default\">\n\t\t\t\t<div class=\"elementor-widget-container\">\n\t\t\t\t\t<h2 class=\"elementor-heading-title elementor-size-default\">Guarda ora il video introduttivo per capire meglio la SUSTAGRI 4.0<br>E-Course e come interagire con i moduli: <\/h2>\t\t\t\t<\/div>\n\t\t\t\t<\/div>\n\t\t\t\t\t<\/div>\n\t\t<\/div>\n\t\t\t\t\t<\/div>\n\t\t<\/section>\n\t\t\t\t<section class=\"elementor-section elementor-top-section elementor-element elementor-element-1bf9283 elementor-section-boxed elementor-section-height-default elementor-section-height-default nt-section-ripped-top ripped-top-no nt-section-ripped-bottom ripped-bottom-no\" data-id=\"1bf9283\" data-element_type=\"section\" data-e-type=\"section\">\n\t\t\t\t\t\t<div class=\"elementor-container elementor-column-gap-default\">\n\t\t\t\t\t<div class=\"elementor-column elementor-col-100 elementor-top-column elementor-element elementor-element-a040b25\" data-id=\"a040b25\" data-element_type=\"column\" data-e-type=\"column\">\n\t\t\t<div class=\"elementor-widget-wrap elementor-element-populated\">\n\t\t\t\t\t\t<div class=\"elementor-element elementor-element-5e8f52f elementor-widget elementor-widget-video\" data-id=\"5e8f52f\" data-element_type=\"widget\" data-e-type=\"widget\" data-settings=\"{&quot;youtube_url&quot;:&quot;https:\\\/\\\/www.youtube.com\\\/watch?v=7IulI4AuQoI&quot;,&quot;video_type&quot;:&quot;youtube&quot;,&quot;controls&quot;:&quot;yes&quot;}\" data-widget_type=\"video.default\">\n\t\t\t\t<div class=\"elementor-widget-container\">\n\t\t\t\t\t\t\t<div class=\"elementor-wrapper elementor-open-inline\">\n\t\t\t<div class=\"elementor-video\"><\/div>\t\t<\/div>\n\t\t\t\t\t\t<\/div>\n\t\t\t\t<\/div>\n\t\t\t\t\t<\/div>\n\t\t<\/div>\n\t\t\t\t\t<\/div>\n\t\t<\/section>\n\t\t\t\t<section class=\"elementor-section elementor-top-section elementor-element elementor-element-e679fdc elementor-section-boxed elementor-section-height-default elementor-section-height-default nt-section-ripped-top ripped-top-no nt-section-ripped-bottom ripped-bottom-no\" data-id=\"e679fdc\" data-element_type=\"section\" data-e-type=\"section\">\n\t\t\t\t\t\t<div class=\"elementor-container elementor-column-gap-default\">\n\t\t\t\t\t<div class=\"elementor-column elementor-col-100 elementor-top-column elementor-element elementor-element-d7ecf8d\" data-id=\"d7ecf8d\" data-element_type=\"column\" data-e-type=\"column\">\n\t\t\t<div class=\"elementor-widget-wrap elementor-element-populated\">\n\t\t\t\t\t\t<div class=\"elementor-element elementor-element-751d331 agrikon-transform transform-type-translate elementor-widget elementor-widget-heading\" data-id=\"751d331\" data-element_type=\"widget\" data-e-type=\"widget\" data-widget_type=\"heading.default\">\n\t\t\t\t<div class=\"elementor-widget-container\">\n\t\t\t\t\t<h2 class=\"elementor-heading-title elementor-size-default\">Controlla ora tutti i moduli<\/h2>\t\t\t\t<\/div>\n\t\t\t\t<\/div>\n\t\t\t\t<div class=\"elementor-element elementor-element-7fc12e0 elementor-align-center elementor-widget elementor-widget-button\" data-id=\"7fc12e0\" data-element_type=\"widget\" data-e-type=\"widget\" data-widget_type=\"button.default\">\n\t\t\t\t<div class=\"elementor-widget-container\">\n\t\t\t\t\t\t\t\t\t<div class=\"elementor-button-wrapper\">\n\t\t\t\t\t<a class=\"elementor-button elementor-button-link elementor-size-sm\" href=\"https:\/\/sustagri.eu\/it\/learn\/#modules\/\">\n\t\t\t\t\t\t<span class=\"elementor-button-content-wrapper\">\n\t\t\t\t\t\t\t\t\t<span class=\"elementor-button-text\">Clicca qui<\/span>\n\t\t\t\t\t<\/span>\n\t\t\t\t\t<\/a>\n\t\t\t\t<\/div>\n\t\t\t\t\t\t\t\t<\/div>\n\t\t\t\t<\/div>\n\t\t\t\t\t<\/div>\n\t\t<\/div>\n\t\t\t\t\t<\/div>\n\t\t<\/section>\n\t\t\t\t<\/div>","protected":false},"excerpt":{"rendered":"<p>Home SUSTAGRI4.0 E-Course Benvenuti al SUSTAGRI4.0 E-Course sul marketing digitale per un'agricoltura sostenibile! Questo corso completo \u00e8 progettato per fornire risorse pratiche di apprendimento che supportano lo sviluppo professionale di giovani produttori locali su piccola scala e imprenditori agricoli. L'obiettivo principale \u00e8 quello di responsabilizzare i partecipanti fornendo loro preziose conoscenze e strumenti per sviluppare...<\/p>","protected":false},"author":10,"featured_media":0,"parent":0,"menu_order":0,"comment_status":"closed","ping_status":"closed","template":"","meta":{"footnotes":""},"class_list":{"0":"post-5977","1":"page","2":"type-page","3":"status-publish","4":"hentry","5":"nt-post-class","6":"","8":"thumb-none","10":"excerpt-none"},"_links":{"self":[{"href":"https:\/\/sustagri.eu\/it\/wp-json\/wp\/v2\/pages\/5977","targetHints":{"allow":["GET"]}}],"collection":[{"href":"https:\/\/sustagri.eu\/it\/wp-json\/wp\/v2\/pages"}],"about":[{"href":"https:\/\/sustagri.eu\/it\/wp-json\/wp\/v2\/types\/page"}],"author":[{"embeddable":true,"href":"https:\/\/sustagri.eu\/it\/wp-json\/wp\/v2\/users\/10"}],"replies":[{"embeddable":true,"href":"https:\/\/sustagri.eu\/it\/wp-json\/wp\/v2\/comments?post=5977"}],"version-history":[{"count":5,"href":"https:\/\/sustagri.eu\/it\/wp-json\/wp\/v2\/pages\/5977\/revisions"}],"predecessor-version":[{"id":7087,"href":"https:\/\/sustagri.eu\/it\/wp-json\/wp\/v2\/pages\/5977\/revisions\/7087"}],"wp:attachment":[{"href":"https:\/\/sustagri.eu\/it\/wp-json\/wp\/v2\/media?parent=5977"}],"curies":[{"name":"wp","href":"https:\/\/api.w.org\/{rel}","templated":true}]}}