{"id":5734,"date":"2022-10-24T14:42:07","date_gmt":"2022-10-24T14:42:07","guid":{"rendered":"https:\/\/sustagri.eu\/?page_id=5734"},"modified":"2024-11-28T09:05:37","modified_gmt":"2024-11-28T09:05:37","slug":"focus-groups-quality-culture","status":"publish","type":"page","link":"https:\/\/sustagri.eu\/it\/focus-groups-quality-culture\/","title":{"rendered":"Focus Group Cultura della Qualit\u00e0"},"content":{"rendered":"<h2 class=\"has-text-color wp-block-heading\" style=\"color: #004123;\">Focus Group Cultura della Qualit\u00e0<\/h2>\r\n\r\n\r\n\r\n<h5 class=\"wp-block-heading\"><em>ottobre 2022<\/em><\/h5>\r\n\r\n\r\n<figure class=\"wp-block-post-featured-image\"><img fetchpriority=\"high\" decoding=\"async\" width=\"983\" height=\"561\" src=\"https:\/\/sustagri.eu\/wp-content\/uploads\/2022\/10\/FG7.jpeg\" class=\"attachment-post-thumbnail size-post-thumbnail wp-post-image\" alt=\"\" style=\"object-fit:cover;\" srcset=\"https:\/\/sustagri.eu\/wp-content\/uploads\/2022\/10\/FG7.jpeg 983w, https:\/\/sustagri.eu\/wp-content\/uploads\/2022\/10\/FG7-300x171.jpeg 300w, https:\/\/sustagri.eu\/wp-content\/uploads\/2022\/10\/FG7-768x438.jpeg 768w\" sizes=\"(max-width: 983px) 100vw, 983px\" \/><\/figure>\r\n\r\n\r\n<div class=\"wp-block-spacer\" style=\"height: 20px;\" aria-hidden=\"true\">\u00a0<\/div>\r\n\r\n\r\n\r\n<p>Il focus group 1 in Italia si \u00e8 svolto online (Teams) e ha coinvolto 4 professionisti del settore VET che operano in diversi settori, vale a dire agricoltura, digitalizzazione e scienze naturali. Lo scambio di diversi punti di vista \u00e8 stato verificato come un aspetto positivo della discussione, poich\u00e9 i pareri e le competenze erano vari e diversificati, il che ha portato a un focus group interessante e sfaccettato.<\/p>\r\n\r\n\r\n\r\n<p>Il focus group \u00e8 stato utilizzato come occasione per dare visibilit\u00e0 al progetto Sust@gri 4.0: sono state presentate le opportunit\u00e0 passate, attuali e future e sono stati raccolti i riscontri positivi dei partecipanti.<\/p>\r\n\r\n\r\n\r\n<p>La discussione \u00e8 stata guidata attraverso l'uso di strumenti interattivi online, specificamente indicati per attivit\u00e0 di brainstorming e visualizzazione di idee \u2013 in particolare, le percezioni sulla sostenibilit\u00e0 sono state raccolte in una nuvola di parole condivise e sono state utilizzate lavagne interattive per attivit\u00e0 che implicano la condivisione di idee e opinioni.<\/p>\r\n\r\n\r\n\r\n<p>Il focus group \u00e8 stato diretto dalla dott.ssa Laura Salvago de Gennaro come facilitatrice e dal dott. \u00c8 durato 3 ore, seguendo il programma fornito.<\/p>\r\n\r\n\r\n\r\n<p>&nbsp;<\/p>\r\n\r\n\r\n\r\n<figure class=\"wp-block-gallery has-nested-images columns-default is-cropped wp-block-gallery-1 is-layout-flex wp-block-gallery-is-layout-flex\">\r\n<figure class=\"wp-block-image size-large\"><img decoding=\"async\" width=\"997\" height=\"563\" data-id=\"5736\" class=\"wp-image-5736\" src=\"https:\/\/sustagri.eu\/wp-content\/uploads\/2022\/10\/FG1.jpg\" alt=\"\" srcset=\"https:\/\/sustagri.eu\/wp-content\/uploads\/2022\/10\/FG1.jpg 997w, https:\/\/sustagri.eu\/wp-content\/uploads\/2022\/10\/FG1-300x169.jpg 300w, https:\/\/sustagri.eu\/wp-content\/uploads\/2022\/10\/FG1-768x434.jpg 768w\" sizes=\"(max-width: 997px) 100vw, 997px\" \/><\/figure>\r\n\r\n\r\n\r\n<figure class=\"wp-block-image size-large\"><img decoding=\"async\" width=\"998\" height=\"555\" data-id=\"5737\" class=\"wp-image-5737\" src=\"https:\/\/sustagri.eu\/wp-content\/uploads\/2022\/10\/FG2.jpg\" alt=\"\" srcset=\"https:\/\/sustagri.eu\/wp-content\/uploads\/2022\/10\/FG2.jpg 998w, https:\/\/sustagri.eu\/wp-content\/uploads\/2022\/10\/FG2-300x167.jpg 300w, https:\/\/sustagri.eu\/wp-content\/uploads\/2022\/10\/FG2-768x427.jpg 768w\" sizes=\"(max-width: 998px) 100vw, 998px\" \/><\/figure>\r\n\r\n\r\n\r\n<figure class=\"wp-block-image size-large\"><img loading=\"lazy\" decoding=\"async\" width=\"923\" height=\"521\" data-id=\"5738\" class=\"wp-image-5738\" src=\"https:\/\/sustagri.eu\/wp-content\/uploads\/2022\/10\/FG3.jpg\" alt=\"\" srcset=\"https:\/\/sustagri.eu\/wp-content\/uploads\/2022\/10\/FG3.jpg 923w, https:\/\/sustagri.eu\/wp-content\/uploads\/2022\/10\/FG3-300x169.jpg 300w, https:\/\/sustagri.eu\/wp-content\/uploads\/2022\/10\/FG3-768x434.jpg 768w\" sizes=\"(max-width: 923px) 100vw, 923px\" \/><\/figure>\r\n\r\n\r\n\r\n<figure class=\"wp-block-image size-large\"><img loading=\"lazy\" decoding=\"async\" width=\"1002\" height=\"546\" data-id=\"5739\" class=\"wp-image-5739\" src=\"https:\/\/sustagri.eu\/wp-content\/uploads\/2022\/10\/FG4.jpg\" alt=\"\" srcset=\"https:\/\/sustagri.eu\/wp-content\/uploads\/2022\/10\/FG4.jpg 1002w, https:\/\/sustagri.eu\/wp-content\/uploads\/2022\/10\/FG4-300x163.jpg 300w, https:\/\/sustagri.eu\/wp-content\/uploads\/2022\/10\/FG4-768x418.jpg 768w\" sizes=\"(max-width: 1002px) 100vw, 1002px\" \/><\/figure>\r\n\r\n\r\n\r\n<figure class=\"wp-block-image size-large\"><img loading=\"lazy\" decoding=\"async\" width=\"1378\" height=\"737\" data-id=\"5740\" class=\"wp-image-5740\" src=\"https:\/\/sustagri.eu\/wp-content\/uploads\/2022\/10\/FG5.jpg\" alt=\"\" srcset=\"https:\/\/sustagri.eu\/wp-content\/uploads\/2022\/10\/FG5.jpg 1378w, https:\/\/sustagri.eu\/wp-content\/uploads\/2022\/10\/FG5-300x160.jpg 300w, https:\/\/sustagri.eu\/wp-content\/uploads\/2022\/10\/FG5-1024x548.jpg 1024w, https:\/\/sustagri.eu\/wp-content\/uploads\/2022\/10\/FG5-768x411.jpg 768w\" sizes=\"(max-width: 1378px) 100vw, 1378px\" \/><\/figure>\r\n\r\n\r\n\r\n<figure class=\"wp-block-image size-large\"><img loading=\"lazy\" decoding=\"async\" width=\"1015\" height=\"485\" data-id=\"5741\" class=\"wp-image-5741\" src=\"https:\/\/sustagri.eu\/wp-content\/uploads\/2022\/10\/FG6.jpg\" alt=\"\" srcset=\"https:\/\/sustagri.eu\/wp-content\/uploads\/2022\/10\/FG6.jpg 1015w, https:\/\/sustagri.eu\/wp-content\/uploads\/2022\/10\/FG6-300x143.jpg 300w, https:\/\/sustagri.eu\/wp-content\/uploads\/2022\/10\/FG6-768x367.jpg 768w\" sizes=\"(max-width: 1015px) 100vw, 1015px\" \/><\/figure>\r\n\r\n\r\n\r\n<figure class=\"wp-block-image size-large\"><img loading=\"lazy\" decoding=\"async\" width=\"983\" height=\"561\" data-id=\"5742\" class=\"wp-image-5742\" src=\"https:\/\/sustagri.eu\/wp-content\/uploads\/2022\/10\/FG7.jpg\" alt=\"\" srcset=\"https:\/\/sustagri.eu\/wp-content\/uploads\/2022\/10\/FG7.jpg 983w, https:\/\/sustagri.eu\/wp-content\/uploads\/2022\/10\/FG7-300x171.jpg 300w, https:\/\/sustagri.eu\/wp-content\/uploads\/2022\/10\/FG7-768x438.jpg 768w\" sizes=\"(max-width: 983px) 100vw, 983px\" \/><\/figure>\r\n<\/figure>","protected":false},"excerpt":{"rendered":"<p>Ottobre 2022 Il Focus group 1 in Italia si \u00e8 svolto online (Teams) e ha coinvolto 4 professionisti del settore dell'IFP che operano in diversi settori, vale a dire agricoltura, digitalizzazione e scienze naturali. Lo scambio di diversi punti di vista \u00e8 stato verificato come un aspetto positivo della discussione, dal momento che opinioni e know-how erano vari...<\/p>","protected":false},"author":3,"featured_media":5730,"parent":0,"menu_order":0,"comment_status":"closed","ping_status":"closed","template":"","meta":{"footnotes":""},"class_list":{"0":"post-5734","1":"page","2":"type-page","3":"status-publish","4":"has-post-thumbnail","5":"hentry","6":"nt-post-class","7":"","11":"excerpt-none"},"_links":{"self":[{"href":"https:\/\/sustagri.eu\/it\/wp-json\/wp\/v2\/pages\/5734","targetHints":{"allow":["GET"]}}],"collection":[{"href":"https:\/\/sustagri.eu\/it\/wp-json\/wp\/v2\/pages"}],"about":[{"href":"https:\/\/sustagri.eu\/it\/wp-json\/wp\/v2\/types\/page"}],"author":[{"embeddable":true,"href":"https:\/\/sustagri.eu\/it\/wp-json\/wp\/v2\/users\/3"}],"replies":[{"embeddable":true,"href":"https:\/\/sustagri.eu\/it\/wp-json\/wp\/v2\/comments?post=5734"}],"version-history":[{"count":2,"href":"https:\/\/sustagri.eu\/it\/wp-json\/wp\/v2\/pages\/5734\/revisions"}],"predecessor-version":[{"id":7029,"href":"https:\/\/sustagri.eu\/it\/wp-json\/wp\/v2\/pages\/5734\/revisions\/7029"}],"wp:featuredmedia":[{"embeddable":true,"href":"https:\/\/sustagri.eu\/it\/wp-json\/wp\/v2\/media\/5730"}],"wp:attachment":[{"href":"https:\/\/sustagri.eu\/it\/wp-json\/wp\/v2\/media?parent=5734"}],"curies":[{"name":"wp","href":"https:\/\/api.w.org\/{rel}","templated":true}]}}