{"id":5636,"date":"2022-10-14T14:36:25","date_gmt":"2022-10-14T14:36:25","guid":{"rendered":"https:\/\/sustagri.eu\/?page_id=5636"},"modified":"2024-11-28T09:08:00","modified_gmt":"2024-11-28T09:08:00","slug":"focus-groups-iagrocert","status":"publish","type":"page","link":"https:\/\/sustagri.eu\/it\/focus-groups-iagrocert\/","title":{"rendered":"Gruppi di riflessione iAgroCert"},"content":{"rendered":"<h2 class=\"has-text-color wp-block-heading\" style=\"color: #004123;\">Gruppi di riflessione iAgroCert<\/h2>\r\n\r\n\r\n\r\n<h5 class=\"wp-block-heading\"><em>Settembre 2022<\/em><\/h5>\r\n\r\n\r\n<figure class=\"wp-block-post-featured-image\"><img fetchpriority=\"high\" decoding=\"async\" width=\"2000\" height=\"1388\" src=\"https:\/\/sustagri.eu\/wp-content\/uploads\/2022\/10\/IMG_2738-scaled.jpeg\" class=\"attachment-post-thumbnail size-post-thumbnail wp-post-image\" alt=\"\" style=\"object-fit:cover;\" srcset=\"https:\/\/sustagri.eu\/wp-content\/uploads\/2022\/10\/IMG_2738-scaled.jpeg 2000w, https:\/\/sustagri.eu\/wp-content\/uploads\/2022\/10\/IMG_2738-300x208.jpeg 300w, https:\/\/sustagri.eu\/wp-content\/uploads\/2022\/10\/IMG_2738-1024x711.jpeg 1024w, https:\/\/sustagri.eu\/wp-content\/uploads\/2022\/10\/IMG_2738-768x533.jpeg 768w, https:\/\/sustagri.eu\/wp-content\/uploads\/2022\/10\/IMG_2738-1536x1066.jpeg 1536w, https:\/\/sustagri.eu\/wp-content\/uploads\/2022\/10\/IMG_2738-2048x1421.jpeg 2048w\" sizes=\"(max-width: 2000px) 100vw, 2000px\" \/><\/figure>\r\n\r\n\r\n<div class=\"wp-block-spacer\" style=\"height: 20px;\" aria-hidden=\"true\">\u00a0<\/div>\r\n\r\n\r\n\r\n<p>Il primo focus group del progetto SustAgri 4.0 si \u00e8 svolto presso la cooperativa agricola KOSMOS vicino a Veroia. Veroia \u00e8 una piccola ma bella citt\u00e0 nella parte settentrionale della Grecia, i cui abitanti sono principalmente attivi nel settore agricolo. Il focus group \u00e8 stato condotto dallo staff di iAgroCert. I partecipanti invitati erano 5 persone, tutte del settore agricolo e di et\u00e0 compresa tra 38 e 55 anni. Tutti i partecipanti hanno indicato che il loro campo \u00e8 altamente responsabile della sostenibilit\u00e0. Hanno indicato che stanno cercando di implementare metodi tecnologici innovativi per ridurre l'uso di sostanze chimiche e rifiuti nella loro produzione. Tre dei partecipanti hanno gi\u00e0 utilizzato app per la produzione agricola o aggiornato le loro attrezzature con nuovi metodi tecnologici. Il presidente della cooperativa ci ha anche detto che sta cercando di fare alcuni passi nel marketing digitale e farlo attraverso canali digitali come Facebook. Pur non disponendo di un piano strategico specifico, crea egli stesso materiale attraverso il suo smartphone, che pubblica sul profilo della cooperativa. Gli altri ospiti, che lavorano nel settore agroalimentare, seguono in gran parte lo stesso schema, ma vogliono evolversi e sfruttare maggiormente le opportunit\u00e0 offerte dai nuovi strumenti senza essere lasciati indietro dalla nuova generazione esperta di tecnologia. Solo un partecipante conosce alcuni strumenti digitali ma non li usa e limita la sua acquisizione del cliente al passaparola. I partecipanti sono stati molto entusiasti del lavoro svolto nel progetto SustAgri 4.0 e attendono con grande piacere i risultati del progetto in modo che possano applicarli nel loro lavoro.<\/p>\r\n\r\n\r\n\r\n<p>&nbsp;<\/p>\r\n\r\n\r\n\r\n<figure class=\"wp-block-video\"><video style=\"aspect-ratio: 568 \/ 320;\" src=\"https:\/\/sustagri.eu\/wp-content\/uploads\/2022\/10\/video_FG1.mp4\" controls=\"controls\" width=\"568\" height=\"320\"><\/video><\/figure>","protected":false},"excerpt":{"rendered":"<p>iAgroCert Settembre 2022 Il primo focus group del progetto SustAgri 4.0 si \u00e8 svolto presso la cooperativa agricola KOSMOS vicino a Veroia. Veroia \u00e8 una piccola ma bellissima citt\u00e0 nella parte settentrionale della Grecia, i cui abitanti sono principalmente attivi nel settore agricolo. Il focus group \u00e8 stato condotto dallo staff di iAgroCert. L'invitato...<\/p>","protected":false},"author":3,"featured_media":5593,"parent":0,"menu_order":0,"comment_status":"closed","ping_status":"closed","template":"","meta":{"footnotes":""},"class_list":{"0":"post-5636","1":"page","2":"type-page","3":"status-publish","4":"has-post-thumbnail","5":"hentry","6":"nt-post-class","7":"","11":"excerpt-none"},"_links":{"self":[{"href":"https:\/\/sustagri.eu\/it\/wp-json\/wp\/v2\/pages\/5636","targetHints":{"allow":["GET"]}}],"collection":[{"href":"https:\/\/sustagri.eu\/it\/wp-json\/wp\/v2\/pages"}],"about":[{"href":"https:\/\/sustagri.eu\/it\/wp-json\/wp\/v2\/types\/page"}],"author":[{"embeddable":true,"href":"https:\/\/sustagri.eu\/it\/wp-json\/wp\/v2\/users\/3"}],"replies":[{"embeddable":true,"href":"https:\/\/sustagri.eu\/it\/wp-json\/wp\/v2\/comments?post=5636"}],"version-history":[{"count":5,"href":"https:\/\/sustagri.eu\/it\/wp-json\/wp\/v2\/pages\/5636\/revisions"}],"predecessor-version":[{"id":7030,"href":"https:\/\/sustagri.eu\/it\/wp-json\/wp\/v2\/pages\/5636\/revisions\/7030"}],"wp:featuredmedia":[{"embeddable":true,"href":"https:\/\/sustagri.eu\/it\/wp-json\/wp\/v2\/media\/5593"}],"wp:attachment":[{"href":"https:\/\/sustagri.eu\/it\/wp-json\/wp\/v2\/media?parent=5636"}],"curies":[{"name":"wp","href":"https:\/\/api.w.org\/{rel}","templated":true}]}}