{"id":5623,"date":"2022-10-14T14:35:53","date_gmt":"2022-10-14T14:35:53","guid":{"rendered":"https:\/\/sustagri.eu\/?page_id=5623"},"modified":"2024-11-28T09:08:21","modified_gmt":"2024-11-28T09:08:21","slug":"focus-groups-f6s","status":"publish","type":"page","link":"https:\/\/sustagri.eu\/it\/focus-groups-f6s\/","title":{"rendered":"Gruppi di riflessione F6S"},"content":{"rendered":"<h2 class=\"has-text-color wp-block-heading\" style=\"color: #004123;\">Gruppi di riflessione F6S<\/h2>\r\n\r\n\r\n\r\n<h5 class=\"wp-block-heading\"><em>Settembre 2022<\/em><\/h5>\r\n\r\n\r\n<figure class=\"wp-block-post-featured-image\"><img fetchpriority=\"high\" decoding=\"async\" width=\"1600\" height=\"1200\" src=\"https:\/\/sustagri.eu\/wp-content\/uploads\/2022\/10\/FG01_-VET-Professionals_Group-photo-at-the-end-1-1.jpeg\" class=\"attachment-post-thumbnail size-post-thumbnail wp-post-image\" alt=\"\" style=\"object-fit:cover;\" srcset=\"https:\/\/sustagri.eu\/wp-content\/uploads\/2022\/10\/FG01_-VET-Professionals_Group-photo-at-the-end-1-1.jpeg 1600w, https:\/\/sustagri.eu\/wp-content\/uploads\/2022\/10\/FG01_-VET-Professionals_Group-photo-at-the-end-1-1-300x225.jpeg 300w, https:\/\/sustagri.eu\/wp-content\/uploads\/2022\/10\/FG01_-VET-Professionals_Group-photo-at-the-end-1-1-1024x768.jpeg 1024w, https:\/\/sustagri.eu\/wp-content\/uploads\/2022\/10\/FG01_-VET-Professionals_Group-photo-at-the-end-1-1-768x576.jpeg 768w, https:\/\/sustagri.eu\/wp-content\/uploads\/2022\/10\/FG01_-VET-Professionals_Group-photo-at-the-end-1-1-1536x1152.jpeg 1536w\" sizes=\"(max-width: 1600px) 100vw, 1600px\" \/><\/figure>\r\n\r\n\r\n<div class=\"wp-block-spacer\" style=\"height: 20px;\" aria-hidden=\"true\">\u00a0<\/div>\r\n\r\n\r\n\r\n<p>Un aspetto fondamentale dell'E-Course \u00e8 il suo punto di forza in quanto gratuito e facilmente accessibile. In effetti, molte persone preferirebbero ancora la formazione\/insegnamento in presenza e quindi questo corso elettronico deve essere flessibile per consentire anche l'apprendimento in presenza. Gli agricoltori spesso non capiscono quale tecnologia sia a loro disposizione. Abbiamo bisogno di avere moduli che si concentrano sulla ricerca (online), capire quale tecnologia \u00e8 l\u00e0 fuori e quindi essere in grado di discernere quale tecnologia \u00e8 pi\u00f9 adatta al loro stile di agricoltura e alle loro esigenze. Ci\u00f2 significa che dobbiamo anche affrontare il processo decisionale, come nel modo di prendere le decisioni \"giuste\". Gli agricoltori irlandesi sono molto investiti gli uni negli altri e imparano gli uni dagli altri. L'impegno migliore consiste nell'agevolare gruppi di discussione di persona in cui gli agricoltori possano scambiare informazioni sulle migliori pratiche e giungere insieme a soluzioni. Si teme di perdersi troppo nei social media e quindi di non investire abbastanza nelle interazioni faccia a faccia con i clienti e di gestire correttamente la propria attivit\u00e0\/azienda agricola. Allo stesso tempo, \u00e8 innegabile che i social media abbiano dato spazio al di l\u00e0 dell'ambiente locale e che le transazioni finanziarie siano molto pi\u00f9 facili, trasparenti e snelle. Come ci muoviamo in un mondo digitale e manteniamo ancora il potere della connessione di persona? Questo elemento deve essere preso in considerazione nella piattaforma E-Course e E-Commerce.<\/p>\r\n\r\n\r\n\r\n<p>&nbsp;<\/p>\r\n\r\n\r\n\r\n<figure class=\"wp-block-gallery has-nested-images columns-default is-cropped wp-block-gallery-1 is-layout-flex wp-block-gallery-is-layout-flex\">\r\n<figure class=\"wp-block-image size-large\"><img decoding=\"async\" width=\"1600\" height=\"900\" data-id=\"5615\" class=\"wp-image-5615\" src=\"https:\/\/sustagri.eu\/wp-content\/uploads\/2022\/10\/FG01_-VET-Professionals_During-session.jpeg\" alt=\"\" srcset=\"https:\/\/sustagri.eu\/wp-content\/uploads\/2022\/10\/FG01_-VET-Professionals_During-session.jpeg 1600w, https:\/\/sustagri.eu\/wp-content\/uploads\/2022\/10\/FG01_-VET-Professionals_During-session-300x169.jpeg 300w, https:\/\/sustagri.eu\/wp-content\/uploads\/2022\/10\/FG01_-VET-Professionals_During-session-1024x576.jpeg 1024w, https:\/\/sustagri.eu\/wp-content\/uploads\/2022\/10\/FG01_-VET-Professionals_During-session-768x432.jpeg 768w, https:\/\/sustagri.eu\/wp-content\/uploads\/2022\/10\/FG01_-VET-Professionals_During-session-1536x864.jpeg 1536w\" sizes=\"(max-width: 1600px) 100vw, 1600px\" \/><\/figure>\r\n\r\n\r\n\r\n<figure class=\"wp-block-image size-large\"><img decoding=\"async\" width=\"1600\" height=\"1200\" data-id=\"5616\" class=\"wp-image-5616\" src=\"https:\/\/sustagri.eu\/wp-content\/uploads\/2022\/10\/FG01_-VET-Professionals_Group-photo-at-the-end-1-1.jpeg\" alt=\"\" srcset=\"https:\/\/sustagri.eu\/wp-content\/uploads\/2022\/10\/FG01_-VET-Professionals_Group-photo-at-the-end-1-1.jpeg 1600w, https:\/\/sustagri.eu\/wp-content\/uploads\/2022\/10\/FG01_-VET-Professionals_Group-photo-at-the-end-1-1-300x225.jpeg 300w, https:\/\/sustagri.eu\/wp-content\/uploads\/2022\/10\/FG01_-VET-Professionals_Group-photo-at-the-end-1-1-1024x768.jpeg 1024w, https:\/\/sustagri.eu\/wp-content\/uploads\/2022\/10\/FG01_-VET-Professionals_Group-photo-at-the-end-1-1-768x576.jpeg 768w, https:\/\/sustagri.eu\/wp-content\/uploads\/2022\/10\/FG01_-VET-Professionals_Group-photo-at-the-end-1-1-1536x1152.jpeg 1536w\" sizes=\"(max-width: 1600px) 100vw, 1600px\" \/><\/figure>\r\n\r\n\r\n\r\n<figure class=\"wp-block-image size-large\"><img loading=\"lazy\" decoding=\"async\" width=\"2016\" height=\"1134\" data-id=\"5617\" class=\"wp-image-5617\" src=\"https:\/\/sustagri.eu\/wp-content\/uploads\/2022\/10\/IMG-20220921-WA0001.jpeg\" alt=\"\" srcset=\"https:\/\/sustagri.eu\/wp-content\/uploads\/2022\/10\/IMG-20220921-WA0001.jpeg 2016w, https:\/\/sustagri.eu\/wp-content\/uploads\/2022\/10\/IMG-20220921-WA0001-300x169.jpeg 300w, https:\/\/sustagri.eu\/wp-content\/uploads\/2022\/10\/IMG-20220921-WA0001-1024x576.jpeg 1024w, https:\/\/sustagri.eu\/wp-content\/uploads\/2022\/10\/IMG-20220921-WA0001-768x432.jpeg 768w, https:\/\/sustagri.eu\/wp-content\/uploads\/2022\/10\/IMG-20220921-WA0001-1536x864.jpeg 1536w\" sizes=\"(max-width: 2016px) 100vw, 2016px\" \/><\/figure>\r\n\r\n\r\n\r\n<figure class=\"wp-block-image size-large\"><img loading=\"lazy\" decoding=\"async\" width=\"2016\" height=\"1134\" data-id=\"5618\" class=\"wp-image-5618\" src=\"https:\/\/sustagri.eu\/wp-content\/uploads\/2022\/10\/IMG-20220921-WA0006.jpeg\" alt=\"\" srcset=\"https:\/\/sustagri.eu\/wp-content\/uploads\/2022\/10\/IMG-20220921-WA0006.jpeg 2016w, https:\/\/sustagri.eu\/wp-content\/uploads\/2022\/10\/IMG-20220921-WA0006-300x169.jpeg 300w, https:\/\/sustagri.eu\/wp-content\/uploads\/2022\/10\/IMG-20220921-WA0006-1024x576.jpeg 1024w, https:\/\/sustagri.eu\/wp-content\/uploads\/2022\/10\/IMG-20220921-WA0006-768x432.jpeg 768w, https:\/\/sustagri.eu\/wp-content\/uploads\/2022\/10\/IMG-20220921-WA0006-1536x864.jpeg 1536w\" sizes=\"(max-width: 2016px) 100vw, 2016px\" \/><\/figure>\r\n\r\n\r\n\r\n<figure class=\"wp-block-image size-large\"><img loading=\"lazy\" decoding=\"async\" width=\"2048\" height=\"1536\" data-id=\"5619\" class=\"wp-image-5619\" src=\"https:\/\/sustagri.eu\/wp-content\/uploads\/2022\/10\/IMG-20220926-WA0000.jpeg\" alt=\"\" srcset=\"https:\/\/sustagri.eu\/wp-content\/uploads\/2022\/10\/IMG-20220926-WA0000.jpeg 2048w, https:\/\/sustagri.eu\/wp-content\/uploads\/2022\/10\/IMG-20220926-WA0000-300x225.jpeg 300w, https:\/\/sustagri.eu\/wp-content\/uploads\/2022\/10\/IMG-20220926-WA0000-1024x768.jpeg 1024w, https:\/\/sustagri.eu\/wp-content\/uploads\/2022\/10\/IMG-20220926-WA0000-768x576.jpeg 768w, https:\/\/sustagri.eu\/wp-content\/uploads\/2022\/10\/IMG-20220926-WA0000-1536x1152.jpeg 1536w\" sizes=\"(max-width: 2048px) 100vw, 2048px\" \/><\/figure>\r\n\r\n\r\n\r\n<figure class=\"wp-block-image size-large\"><img loading=\"lazy\" decoding=\"async\" width=\"2048\" height=\"1536\" data-id=\"5620\" class=\"wp-image-5620\" src=\"https:\/\/sustagri.eu\/wp-content\/uploads\/2022\/10\/IMG-20220926-WA0001.jpeg\" alt=\"\" srcset=\"https:\/\/sustagri.eu\/wp-content\/uploads\/2022\/10\/IMG-20220926-WA0001.jpeg 2048w, https:\/\/sustagri.eu\/wp-content\/uploads\/2022\/10\/IMG-20220926-WA0001-300x225.jpeg 300w, https:\/\/sustagri.eu\/wp-content\/uploads\/2022\/10\/IMG-20220926-WA0001-1024x768.jpeg 1024w, https:\/\/sustagri.eu\/wp-content\/uploads\/2022\/10\/IMG-20220926-WA0001-768x576.jpeg 768w, https:\/\/sustagri.eu\/wp-content\/uploads\/2022\/10\/IMG-20220926-WA0001-1536x1152.jpeg 1536w\" sizes=\"(max-width: 2048px) 100vw, 2048px\" \/><\/figure>\r\n\r\n\r\n\r\n<figure class=\"wp-block-image size-large\"><img loading=\"lazy\" decoding=\"async\" width=\"2048\" height=\"1536\" data-id=\"5621\" class=\"wp-image-5621\" src=\"https:\/\/sustagri.eu\/wp-content\/uploads\/2022\/10\/IMG-20220926-WA0002.jpeg\" alt=\"\" srcset=\"https:\/\/sustagri.eu\/wp-content\/uploads\/2022\/10\/IMG-20220926-WA0002.jpeg 2048w, https:\/\/sustagri.eu\/wp-content\/uploads\/2022\/10\/IMG-20220926-WA0002-300x225.jpeg 300w, https:\/\/sustagri.eu\/wp-content\/uploads\/2022\/10\/IMG-20220926-WA0002-1024x768.jpeg 1024w, https:\/\/sustagri.eu\/wp-content\/uploads\/2022\/10\/IMG-20220926-WA0002-768x576.jpeg 768w, https:\/\/sustagri.eu\/wp-content\/uploads\/2022\/10\/IMG-20220926-WA0002-1536x1152.jpeg 1536w\" sizes=\"(max-width: 2048px) 100vw, 2048px\" \/><\/figure>\r\n\r\n\r\n\r\n<figure class=\"wp-block-image size-large\"><img loading=\"lazy\" decoding=\"async\" width=\"2000\" height=\"1500\" data-id=\"5610\" class=\"wp-image-5610\" src=\"https:\/\/sustagri.eu\/wp-content\/uploads\/2022\/10\/20220916_110748-scaled.jpeg\" alt=\"\" srcset=\"https:\/\/sustagri.eu\/wp-content\/uploads\/2022\/10\/20220916_110748-scaled.jpeg 2000w, https:\/\/sustagri.eu\/wp-content\/uploads\/2022\/10\/20220916_110748-300x225.jpeg 300w, https:\/\/sustagri.eu\/wp-content\/uploads\/2022\/10\/20220916_110748-1024x768.jpeg 1024w, https:\/\/sustagri.eu\/wp-content\/uploads\/2022\/10\/20220916_110748-768x576.jpeg 768w, https:\/\/sustagri.eu\/wp-content\/uploads\/2022\/10\/20220916_110748-1536x1152.jpeg 1536w, https:\/\/sustagri.eu\/wp-content\/uploads\/2022\/10\/20220916_110748-2048x1536.jpeg 2048w\" sizes=\"(max-width: 2000px) 100vw, 2000px\" \/><\/figure>\r\n\r\n\r\n\r\n<figure class=\"wp-block-image size-large\"><img loading=\"lazy\" decoding=\"async\" width=\"2000\" height=\"1500\" data-id=\"5611\" class=\"wp-image-5611\" src=\"https:\/\/sustagri.eu\/wp-content\/uploads\/2022\/10\/20220916_110756-scaled.jpeg\" alt=\"\" srcset=\"https:\/\/sustagri.eu\/wp-content\/uploads\/2022\/10\/20220916_110756-scaled.jpeg 2000w, https:\/\/sustagri.eu\/wp-content\/uploads\/2022\/10\/20220916_110756-300x225.jpeg 300w, https:\/\/sustagri.eu\/wp-content\/uploads\/2022\/10\/20220916_110756-1024x768.jpeg 1024w, https:\/\/sustagri.eu\/wp-content\/uploads\/2022\/10\/20220916_110756-768x576.jpeg 768w, https:\/\/sustagri.eu\/wp-content\/uploads\/2022\/10\/20220916_110756-1536x1152.jpeg 1536w, https:\/\/sustagri.eu\/wp-content\/uploads\/2022\/10\/20220916_110756-2048x1536.jpeg 2048w\" sizes=\"(max-width: 2000px) 100vw, 2000px\" \/><\/figure>\r\n\r\n\r\n\r\n<figure class=\"wp-block-image size-large\"><img loading=\"lazy\" decoding=\"async\" width=\"2000\" height=\"1500\" data-id=\"5612\" class=\"wp-image-5612\" src=\"https:\/\/sustagri.eu\/wp-content\/uploads\/2022\/10\/20220916_112240-scaled.jpeg\" alt=\"\" srcset=\"https:\/\/sustagri.eu\/wp-content\/uploads\/2022\/10\/20220916_112240-scaled.jpeg 2000w, https:\/\/sustagri.eu\/wp-content\/uploads\/2022\/10\/20220916_112240-300x225.jpeg 300w, https:\/\/sustagri.eu\/wp-content\/uploads\/2022\/10\/20220916_112240-1024x768.jpeg 1024w, https:\/\/sustagri.eu\/wp-content\/uploads\/2022\/10\/20220916_112240-768x576.jpeg 768w, https:\/\/sustagri.eu\/wp-content\/uploads\/2022\/10\/20220916_112240-1536x1152.jpeg 1536w, https:\/\/sustagri.eu\/wp-content\/uploads\/2022\/10\/20220916_112240-2048x1536.jpeg 2048w\" sizes=\"(max-width: 2000px) 100vw, 2000px\" \/><\/figure>\r\n\r\n\r\n\r\n<figure class=\"wp-block-image size-large\"><img loading=\"lazy\" decoding=\"async\" width=\"2000\" height=\"1500\" data-id=\"5613\" class=\"wp-image-5613\" src=\"https:\/\/sustagri.eu\/wp-content\/uploads\/2022\/10\/20220916_112308-scaled.jpeg\" alt=\"\" srcset=\"https:\/\/sustagri.eu\/wp-content\/uploads\/2022\/10\/20220916_112308-scaled.jpeg 2000w, https:\/\/sustagri.eu\/wp-content\/uploads\/2022\/10\/20220916_112308-300x225.jpeg 300w, https:\/\/sustagri.eu\/wp-content\/uploads\/2022\/10\/20220916_112308-1024x768.jpeg 1024w, https:\/\/sustagri.eu\/wp-content\/uploads\/2022\/10\/20220916_112308-768x576.jpeg 768w, https:\/\/sustagri.eu\/wp-content\/uploads\/2022\/10\/20220916_112308-1536x1152.jpeg 1536w, https:\/\/sustagri.eu\/wp-content\/uploads\/2022\/10\/20220916_112308-2048x1536.jpeg 2048w\" sizes=\"(max-width: 2000px) 100vw, 2000px\" \/><\/figure>\r\n\r\n\r\n\r\n<figure class=\"wp-block-image size-large\"><img loading=\"lazy\" decoding=\"async\" width=\"2016\" height=\"1134\" data-id=\"5614\" class=\"wp-image-5614\" src=\"https:\/\/sustagri.eu\/wp-content\/uploads\/2022\/10\/Farmers-brainstorm.jpeg\" alt=\"\" srcset=\"https:\/\/sustagri.eu\/wp-content\/uploads\/2022\/10\/Farmers-brainstorm.jpeg 2016w, https:\/\/sustagri.eu\/wp-content\/uploads\/2022\/10\/Farmers-brainstorm-300x169.jpeg 300w, https:\/\/sustagri.eu\/wp-content\/uploads\/2022\/10\/Farmers-brainstorm-1024x576.jpeg 1024w, https:\/\/sustagri.eu\/wp-content\/uploads\/2022\/10\/Farmers-brainstorm-768x432.jpeg 768w, https:\/\/sustagri.eu\/wp-content\/uploads\/2022\/10\/Farmers-brainstorm-1536x864.jpeg 1536w\" sizes=\"(max-width: 2016px) 100vw, 2016px\" \/><\/figure>\r\n<\/figure>","protected":false},"excerpt":{"rendered":"<p>Focus Groups F6S Settembre 2022 Un aspetto fondamentale dell'E-Course \u00e8 il suo punto di forza in quanto gratuito e facilmente accessibile. In effetti, molte persone preferirebbero ancora la formazione\/l'insegnamento di persona e quindi questo corso online deve essere flessibile per consentire anche l'apprendimento faccia a faccia. Gli agricoltori spesso non capiscono quale tecnologia siano a loro disposizione. Abbiamo bisogno di...<\/p>","protected":false},"author":3,"featured_media":5616,"parent":0,"menu_order":0,"comment_status":"closed","ping_status":"closed","template":"","meta":{"footnotes":""},"class_list":{"0":"post-5623","1":"page","2":"type-page","3":"status-publish","4":"has-post-thumbnail","5":"hentry","6":"nt-post-class","7":"","11":"excerpt-none"},"_links":{"self":[{"href":"https:\/\/sustagri.eu\/it\/wp-json\/wp\/v2\/pages\/5623","targetHints":{"allow":["GET"]}}],"collection":[{"href":"https:\/\/sustagri.eu\/it\/wp-json\/wp\/v2\/pages"}],"about":[{"href":"https:\/\/sustagri.eu\/it\/wp-json\/wp\/v2\/types\/page"}],"author":[{"embeddable":true,"href":"https:\/\/sustagri.eu\/it\/wp-json\/wp\/v2\/users\/3"}],"replies":[{"embeddable":true,"href":"https:\/\/sustagri.eu\/it\/wp-json\/wp\/v2\/comments?post=5623"}],"version-history":[{"count":4,"href":"https:\/\/sustagri.eu\/it\/wp-json\/wp\/v2\/pages\/5623\/revisions"}],"predecessor-version":[{"id":7031,"href":"https:\/\/sustagri.eu\/it\/wp-json\/wp\/v2\/pages\/5623\/revisions\/7031"}],"wp:featuredmedia":[{"embeddable":true,"href":"https:\/\/sustagri.eu\/it\/wp-json\/wp\/v2\/media\/5616"}],"wp:attachment":[{"href":"https:\/\/sustagri.eu\/it\/wp-json\/wp\/v2\/media?parent=5623"}],"curies":[{"name":"wp","href":"https:\/\/api.w.org\/{rel}","templated":true}]}}