{"id":5596,"date":"2022-10-14T14:39:19","date_gmt":"2022-10-14T14:39:19","guid":{"rendered":"https:\/\/sustagri.eu\/?page_id=5596"},"modified":"2024-11-28T09:08:38","modified_gmt":"2024-11-28T09:08:38","slug":"focus-groups-universitat-de-valencia","status":"publish","type":"page","link":"https:\/\/sustagri.eu\/it\/focus-groups-universitat-de-valencia\/","title":{"rendered":"Focus Groups Universit\u00e0 di Valencia"},"content":{"rendered":"<h2 class=\"has-text-color wp-block-heading\" style=\"color: #004123;\">Focus Groups Universit\u00e0 di Valencia<\/h2>\r\n\r\n\r\n\r\n<h5 class=\"wp-block-heading\"><em>Settembre 2022<\/em><\/h5>\r\n\r\n\r\n<figure class=\"wp-block-post-featured-image\"><img fetchpriority=\"high\" decoding=\"async\" width=\"2000\" height=\"1500\" src=\"https:\/\/sustagri.eu\/wp-content\/uploads\/2022\/10\/Sustagri-Focus-Groups-Spain-FG02-4.jpeg\" class=\"attachment-post-thumbnail size-post-thumbnail wp-post-image\" alt=\"\" style=\"object-fit:cover;\" srcset=\"https:\/\/sustagri.eu\/wp-content\/uploads\/2022\/10\/Sustagri-Focus-Groups-Spain-FG02-4.jpeg 2000w, https:\/\/sustagri.eu\/wp-content\/uploads\/2022\/10\/Sustagri-Focus-Groups-Spain-FG02-4-300x225.jpeg 300w, https:\/\/sustagri.eu\/wp-content\/uploads\/2022\/10\/Sustagri-Focus-Groups-Spain-FG02-4-1024x768.jpeg 1024w, https:\/\/sustagri.eu\/wp-content\/uploads\/2022\/10\/Sustagri-Focus-Groups-Spain-FG02-4-768x576.jpeg 768w, https:\/\/sustagri.eu\/wp-content\/uploads\/2022\/10\/Sustagri-Focus-Groups-Spain-FG02-4-1536x1152.jpeg 1536w\" sizes=\"(max-width: 2000px) 100vw, 2000px\" \/><\/figure>\r\n\r\n\r\n<div class=\"wp-block-spacer\" style=\"height: 20px;\" aria-hidden=\"true\">\u00a0<\/div>\r\n\r\n\r\n\r\n<p>Focus Group 1 in Spagna \u00e8 stato consegnato presso il centro VET IES Vicent Gandia, situato nel comune di Castell\u00f3 de la Ribera, Val\u00e8ncia, una citt\u00e0 la cui economia si basa fondamentalmente sul settore primario, circondata da campi di piantagioni citriche. Il GF era formato da 8 persone, di et\u00e0 compresa tra i 18 e i 45 anni, con esperienza nel settore agricolo, principalmente come agricoltori in campi familiari. Tutte le componenti del FG stavano studiando una laurea in IFP in gestione agricola e paesaggistica al fine di acquisire conoscenze e certificare la loro formazione. La sessione \u00e8 stata guidata dal Dr.Jos\u00e9 Badia, mentre l'osservatore \u00e8 stato il Dr. Amparo Ch\u00e1fer. \u00c8 stata una discussione vivace con partecipanti impegnati, che hanno mostrato le loro preoccupazioni per il settore e le loro esigenze di costruire un futuro migliore per loro e per le loro aziende agroalimentari.<\/p>\r\n\r\n\r\n\r\n<p>Il Focus Group 2 in Spagna \u00e8 stato consegnato presso il centro di IFP IES Josep Segrelles, situato nel comune di Albaida, Val\u00e8ncia, una citt\u00e0, circondata da campi per coltivare semi di vite, mandorle e olive, insieme a una foresta mediterranea, la cui economia combina sia il settore primario che il settore secondario nelle industrie tessili. Il GF era formato da 9 persone, di et\u00e0 compresa tra i 18 e i 28 anni, con esperienza nel settore agricolo, principalmente come agricoltori in campi familiari. Tutte le componenti del FG stavano studiando una laurea in IFP in produzione agricola al fine di acquisire conoscenze e certificare la loro formazione. Hanno mostrato un forte interesse per la creazione di imprese. \u00c8 stata una vivace discussione con partecipanti impegnati, che hanno mostrato le loro preoccupazioni per il settore e le loro esigenze incentrate sull'imprenditorialit\u00e0.<\/p>\r\n\r\n\r\n\r\n<p>&nbsp;<\/p>\r\n\r\n\r\n\r\n<figure class=\"wp-block-gallery has-nested-images columns-default is-cropped wp-block-gallery-1 is-layout-flex wp-block-gallery-is-layout-flex\">\r\n<figure class=\"wp-block-image size-large\"><img decoding=\"async\" width=\"2000\" height=\"1500\" data-id=\"5633\" class=\"wp-image-5633\" src=\"https:\/\/sustagri.eu\/wp-content\/uploads\/2022\/10\/Sustagri-Focus-Groups-Spain-FG02-10.jpeg\" alt=\"\" srcset=\"https:\/\/sustagri.eu\/wp-content\/uploads\/2022\/10\/Sustagri-Focus-Groups-Spain-FG02-10.jpeg 2000w, https:\/\/sustagri.eu\/wp-content\/uploads\/2022\/10\/Sustagri-Focus-Groups-Spain-FG02-10-300x225.jpeg 300w, https:\/\/sustagri.eu\/wp-content\/uploads\/2022\/10\/Sustagri-Focus-Groups-Spain-FG02-10-1024x768.jpeg 1024w, https:\/\/sustagri.eu\/wp-content\/uploads\/2022\/10\/Sustagri-Focus-Groups-Spain-FG02-10-768x576.jpeg 768w, https:\/\/sustagri.eu\/wp-content\/uploads\/2022\/10\/Sustagri-Focus-Groups-Spain-FG02-10-1536x1152.jpeg 1536w\" sizes=\"(max-width: 2000px) 100vw, 2000px\" \/><\/figure>\r\n\r\n\r\n\r\n<figure class=\"wp-block-image size-large\"><img decoding=\"async\" width=\"2000\" height=\"1500\" data-id=\"5632\" class=\"wp-image-5632\" src=\"https:\/\/sustagri.eu\/wp-content\/uploads\/2022\/10\/Sustagri-Focus-Groups-Spain-FG02-7.jpeg\" alt=\"\" srcset=\"https:\/\/sustagri.eu\/wp-content\/uploads\/2022\/10\/Sustagri-Focus-Groups-Spain-FG02-7.jpeg 2000w, https:\/\/sustagri.eu\/wp-content\/uploads\/2022\/10\/Sustagri-Focus-Groups-Spain-FG02-7-300x225.jpeg 300w, https:\/\/sustagri.eu\/wp-content\/uploads\/2022\/10\/Sustagri-Focus-Groups-Spain-FG02-7-1024x768.jpeg 1024w, https:\/\/sustagri.eu\/wp-content\/uploads\/2022\/10\/Sustagri-Focus-Groups-Spain-FG02-7-768x576.jpeg 768w, https:\/\/sustagri.eu\/wp-content\/uploads\/2022\/10\/Sustagri-Focus-Groups-Spain-FG02-7-1536x1152.jpeg 1536w\" sizes=\"(max-width: 2000px) 100vw, 2000px\" \/><\/figure>\r\n\r\n\r\n\r\n<figure class=\"wp-block-image size-large\"><img loading=\"lazy\" decoding=\"async\" width=\"2000\" height=\"1500\" data-id=\"5629\" class=\"wp-image-5629\" src=\"https:\/\/sustagri.eu\/wp-content\/uploads\/2022\/10\/Sustagri-Focus-Groups-Spain-FG01-19-rotated.jpeg\" alt=\"\" srcset=\"https:\/\/sustagri.eu\/wp-content\/uploads\/2022\/10\/Sustagri-Focus-Groups-Spain-FG01-19-rotated.jpeg 2000w, https:\/\/sustagri.eu\/wp-content\/uploads\/2022\/10\/Sustagri-Focus-Groups-Spain-FG01-19-300x225.jpeg 300w, https:\/\/sustagri.eu\/wp-content\/uploads\/2022\/10\/Sustagri-Focus-Groups-Spain-FG01-19-1024x768.jpeg 1024w, https:\/\/sustagri.eu\/wp-content\/uploads\/2022\/10\/Sustagri-Focus-Groups-Spain-FG01-19-768x576.jpeg 768w, https:\/\/sustagri.eu\/wp-content\/uploads\/2022\/10\/Sustagri-Focus-Groups-Spain-FG01-19-1536x1152.jpeg 1536w\" sizes=\"(max-width: 2000px) 100vw, 2000px\" \/><\/figure>\r\n\r\n\r\n\r\n<figure class=\"wp-block-image size-large\"><img loading=\"lazy\" decoding=\"async\" width=\"2000\" height=\"1500\" data-id=\"5628\" class=\"wp-image-5628\" src=\"https:\/\/sustagri.eu\/wp-content\/uploads\/2022\/10\/Sustagri-Focus-Groups-Spain-FG01-17.jpeg\" alt=\"\" srcset=\"https:\/\/sustagri.eu\/wp-content\/uploads\/2022\/10\/Sustagri-Focus-Groups-Spain-FG01-17.jpeg 2000w, https:\/\/sustagri.eu\/wp-content\/uploads\/2022\/10\/Sustagri-Focus-Groups-Spain-FG01-17-300x225.jpeg 300w, https:\/\/sustagri.eu\/wp-content\/uploads\/2022\/10\/Sustagri-Focus-Groups-Spain-FG01-17-1024x768.jpeg 1024w, https:\/\/sustagri.eu\/wp-content\/uploads\/2022\/10\/Sustagri-Focus-Groups-Spain-FG01-17-768x576.jpeg 768w, https:\/\/sustagri.eu\/wp-content\/uploads\/2022\/10\/Sustagri-Focus-Groups-Spain-FG01-17-1536x1152.jpeg 1536w\" sizes=\"(max-width: 2000px) 100vw, 2000px\" \/><\/figure>\r\n\r\n\r\n\r\n<figure class=\"wp-block-image size-large\"><img loading=\"lazy\" decoding=\"async\" width=\"2000\" height=\"1500\" data-id=\"5627\" class=\"wp-image-5627\" src=\"https:\/\/sustagri.eu\/wp-content\/uploads\/2022\/10\/Sustagri-Focus-Groups-Spain-FG01-13.jpeg\" alt=\"\" srcset=\"https:\/\/sustagri.eu\/wp-content\/uploads\/2022\/10\/Sustagri-Focus-Groups-Spain-FG01-13.jpeg 2000w, https:\/\/sustagri.eu\/wp-content\/uploads\/2022\/10\/Sustagri-Focus-Groups-Spain-FG01-13-300x225.jpeg 300w, https:\/\/sustagri.eu\/wp-content\/uploads\/2022\/10\/Sustagri-Focus-Groups-Spain-FG01-13-1024x768.jpeg 1024w, https:\/\/sustagri.eu\/wp-content\/uploads\/2022\/10\/Sustagri-Focus-Groups-Spain-FG01-13-768x576.jpeg 768w, https:\/\/sustagri.eu\/wp-content\/uploads\/2022\/10\/Sustagri-Focus-Groups-Spain-FG01-13-1536x1152.jpeg 1536w\" sizes=\"(max-width: 2000px) 100vw, 2000px\" \/><\/figure>\r\n\r\n\r\n\r\n<figure class=\"wp-block-image size-large\"><img loading=\"lazy\" decoding=\"async\" width=\"2000\" height=\"1500\" data-id=\"5626\" class=\"wp-image-5626\" src=\"https:\/\/sustagri.eu\/wp-content\/uploads\/2022\/10\/Sustagri-Focus-Groups-Spain-FG01-6.jpeg\" alt=\"\" srcset=\"https:\/\/sustagri.eu\/wp-content\/uploads\/2022\/10\/Sustagri-Focus-Groups-Spain-FG01-6.jpeg 2000w, https:\/\/sustagri.eu\/wp-content\/uploads\/2022\/10\/Sustagri-Focus-Groups-Spain-FG01-6-300x225.jpeg 300w, https:\/\/sustagri.eu\/wp-content\/uploads\/2022\/10\/Sustagri-Focus-Groups-Spain-FG01-6-1024x768.jpeg 1024w, https:\/\/sustagri.eu\/wp-content\/uploads\/2022\/10\/Sustagri-Focus-Groups-Spain-FG01-6-768x576.jpeg 768w, https:\/\/sustagri.eu\/wp-content\/uploads\/2022\/10\/Sustagri-Focus-Groups-Spain-FG01-6-1536x1152.jpeg 1536w\" sizes=\"(max-width: 2000px) 100vw, 2000px\" \/><\/figure>\r\n\r\n\r\n\r\n<figure class=\"wp-block-image size-large\"><img loading=\"lazy\" decoding=\"async\" width=\"2000\" height=\"1500\" data-id=\"5625\" class=\"wp-image-5625\" src=\"https:\/\/sustagri.eu\/wp-content\/uploads\/2022\/10\/Sustagri-Focus-Groups-Spain-FG01-3.jpeg\" alt=\"\" srcset=\"https:\/\/sustagri.eu\/wp-content\/uploads\/2022\/10\/Sustagri-Focus-Groups-Spain-FG01-3.jpeg 2000w, https:\/\/sustagri.eu\/wp-content\/uploads\/2022\/10\/Sustagri-Focus-Groups-Spain-FG01-3-300x225.jpeg 300w, https:\/\/sustagri.eu\/wp-content\/uploads\/2022\/10\/Sustagri-Focus-Groups-Spain-FG01-3-1024x768.jpeg 1024w, https:\/\/sustagri.eu\/wp-content\/uploads\/2022\/10\/Sustagri-Focus-Groups-Spain-FG01-3-768x576.jpeg 768w, https:\/\/sustagri.eu\/wp-content\/uploads\/2022\/10\/Sustagri-Focus-Groups-Spain-FG01-3-1536x1152.jpeg 1536w\" sizes=\"(max-width: 2000px) 100vw, 2000px\" \/><\/figure>\r\n\r\n\r\n\r\n<figure class=\"wp-block-image size-large\"><img loading=\"lazy\" decoding=\"async\" width=\"2000\" height=\"1500\" data-id=\"5624\" class=\"wp-image-5624\" src=\"https:\/\/sustagri.eu\/wp-content\/uploads\/2022\/10\/Sustagri-Focus-Groups-Spain-FG01-2.jpeg\" alt=\"\" srcset=\"https:\/\/sustagri.eu\/wp-content\/uploads\/2022\/10\/Sustagri-Focus-Groups-Spain-FG01-2.jpeg 2000w, https:\/\/sustagri.eu\/wp-content\/uploads\/2022\/10\/Sustagri-Focus-Groups-Spain-FG01-2-300x225.jpeg 300w, https:\/\/sustagri.eu\/wp-content\/uploads\/2022\/10\/Sustagri-Focus-Groups-Spain-FG01-2-1024x768.jpeg 1024w, https:\/\/sustagri.eu\/wp-content\/uploads\/2022\/10\/Sustagri-Focus-Groups-Spain-FG01-2-768x576.jpeg 768w, https:\/\/sustagri.eu\/wp-content\/uploads\/2022\/10\/Sustagri-Focus-Groups-Spain-FG01-2-1536x1152.jpeg 1536w\" sizes=\"(max-width: 2000px) 100vw, 2000px\" \/><\/figure>\r\n\r\n\r\n\r\n<figure class=\"wp-block-image size-large\"><img loading=\"lazy\" decoding=\"async\" width=\"2000\" height=\"1500\" data-id=\"5594\" class=\"wp-image-5594\" src=\"https:\/\/sustagri.eu\/wp-content\/uploads\/2022\/10\/Sustagri-Focus-Groups-Spain-FG02-4.jpeg\" alt=\"\" srcset=\"https:\/\/sustagri.eu\/wp-content\/uploads\/2022\/10\/Sustagri-Focus-Groups-Spain-FG02-4.jpeg 2000w, https:\/\/sustagri.eu\/wp-content\/uploads\/2022\/10\/Sustagri-Focus-Groups-Spain-FG02-4-300x225.jpeg 300w, https:\/\/sustagri.eu\/wp-content\/uploads\/2022\/10\/Sustagri-Focus-Groups-Spain-FG02-4-1024x768.jpeg 1024w, https:\/\/sustagri.eu\/wp-content\/uploads\/2022\/10\/Sustagri-Focus-Groups-Spain-FG02-4-768x576.jpeg 768w, https:\/\/sustagri.eu\/wp-content\/uploads\/2022\/10\/Sustagri-Focus-Groups-Spain-FG02-4-1536x1152.jpeg 1536w\" sizes=\"(max-width: 2000px) 100vw, 2000px\" \/><\/figure>\r\n<\/figure>","protected":false},"excerpt":{"rendered":"<p>Focus Groups Universit\u00e0 di Valencia Settembre 2022 Il Focus Group 1 in Spagna \u00e8 stato consegnato presso il centro di IFP IES Vicent Gandia, situato nel comune di Castell\u00f3 de la Ribera, Val\u00e8ncia, una citt\u00e0 la cui economia si basa fondamentalmente sul settore primario, circondata da campi di piantagioni citriche. Il FG \u00e8 stato formato da 8 persone, che...<\/p>","protected":false},"author":3,"featured_media":5594,"parent":0,"menu_order":0,"comment_status":"closed","ping_status":"closed","template":"","meta":{"footnotes":""},"class_list":{"0":"post-5596","1":"page","2":"type-page","3":"status-publish","4":"has-post-thumbnail","5":"hentry","6":"nt-post-class","7":"","11":"excerpt-none"},"_links":{"self":[{"href":"https:\/\/sustagri.eu\/it\/wp-json\/wp\/v2\/pages\/5596","targetHints":{"allow":["GET"]}}],"collection":[{"href":"https:\/\/sustagri.eu\/it\/wp-json\/wp\/v2\/pages"}],"about":[{"href":"https:\/\/sustagri.eu\/it\/wp-json\/wp\/v2\/types\/page"}],"author":[{"embeddable":true,"href":"https:\/\/sustagri.eu\/it\/wp-json\/wp\/v2\/users\/3"}],"replies":[{"embeddable":true,"href":"https:\/\/sustagri.eu\/it\/wp-json\/wp\/v2\/comments?post=5596"}],"version-history":[{"count":5,"href":"https:\/\/sustagri.eu\/it\/wp-json\/wp\/v2\/pages\/5596\/revisions"}],"predecessor-version":[{"id":7032,"href":"https:\/\/sustagri.eu\/it\/wp-json\/wp\/v2\/pages\/5596\/revisions\/7032"}],"wp:featuredmedia":[{"embeddable":true,"href":"https:\/\/sustagri.eu\/it\/wp-json\/wp\/v2\/media\/5594"}],"wp:attachment":[{"href":"https:\/\/sustagri.eu\/it\/wp-json\/wp\/v2\/media?parent=5596"}],"curies":[{"name":"wp","href":"https:\/\/api.w.org\/{rel}","templated":true}]}}