{"id":4800,"date":"2022-08-10T10:50:22","date_gmt":"2022-08-10T10:50:22","guid":{"rendered":"https:\/\/sustagri.eu\/?page_id=4800"},"modified":"2025-03-19T10:14:50","modified_gmt":"2025-03-19T10:14:50","slug":"about-us","status":"publish","type":"page","link":"https:\/\/sustagri.eu\/it\/about-us\/","title":{"rendered":"Chi siamo"},"content":{"rendered":"<div data-elementor-type=\"wp-page\" data-elementor-id=\"4800\" class=\"elementor elementor-4800\" data-elementor-post-type=\"page\">\n\t\t\t\t\t\t<section class=\"elementor-section elementor-top-section elementor-element elementor-element-4b3fe64 elementor-section-full_width elementor-section-height-default elementor-section-height-default nt-section-ripped-top ripped-top-no nt-section-ripped-bottom ripped-bottom-no\" data-id=\"4b3fe64\" data-element_type=\"section\" data-e-type=\"section\">\n\t\t\t\t\t\t<div class=\"elementor-container elementor-column-gap-default\">\n\t\t\t\t\t<div class=\"elementor-column elementor-col-100 elementor-top-column elementor-element elementor-element-8ca5f5c\" data-id=\"8ca5f5c\" data-element_type=\"column\" data-e-type=\"column\">\n\t\t\t<div class=\"elementor-widget-wrap elementor-element-populated\">\n\t\t\t\t\t\t<div class=\"elementor-element elementor-element-94ee9f9 elementor-widget elementor-widget-agrikon-page-hero\" data-id=\"94ee9f9\" data-element_type=\"widget\" data-e-type=\"widget\" data-widget_type=\"agrikon-page-hero.default\">\n\t\t\t\t<div class=\"elementor-widget-container\">\n\t\t\t\t\t<div class=\"page-header\"><div class=\"page-header__bg\"><\/div><div class=\"container\"><div aria-label=\"Pangrattato\" class=\"breadcrumb-trail breadcrumbs\"><ul class=\"breadcrumbs thm-breadcrumb list-unstyled\"><li  class=\"trail-item breadcrumb_item trail-end breadcrumb_active\"><a href=\"https:\/\/sustagri.eu\/it\/\" rel=\"home\" itemprop=\"item\"><span>Casa<\/span><\/a><\/li><\/ul><\/div><h1 class=\"page-title\">Chi siamo<\/h1><\/div><\/div>\t\t\t\t<\/div>\n\t\t\t\t<\/div>\n\t\t\t\t\t<\/div>\n\t\t<\/div>\n\t\t\t\t\t<\/div>\n\t\t<\/section>\n\t\t\t\t<div class=\"elementor-section elementor-top-section elementor-element elementor-element-ba4371c nt-section section-padding elementor-section-boxed elementor-section-height-default elementor-section-height-default nt-section-ripped-bottom ripped-bottom-no\" data-id=\"ba4371c\" data-element_type=\"section\" data-e-type=\"section\">\n\t\t\t\t\t\t<div class=\"elementor-container elementor-column-gap-no\">\n\t\t\t\t\t<div class=\"elementor-column elementor-col-50 elementor-top-column elementor-element elementor-element-49541ab\" data-id=\"49541ab\" data-element_type=\"column\" data-e-type=\"column\" data-settings=\"{&quot;background_background&quot;:&quot;slideshow&quot;,&quot;animation&quot;:&quot;none&quot;,&quot;background_slideshow_gallery&quot;:[],&quot;background_slideshow_slide_duration&quot;:5000,&quot;background_slideshow_slide_transition&quot;:&quot;fade&quot;,&quot;background_slideshow_transition_duration&quot;:500}\">\n\t\t\t<div class=\"elementor-widget-wrap elementor-element-populated\">\n\t\t\t\t\t\t<div class=\"elementor-element elementor-element-326f6a8 elementor-widget elementor-widget-agrikon-bubble-image\" data-id=\"326f6a8\" data-element_type=\"widget\" data-e-type=\"widget\" data-widget_type=\"agrikon-bubble-image.default\">\n\t\t\t\t<div class=\"elementor-widget-container\">\n\t\t\t\t\t<div class=\"contact-two__image\"><img fetchpriority=\"high\" decoding=\"async\" width=\"600\" height=\"600\" src=\"https:\/\/sustagri.eu\/wp-content\/uploads\/2020\/12\/vegetables-800-750x750.jpg\" class=\"img-fluid c-img\" alt=\"\" srcset=\"https:\/\/sustagri.eu\/wp-content\/uploads\/2020\/12\/vegetables-800-750x750.jpg 750w, https:\/\/sustagri.eu\/wp-content\/uploads\/2020\/12\/vegetables-800-150x150.jpg 150w, https:\/\/sustagri.eu\/wp-content\/uploads\/2020\/12\/vegetables-800-500x500.jpg 500w, https:\/\/sustagri.eu\/wp-content\/uploads\/2020\/12\/vegetables-800-450x450.jpg 450w, https:\/\/sustagri.eu\/wp-content\/uploads\/2020\/12\/vegetables-800-100x100.jpg 100w, https:\/\/sustagri.eu\/wp-content\/uploads\/2020\/12\/vegetables-800.jpg 800w\" sizes=\"(max-width: 600px) 100vw, 600px\" \/><\/div>\t\t\t\t<\/div>\n\t\t\t\t<\/div>\n\t\t\t\t\t<\/div>\n\t\t<\/div>\n\t\t\t\t<div class=\"elementor-column elementor-col-50 elementor-top-column elementor-element elementor-element-4d2ed7d\" data-id=\"4d2ed7d\" data-element_type=\"column\" data-e-type=\"column\">\n\t\t\t<div class=\"elementor-widget-wrap elementor-element-populated\">\n\t\t\t\t\t\t<div class=\"elementor-element elementor-element-9ecc1d7 agrikon-transform transform-type-translate elementor-widget elementor-widget-heading\" data-id=\"9ecc1d7\" data-element_type=\"widget\" data-e-type=\"widget\" data-widget_type=\"heading.default\">\n\t\t\t\t<div class=\"elementor-widget-container\">\n\t\t\t\t\t<h2 class=\"elementor-heading-title elementor-size-default\">Vieni a conoscerci<\/h2>\t\t\t\t<\/div>\n\t\t\t\t<\/div>\n\t\t\t\t<div class=\"elementor-element elementor-element-382a1fd agrikon-transform transform-type-translate elementor-widget elementor-widget-heading\" data-id=\"382a1fd\" data-element_type=\"widget\" data-e-type=\"widget\" data-widget_type=\"heading.default\">\n\t\t\t\t<div class=\"elementor-widget-container\">\n\t\t\t\t\t<p class=\"elementor-heading-title elementor-size-default\">SUSTAGRI4.0 porter\u00e0 competenze digitali e di marketing ai piccoli agricoltori e ai proprietari di agroalimentari verso un futuro sostenibile e guidato dalla comunit\u00e0.<\/p>\t\t\t\t<\/div>\n\t\t\t\t<\/div>\n\t\t\t\t<div class=\"elementor-element elementor-element-63e6375 agrikon-transform transform-type-translate elementor-widget elementor-widget-heading\" data-id=\"63e6375\" data-element_type=\"widget\" data-e-type=\"widget\" data-widget_type=\"heading.default\">\n\t\t\t\t<div class=\"elementor-widget-container\">\n\t\t\t\t\t<p class=\"elementor-heading-title elementor-size-default\">L'obiettivo principale di SUSTAGRI4.0 \u00e8 promuovere l'agricoltura sostenibile e l'agroindustria come parte della necessaria transizione verso l'agricoltura 4.0, la quarta ondata rivoluzionaria nell'adozione di tecnologie avanzate e profonde. Prendendo il via nel maggio 2022, questo progetto durer\u00e0 fino a maggio 2024.\n<\/p>\t\t\t\t<\/div>\n\t\t\t\t<\/div>\n\t\t\t\t<div class=\"elementor-element elementor-element-297822d agrikon-transform transform-type-translate elementor-widget elementor-widget-heading\" data-id=\"297822d\" data-element_type=\"widget\" data-e-type=\"widget\" data-widget_type=\"heading.default\">\n\t\t\t\t<div class=\"elementor-widget-container\">\n\t\t\t\t\t<p class=\"elementor-heading-title elementor-size-default\">Consentir\u00e0 ai produttori locali e ai proprietari di agroalimentari sostenibili di acquisire competenze digitali e di marketing per avvicinarli alla loro comunit\u00e0 locale e consentire loro di promuovere i loro prodotti in modo pi\u00f9 efficace, il che incoragger\u00e0 anche un'espansione delle pratiche sostenibili e una cultura alimentare che favorisca i prodotti locali, nonch\u00e9 la riduzione degli sprechi.  <\/p>\t\t\t\t<\/div>\n\t\t\t\t<\/div>\n\t\t\t\t\t<\/div>\n\t\t<\/div>\n\t\t\t\t\t<\/div>\n\t\t<\/div>\n\t\t\t\t<div class=\"elementor-section elementor-top-section elementor-element elementor-element-67088c6 nt-section section-padding elementor-section-boxed elementor-section-height-default elementor-section-height-default nt-section-ripped-bottom ripped-bottom-no\" data-id=\"67088c6\" data-element_type=\"section\" data-e-type=\"section\">\n\t\t\t\t\t\t<div class=\"elementor-container elementor-column-gap-no\">\n\t\t\t\t\t<div class=\"elementor-column elementor-col-50 elementor-top-column elementor-element elementor-element-a4e714b\" data-id=\"a4e714b\" data-element_type=\"column\" data-e-type=\"column\">\n\t\t\t<div class=\"elementor-widget-wrap elementor-element-populated\">\n\t\t\t\t\t\t<div class=\"elementor-element elementor-element-2c9f23e agrikon-transform transform-type-translate elementor-widget elementor-widget-heading\" data-id=\"2c9f23e\" data-element_type=\"widget\" data-e-type=\"widget\" data-widget_type=\"heading.default\">\n\t\t\t\t<div class=\"elementor-widget-container\">\n\t\t\t\t\t<p class=\"elementor-heading-title elementor-size-default\">Imparando le competenze digitali chiave, come la gestione dei social media e lo storytelling digitale, i piccoli produttori e i proprietari di agroalimentari possono abbracciare la duplice transizione (verde e digitale) per la loro attivit\u00e0. I professionisti del settore dell'istruzione e della formazione professionale (IFP) lavoreranno con il nostro team e saranno formati in un corso online progettato per i giovani agricoltori e i proprietari di agroalimentari, nonch\u00e9 per gli studenti che studiano agricoltura, offrendo curricula orientati al futuro in un formato di apprendimento misto. I professionisti dell'IFP formati acquisiranno una comprensione pi\u00f9 approfondita delle lacune di conoscenza nell'ambito dell'adozione delle competenze digitali e altri educatori saranno in grado di eseguire questo corso elettronico nel 2023 una volta che sar\u00e0 fornito online come open source. \n<\/p>\t\t\t\t<\/div>\n\t\t\t\t<\/div>\n\t\t\t\t<div class=\"elementor-element elementor-element-393511f agrikon-transform transform-type-translate elementor-widget elementor-widget-heading\" data-id=\"393511f\" data-element_type=\"widget\" data-e-type=\"widget\" data-widget_type=\"heading.default\">\n\t\t\t\t<div class=\"elementor-widget-container\">\n\t\t\t\t\t<p class=\"elementor-heading-title elementor-size-default\">Una piattaforma di e-commerce sar\u00e0 sviluppata e lanciata nel 2023 per consentire ai proprietari di aziende agroalimentari e agli agricoltori di vendere i loro prodotti. Questa piattaforma servir\u00e0 come strumento per connettersi direttamente con i clienti ed espandere la clientela, oltre a sensibilizzare sulla produzione alimentare locale e sostenibile. <\/p>\t\t\t\t<\/div>\n\t\t\t\t<\/div>\n\t\t\t\t<div class=\"elementor-element elementor-element-cb36c2a agrikon-transform transform-type-translate elementor-widget elementor-widget-heading\" data-id=\"cb36c2a\" data-element_type=\"widget\" data-e-type=\"widget\" data-widget_type=\"heading.default\">\n\t\t\t\t<div class=\"elementor-widget-container\">\n\t\t\t\t\t<p class=\"elementor-heading-title elementor-size-default\">Il progetto culminer\u00e0 in una serie di eventi pubblici in ogni paese partner (Irlanda, Italia, Spagna e Grecia) per mostrare i prodotti alimentari locali che sono stati resi disponibili sulla piattaforma di e-commerce e per promuovere l'e-course come strumento critico per potenziare i piccoli produttori alimentari. \n<\/p>\t\t\t\t<\/div>\n\t\t\t\t<\/div>\n\t\t\t\t\t<\/div>\n\t\t<\/div>\n\t\t\t\t<div class=\"elementor-column elementor-col-50 elementor-top-column elementor-element elementor-element-ebf14aa\" data-id=\"ebf14aa\" data-element_type=\"column\" data-e-type=\"column\" data-settings=\"{&quot;background_background&quot;:&quot;slideshow&quot;,&quot;background_slideshow_gallery&quot;:[],&quot;background_slideshow_slide_duration&quot;:5000,&quot;background_slideshow_slide_transition&quot;:&quot;fade&quot;,&quot;background_slideshow_transition_duration&quot;:500}\">\n\t\t\t<div class=\"elementor-widget-wrap elementor-element-populated\">\n\t\t\t\t\t\t<div class=\"elementor-element elementor-element-16b3dd3 elementor-widget elementor-widget-agrikon-bubble-image\" data-id=\"16b3dd3\" data-element_type=\"widget\" data-e-type=\"widget\" data-widget_type=\"agrikon-bubble-image.default\">\n\t\t\t\t<div class=\"elementor-widget-container\">\n\t\t\t\t\t<div class=\"contact-two__image\"><img decoding=\"async\" width=\"500\" height=\"500\" src=\"https:\/\/sustagri.eu\/wp-content\/uploads\/2020\/02\/organic-news-23-500x500.jpg\" class=\"img-fluid c-img\" alt=\"\" srcset=\"https:\/\/sustagri.eu\/wp-content\/uploads\/2020\/02\/organic-news-23-500x500.jpg 500w, https:\/\/sustagri.eu\/wp-content\/uploads\/2020\/02\/organic-news-23-150x150.jpg 150w, https:\/\/sustagri.eu\/wp-content\/uploads\/2020\/02\/organic-news-23-750x750.jpg 750w, https:\/\/sustagri.eu\/wp-content\/uploads\/2020\/02\/organic-news-23-450x450.jpg 450w, https:\/\/sustagri.eu\/wp-content\/uploads\/2020\/02\/organic-news-23-100x100.jpg 100w\" sizes=\"(max-width: 500px) 100vw, 500px\" \/><\/div>\t\t\t\t<\/div>\n\t\t\t\t<\/div>\n\t\t\t\t\t<\/div>\n\t\t<\/div>\n\t\t\t\t\t<\/div>\n\t\t<\/div>\n\t\t\t\t<section class=\"elementor-section elementor-top-section elementor-element elementor-element-22f3994 elementor-section-boxed elementor-section-height-default elementor-section-height-default nt-section-ripped-top ripped-top-no nt-section-ripped-bottom ripped-bottom-no\" data-id=\"22f3994\" data-element_type=\"section\" data-e-type=\"section\">\n\t\t\t\t\t\t<div class=\"elementor-container elementor-column-gap-default\">\n\t\t\t\t\t<div class=\"elementor-column elementor-col-33 elementor-top-column elementor-element elementor-element-2b5725b about-us-columns\" data-id=\"2b5725b\" data-element_type=\"column\" data-e-type=\"column\" data-settings=\"{&quot;background_background&quot;:&quot;classic&quot;}\">\n\t\t\t<div class=\"elementor-widget-wrap elementor-element-populated\">\n\t\t\t\t\t\t<div class=\"elementor-element elementor-element-a69b76f presentation-image elementor-widget elementor-widget-image\" data-id=\"a69b76f\" data-element_type=\"widget\" data-e-type=\"widget\" data-widget_type=\"image.default\">\n\t\t\t\t<div class=\"elementor-widget-container\">\n\t\t\t\t\t\t\t\t\t\t\t\t\t\t\t<img decoding=\"async\" src=\"https:\/\/sustagri.eu\/wp-content\/uploads\/elementor\/thumbs\/Engaging-greencdr-pt5qpkbduhmdnbq3r4otj25i4ris6yvmenp27zz5d4.png\" title=\"Coinvolgere greencdr\" alt=\"Coinvolgere greencdr\" loading=\"lazy\" \/>\t\t\t\t\t\t\t\t\t\t\t\t\t\t\t<\/div>\n\t\t\t\t<\/div>\n\t\t\t\t<div class=\"elementor-element elementor-element-7b3df3f agrikon-transform transform-type-translate elementor-widget elementor-widget-heading\" data-id=\"7b3df3f\" data-element_type=\"widget\" data-e-type=\"widget\" data-widget_type=\"heading.default\">\n\t\t\t\t<div class=\"elementor-widget-container\">\n\t\t\t\t\t<h3 class=\"elementor-heading-title elementor-size-default\">Coinvolgere i professionisti dell'Agribusiness &amp; IFP<\/h3>\t\t\t\t<\/div>\n\t\t\t\t<\/div>\n\t\t\t\t<div class=\"elementor-element elementor-element-04c9374 elementor-widget elementor-widget-text-editor\" data-id=\"04c9374\" data-element_type=\"widget\" data-e-type=\"widget\" data-widget_type=\"text-editor.default\">\n\t\t\t\t<div class=\"elementor-widget-container\">\n\t\t\t\t\t\t\t\t\t<p>Rivolgersi ai piccoli agricoltori, ai proprietari di aziende agricole e agli studenti che entrano nel settore agricolo di et\u00e0 compresa tra i 18 e i 25 anni, nonch\u00e9 ai professionisti dell'IFP desiderosi di ampliare il loro portafoglio di conoscenze quando si tratta di insegnare le competenze digitali e di marketing per abbracciare le tecnologie avanzate.<\/p><p>\u00a0<\/p>\t\t\t\t\t\t\t\t<\/div>\n\t\t\t\t<\/div>\n\t\t\t\t\t<\/div>\n\t\t<\/div>\n\t\t\t\t<div class=\"elementor-column elementor-col-33 elementor-top-column elementor-element elementor-element-e7cff22 about-us-columns\" data-id=\"e7cff22\" data-element_type=\"column\" data-e-type=\"column\" data-settings=\"{&quot;background_background&quot;:&quot;classic&quot;}\">\n\t\t\t<div class=\"elementor-widget-wrap elementor-element-populated\">\n\t\t\t\t\t\t<div class=\"elementor-element elementor-element-accccaa presentation-image elementor-widget elementor-widget-image\" data-id=\"accccaa\" data-element_type=\"widget\" data-e-type=\"widget\" data-widget_type=\"image.default\">\n\t\t\t\t<div class=\"elementor-widget-container\">\n\t\t\t\t\t\t\t\t\t\t\t\t\t\t\t<img decoding=\"async\" src=\"https:\/\/sustagri.eu\/wp-content\/uploads\/elementor\/thumbs\/Learning-pt5qpkbduhmdnbq3r4otj25i4ris6yvmenp27zz5d4.png\" title=\"Apprendimento\" alt=\"Apprendimento\" loading=\"lazy\" \/>\t\t\t\t\t\t\t\t\t\t\t\t\t\t\t<\/div>\n\t\t\t\t<\/div>\n\t\t\t\t<div class=\"elementor-element elementor-element-167c80b agrikon-transform transform-type-translate elementor-widget elementor-widget-heading\" data-id=\"167c80b\" data-element_type=\"widget\" data-e-type=\"widget\" data-widget_type=\"heading.default\">\n\t\t\t\t<div class=\"elementor-widget-container\">\n\t\t\t\t\t<h3 class=\"elementor-heading-title elementor-size-default\">Corso elettronico<\/h3>\t\t\t\t<\/div>\n\t\t\t\t<\/div>\n\t\t\t\t<div class=\"elementor-element elementor-element-04c8d17 elementor-widget elementor-widget-text-editor\" data-id=\"04c8d17\" data-element_type=\"widget\" data-e-type=\"widget\" data-widget_type=\"text-editor.default\">\n\t\t\t\t<div class=\"elementor-widget-container\">\n\t\t\t\t\t\t\t\t\t<p>Un E-Course open source sar\u00e0 sviluppato in un formato di apprendimento misto, offrendo moduli tra cui digital storytelling, gestione dei social media e creazione di un business plan. Sar\u00e0 avviato nell'ottobre 2023 dopo essere stato sottoposto a test con professionisti dell'IFP che partecipano a uno scambio di conoscenze e a una formazione Train-The-Trainer a Valencia, Spagna (novembre 2022).<\/p>\t\t\t\t\t\t\t\t<\/div>\n\t\t\t\t<\/div>\n\t\t\t\t\t<\/div>\n\t\t<\/div>\n\t\t\t\t<div class=\"elementor-column elementor-col-33 elementor-top-column elementor-element elementor-element-6196c4b about-us-columns\" data-id=\"6196c4b\" data-element_type=\"column\" data-e-type=\"column\" data-settings=\"{&quot;background_background&quot;:&quot;classic&quot;}\">\n\t\t\t<div class=\"elementor-widget-wrap elementor-element-populated\">\n\t\t\t\t\t\t<div class=\"elementor-element elementor-element-079700b presentation-image elementor-widget elementor-widget-image\" data-id=\"079700b\" data-element_type=\"widget\" data-e-type=\"widget\" data-widget_type=\"image.default\">\n\t\t\t\t<div class=\"elementor-widget-container\">\n\t\t\t\t\t\t\t\t\t\t\t\t\t\t\t<img decoding=\"async\" src=\"https:\/\/sustagri.eu\/wp-content\/uploads\/elementor\/thumbs\/ecommerce-pt5qpl981bnnyxoqln3g3jwyq5e5enzcqscjp9xr6w.png\" title=\"e-commerce\" alt=\"e-commerce\" loading=\"lazy\" \/>\t\t\t\t\t\t\t\t\t\t\t\t\t\t\t<\/div>\n\t\t\t\t<\/div>\n\t\t\t\t<div class=\"elementor-element elementor-element-a473358 agrikon-transform transform-type-translate elementor-widget elementor-widget-heading\" data-id=\"a473358\" data-element_type=\"widget\" data-e-type=\"widget\" data-widget_type=\"heading.default\">\n\t\t\t\t<div class=\"elementor-widget-container\">\n\t\t\t\t\t<h3 class=\"elementor-heading-title elementor-size-default\">Piattaforma di e-commerce<\/h3>\t\t\t\t<\/div>\n\t\t\t\t<\/div>\n\t\t\t\t<div class=\"elementor-element elementor-element-f2926ea elementor-widget elementor-widget-text-editor\" data-id=\"f2926ea\" data-element_type=\"widget\" data-e-type=\"widget\" data-widget_type=\"text-editor.default\">\n\t\t\t\t<div class=\"elementor-widget-container\">\n\t\t\t\t\t\t\t\t\t<p>Una piattaforma di e-commerce sar\u00e0 costruita da Quality Culture (Italia) e lanciata nel febbraio 2024. I proprietari di aziende agroalimentari partecipanti e i produttori locali saranno formati su come utilizzare la piattaforma prima del lancio per mostrare i loro prodotti, connettersi direttamente con pi\u00f9 clienti e far parte di un movimento pi\u00f9 ampio per promuovere pratiche sostenibili.<\/p>\t\t\t\t\t\t\t\t<\/div>\n\t\t\t\t<\/div>\n\t\t\t\t\t<\/div>\n\t\t<\/div>\n\t\t\t\t\t<\/div>\n\t\t<\/section>\n\t\t\t\t<section class=\"elementor-section elementor-top-section elementor-element elementor-element-4c1b9a21 elementor-section-content-middle elementor-section-boxed elementor-section-height-default elementor-section-height-default nt-section-ripped-top ripped-top-no nt-section-ripped-bottom ripped-bottom-no\" data-id=\"4c1b9a21\" data-element_type=\"section\" data-e-type=\"section\" id=\"milestones\">\n\t\t\t\t\t\t<div class=\"elementor-container elementor-column-gap-no\">\n\t\t\t\t\t<div class=\"elementor-column elementor-col-50 elementor-top-column elementor-element elementor-element-6eaf0f33\" data-id=\"6eaf0f33\" data-element_type=\"column\" data-e-type=\"column\">\n\t\t\t<div class=\"elementor-widget-wrap elementor-element-populated\">\n\t\t\t\t\t\t<div class=\"elementor-element elementor-element-4ad3a9a4 elementor-widget elementor-widget-text-editor\" data-id=\"4ad3a9a4\" data-element_type=\"widget\" data-e-type=\"widget\" data-widget_type=\"text-editor.default\">\n\t\t\t\t<div class=\"elementor-widget-container\">\n\t\t\t\t\t\t\t\t\t<p>Cosa abbiamo ottenuto<\/p>\t\t\t\t\t\t\t\t<\/div>\n\t\t\t\t<\/div>\n\t\t\t\t<div class=\"elementor-element elementor-element-7a28594a agrikon-transform transform-type-translate elementor-widget elementor-widget-heading\" data-id=\"7a28594a\" data-element_type=\"widget\" data-e-type=\"widget\" data-widget_type=\"heading.default\">\n\t\t\t\t<div class=\"elementor-widget-container\">\n\t\t\t\t\t<h2 class=\"elementor-heading-title elementor-size-default\">Pietre miliari<\/h2>\t\t\t\t<\/div>\n\t\t\t\t<\/div>\n\t\t\t\t\t<\/div>\n\t\t<\/div>\n\t\t\t\t<div class=\"elementor-column elementor-col-50 elementor-top-column elementor-element elementor-element-7c0aa36f\" data-id=\"7c0aa36f\" data-element_type=\"column\" data-e-type=\"column\">\n\t\t\t<div class=\"elementor-widget-wrap elementor-element-populated\">\n\t\t\t\t\t\t<div class=\"elementor-element elementor-element-f314599 elementor-position-inline-start elementor-view-default elementor-mobile-position-block-start elementor-widget elementor-widget-icon-box\" data-id=\"f314599\" data-element_type=\"widget\" data-e-type=\"widget\" data-widget_type=\"icon-box.default\">\n\t\t\t\t<div class=\"elementor-widget-container\">\n\t\t\t\t\t\t\t<div class=\"elementor-icon-box-wrapper\">\n\n\t\t\t\t\t\t<div class=\"elementor-icon-box-icon\">\n\t\t\t\t<span  class=\"elementor-icon elementor-animation-grow\">\n\t\t\t\t<i aria-hidden=\"true\" class=\"fas fa-check-circle\"><\/i>\t\t\t\t<\/span>\n\t\t\t<\/div>\n\t\t\t\n\t\t\t\t\t\t<div class=\"elementor-icon-box-content\">\n\n\t\t\t\t\t\t\t\t\t<h5 class=\"elementor-icon-box-title\">\n\t\t\t\t\t\t<span  >\n\t\t\t\t\t\t\tScambio di conoscenze e formazione con i professionisti dell'IFP\t\t\t\t\t\t<\/span>\n\t\t\t\t\t<\/h5>\n\t\t\t\t\n\t\t\t\t\t\t\t\t\t<p class=\"elementor-icon-box-description\">\n\t\t\t\t\t\tNovembre 2022\t\t\t\t\t<\/p>\n\t\t\t\t\n\t\t\t<\/div>\n\t\t\t\n\t\t<\/div>\n\t\t\t\t\t\t<\/div>\n\t\t\t\t<\/div>\n\t\t\t\t<div class=\"elementor-element elementor-element-744b836 elementor-position-inline-start elementor-view-default elementor-mobile-position-block-start elementor-widget elementor-widget-icon-box\" data-id=\"744b836\" data-element_type=\"widget\" data-e-type=\"widget\" data-widget_type=\"icon-box.default\">\n\t\t\t\t<div class=\"elementor-widget-container\">\n\t\t\t\t\t\t\t<div class=\"elementor-icon-box-wrapper\">\n\n\t\t\t\t\t\t<div class=\"elementor-icon-box-icon\">\n\t\t\t\t<span  class=\"elementor-icon elementor-animation-grow\">\n\t\t\t\t<i aria-hidden=\"true\" class=\"fas fa-check-circle\"><\/i>\t\t\t\t<\/span>\n\t\t\t<\/div>\n\t\t\t\n\t\t\t\t\t\t<div class=\"elementor-icon-box-content\">\n\n\t\t\t\t\t\t\t\t\t<h5 class=\"elementor-icon-box-title\">\n\t\t\t\t\t\t<span  >\n\t\t\t\t\t\t\tLancio della piattaforma di e-commerce\t\t\t\t\t\t<\/span>\n\t\t\t\t\t<\/h5>\n\t\t\t\t\n\t\t\t\t\t\t\t\t\t<p class=\"elementor-icon-box-description\">\n\t\t\t\t\t\tfebbraio 2024\t\t\t\t\t<\/p>\n\t\t\t\t\n\t\t\t<\/div>\n\t\t\t\n\t\t<\/div>\n\t\t\t\t\t\t<\/div>\n\t\t\t\t<\/div>\n\t\t\t\t<div class=\"elementor-element elementor-element-2f9fa2da elementor-position-inline-start elementor-view-default elementor-mobile-position-block-start elementor-widget elementor-widget-icon-box\" data-id=\"2f9fa2da\" data-element_type=\"widget\" data-e-type=\"widget\" data-widget_type=\"icon-box.default\">\n\t\t\t\t<div class=\"elementor-widget-container\">\n\t\t\t\t\t\t\t<div class=\"elementor-icon-box-wrapper\">\n\n\t\t\t\t\t\t<div class=\"elementor-icon-box-icon\">\n\t\t\t\t<span  class=\"elementor-icon elementor-animation-grow\">\n\t\t\t\t<i aria-hidden=\"true\" class=\"fas fa-check-circle\"><\/i>\t\t\t\t<\/span>\n\t\t\t<\/div>\n\t\t\t\n\t\t\t\t\t\t<div class=\"elementor-icon-box-content\">\n\n\t\t\t\t\t\t\t\t\t<h5 class=\"elementor-icon-box-title\">\n\t\t\t\t\t\t<span  >\n\t\t\t\t\t\t\tLancio di E-Course\t\t\t\t\t\t<\/span>\n\t\t\t\t\t<\/h5>\n\t\t\t\t\n\t\t\t\t\t\t\t\t\t<p class=\"elementor-icon-box-description\">\n\t\t\t\t\t\tottobre 2023\t\t\t\t\t<\/p>\n\t\t\t\t\n\t\t\t<\/div>\n\t\t\t\n\t\t<\/div>\n\t\t\t\t\t\t<\/div>\n\t\t\t\t<\/div>\n\t\t\t\t<div class=\"elementor-element elementor-element-fbda1e5 elementor-position-inline-start elementor-view-default elementor-mobile-position-block-start elementor-widget elementor-widget-icon-box\" data-id=\"fbda1e5\" data-element_type=\"widget\" data-e-type=\"widget\" data-widget_type=\"icon-box.default\">\n\t\t\t\t<div class=\"elementor-widget-container\">\n\t\t\t\t\t\t\t<div class=\"elementor-icon-box-wrapper\">\n\n\t\t\t\t\t\t<div class=\"elementor-icon-box-icon\">\n\t\t\t\t<span  class=\"elementor-icon elementor-animation-grow\">\n\t\t\t\t<i aria-hidden=\"true\" class=\"fas fa-check-circle\"><\/i>\t\t\t\t<\/span>\n\t\t\t<\/div>\n\t\t\t\n\t\t\t\t\t\t<div class=\"elementor-icon-box-content\">\n\n\t\t\t\t\t\t\t\t\t<h5 class=\"elementor-icon-box-title\">\n\t\t\t\t\t\t<span  >\n\t\t\t\t\t\t\tMoltiplicare gli eventi nei paesi partner per comunicare i risultati e mostrare i prodotti alimentari dei produttori locali che si sono impegnati con la piattaforma di e-commerce\t\t\t\t\t\t<\/span>\n\t\t\t\t\t<\/h5>\n\t\t\t\t\n\t\t\t\t\t\t\t\t\t<p class=\"elementor-icon-box-description\">\n\t\t\t\t\t\tmarzo 2024\t\t\t\t\t<\/p>\n\t\t\t\t\n\t\t\t<\/div>\n\t\t\t\n\t\t<\/div>\n\t\t\t\t\t\t<\/div>\n\t\t\t\t<\/div>\n\t\t\t\t\t<\/div>\n\t\t<\/div>\n\t\t\t\t\t<\/div>\n\t\t<\/section>\n\t\t\t\t<\/div>","protected":false},"excerpt":{"rendered":"<p>SUSTAGRI4.0 porter\u00e0 competenze digitali e di marketing ai piccoli agricoltori e ai proprietari di aziende agroalimentari verso un futuro sostenibile e guidato dalla comunit\u00e0. L'obiettivo principale di SUSTAGRI4.0 \u00e8 promuovere l'agricoltura sostenibile e le imprese agroalimentari nell'ambito della necessaria transizione verso l'agricoltura 4.0, la quarta ondata rivoluzionaria nell'adozione di soluzioni avanzate e profonde.<\/p>","protected":false},"author":10,"featured_media":0,"parent":0,"menu_order":0,"comment_status":"closed","ping_status":"closed","template":"","meta":{"footnotes":""},"class_list":{"0":"post-4800","1":"page","2":"type-page","3":"status-publish","4":"hentry","5":"nt-post-class","6":"","8":"thumb-none","10":"excerpt-none"},"_links":{"self":[{"href":"https:\/\/sustagri.eu\/it\/wp-json\/wp\/v2\/pages\/4800","targetHints":{"allow":["GET"]}}],"collection":[{"href":"https:\/\/sustagri.eu\/it\/wp-json\/wp\/v2\/pages"}],"about":[{"href":"https:\/\/sustagri.eu\/it\/wp-json\/wp\/v2\/types\/page"}],"author":[{"embeddable":true,"href":"https:\/\/sustagri.eu\/it\/wp-json\/wp\/v2\/users\/10"}],"replies":[{"embeddable":true,"href":"https:\/\/sustagri.eu\/it\/wp-json\/wp\/v2\/comments?post=4800"}],"version-history":[{"count":5,"href":"https:\/\/sustagri.eu\/it\/wp-json\/wp\/v2\/pages\/4800\/revisions"}],"predecessor-version":[{"id":7084,"href":"https:\/\/sustagri.eu\/it\/wp-json\/wp\/v2\/pages\/4800\/revisions\/7084"}],"wp:attachment":[{"href":"https:\/\/sustagri.eu\/it\/wp-json\/wp\/v2\/media?parent=4800"}],"curies":[{"name":"wp","href":"https:\/\/api.w.org\/{rel}","templated":true}]}}