{"id":761,"date":"2020-12-05T13:30:20","date_gmt":"2020-12-05T13:30:20","guid":{"rendered":"https:\/\/ninetheme.com\/themes\/agrikon\/?page_id=761"},"modified":"2025-05-15T13:02:52","modified_gmt":"2025-05-15T13:02:52","slug":"home-2","status":"publish","type":"page","link":"https:\/\/sustagri.eu\/es\/","title":{"rendered":"Hogar"},"content":{"rendered":"<div data-elementor-type=\"wp-page\" data-elementor-id=\"761\" class=\"elementor elementor-761\" data-elementor-post-type=\"page\">\n\t\t\t\t\t\t<div class=\"elementor-section elementor-top-section elementor-element elementor-element-6c6e14d elementor-section-full_width nt-section-ripped-bottom ripped-bottom-yes elementor-section-height-default elementor-section-height-default nt-section-ripped-top ripped-top-no\" data-id=\"6c6e14d\" data-element_type=\"section\" data-e-type=\"section\">\n\t\t\t\t\t\t<div class=\"elementor-container elementor-column-gap-no\">\n\t\t\t\t\t<div class=\"elementor-column elementor-col-100 elementor-top-column elementor-element elementor-element-289cdcd\" data-id=\"289cdcd\" data-element_type=\"column\" data-e-type=\"column\">\n\t\t\t<div class=\"elementor-widget-wrap elementor-element-populated\">\n\t\t\t\t\t\t<div class=\"elementor-element elementor-element-2b9364d home-hero-slider elementor-widget elementor-widget-agrikon-home-slider\" data-id=\"2b9364d\" data-element_type=\"widget\" data-e-type=\"widget\" data-widget_type=\"agrikon-home-slider.default\">\n\t\t\t\t<div class=\"elementor-widget-container\">\n\t\t\t\t\t<div class=\"main-slider main-slider__two\"><div class=\"main-slider__line-1\"><\/div><div class=\"main-slider__line-2\"><\/div><div class=\"main-slider__line-3\"><\/div><div class=\"main-slider__line-4\"><\/div><div class=\"main-slider__line-5\"><\/div><div class=\"main-slider__line-6\"><\/div><div class=\"swiper-container thm-swiper__slider\" data-swiper-options='{\"init\": false,\"slidesPerView\": 1,\"loop\": false,\"effect\": \"fade\",\"autoplay\": false,\"navigation\": {\"nextEl\": \"#main-slider__swiper-button-next-2b9364d\",\"prevEl\": \"#main-slider__swiper-button-prev-2b9364d\"}}'><div class=\"swiper-wrapper\"><div class=\"swiper-slide\"><div class=\"image-layer elementor-repeater-item-0375b9b\"><\/div><div class=\"container\"><div class=\"row\"><div class=\"col-xl-12 text-center\"><span class=\"tagline\" data-anim='{\"animation\":\"\",\"delay\":\"\"}'>Capacitar a los j\u00f3venes agricultores y propietarios de agronegocios con habilidades digitales y de marketing<\/span><h1 class=\"elementor-repeater-item-0375b9b title\" data-anim='{\"animation\":\"\",\"delay\":\"\"}'>SUSTAGRI4.0<\/h1><a href=\"https:\/\/sustagri.eu\/es\/about-us\/\"  target=\"_blank\" class=\"thm-btn btn-icon-right\" data-anim='{\"animation\":\"\",\"delay\":\"\"}'>Descubre m\u00e1s <\/a><\/div><\/div><\/div><\/div><\/div><div class=\"main-slider__nav slide-controls\"><div class=\"swiper-button-prev\" id=\"main-slider__swiper-button-next-2b9364d\"><i class=\"agrikon-icon-left-arrow\"><\/i><\/div><div class=\"swiper-button-next\" id=\"main-slider__swiper-button-prev-2b9364d\"><i class=\"agrikon-icon-right-arrow\"><\/i><\/div><\/div><\/div><\/div>\t\t\t\t<\/div>\n\t\t\t\t<\/div>\n\t\t\t\t\t<\/div>\n\t\t<\/div>\n\t\t\t\t\t<\/div>\n\t\t<\/div>\n\t\t\t\t<div class=\"elementor-section elementor-top-section elementor-element elementor-element-92e5837 nt-section section-padding elementor-section-boxed elementor-section-height-default elementor-section-height-default nt-section-ripped-bottom ripped-bottom-no\" data-id=\"92e5837\" data-element_type=\"section\" data-e-type=\"section\" id=\"about\" data-settings=\"{&quot;background_background&quot;:&quot;video&quot;}\">\n\t\t\t\t\t\t<div class=\"elementor-container elementor-column-gap-no\">\n\t\t\t\t\t<div class=\"elementor-column elementor-col-50 elementor-top-column elementor-element elementor-element-26237b9\" data-id=\"26237b9\" data-element_type=\"column\" data-e-type=\"column\" data-settings=\"{&quot;background_background&quot;:&quot;slideshow&quot;,&quot;background_slideshow_gallery&quot;:[],&quot;background_slideshow_loop&quot;:&quot;yes&quot;,&quot;background_slideshow_slide_duration&quot;:5000,&quot;background_slideshow_slide_transition&quot;:&quot;fade&quot;,&quot;background_slideshow_transition_duration&quot;:500}\">\n\t\t\t<div class=\"elementor-widget-wrap elementor-element-populated\">\n\t\t\t\t\t\t<div class=\"elementor-element elementor-element-ec70e0e elementor-widget elementor-widget-agrikon-about-two\" data-id=\"ec70e0e\" data-element_type=\"widget\" data-e-type=\"widget\" data-widget_type=\"agrikon-about-two.default\">\n\t\t\t\t<div class=\"elementor-widget-container\">\n\t\t\t\t\t<div class=\"about-two__images\"><img fetchpriority=\"high\" decoding=\"async\" width=\"500\" height=\"500\" src=\"https:\/\/sustagri.eu\/wp-content\/uploads\/2022\/08\/Agriculture-2-without-overlay-500x500.jpg\" class=\"a-img\" alt=\"\" srcset=\"https:\/\/sustagri.eu\/wp-content\/uploads\/2022\/08\/Agriculture-2-without-overlay-500x500.jpg 500w, https:\/\/sustagri.eu\/wp-content\/uploads\/2022\/08\/Agriculture-2-without-overlay-150x150.jpg 150w, https:\/\/sustagri.eu\/wp-content\/uploads\/2022\/08\/Agriculture-2-without-overlay-750x750.jpg 750w\" sizes=\"(max-width: 500px) 100vw, 500px\" \/><img decoding=\"async\" width=\"200\" height=\"200\" src=\"https:\/\/sustagri.eu\/wp-content\/uploads\/2022\/08\/Sustagri-Agriculture-Without-Overlay-500x500.jpg\" class=\"a-img\" alt=\"\" srcset=\"https:\/\/sustagri.eu\/wp-content\/uploads\/2022\/08\/Sustagri-Agriculture-Without-Overlay-500x500.jpg 500w, https:\/\/sustagri.eu\/wp-content\/uploads\/2022\/08\/Sustagri-Agriculture-Without-Overlay-150x150.jpg 150w, https:\/\/sustagri.eu\/wp-content\/uploads\/2022\/08\/Sustagri-Agriculture-Without-Overlay-750x750.jpg 750w\" sizes=\"(max-width: 200px) 100vw, 200px\" \/><\/div>\t\t\t\t<\/div>\n\t\t\t\t<\/div>\n\t\t\t\t\t<\/div>\n\t\t<\/div>\n\t\t\t\t<div class=\"elementor-column elementor-col-50 elementor-top-column elementor-element elementor-element-074c3f6\" data-id=\"074c3f6\" data-element_type=\"column\" data-e-type=\"column\">\n\t\t\t<div class=\"elementor-widget-wrap elementor-element-populated\">\n\t\t\t\t\t\t<div class=\"elementor-element elementor-element-b7591a1 agrikon-transform transform-type-translate elementor-widget elementor-widget-heading\" data-id=\"b7591a1\" data-element_type=\"widget\" data-e-type=\"widget\" data-widget_type=\"heading.default\">\n\t\t\t\t<div class=\"elementor-widget-container\">\n\t\t\t\t\t<h2 class=\"elementor-heading-title elementor-size-default\">Acerca de nosotros<\/h2>\t\t\t\t<\/div>\n\t\t\t\t<\/div>\n\t\t\t\t<div class=\"elementor-element elementor-element-67615ee elementor-widget elementor-widget-text-editor\" data-id=\"67615ee\" data-element_type=\"widget\" data-e-type=\"widget\" data-widget_type=\"text-editor.default\">\n\t\t\t\t<div class=\"elementor-widget-container\">\n\t\t\t\t\t\t\t\t\t<p>SUSTAGRI4.0 finaliz\u00f3 el 1 de mayo de 2024. En nombre de los socios del proyecto, F6S Innovation, la Universidad de Valencia, Quality Culture, la ONG Mine Vaganti e iAgroCert, le agradecemos el compromiso y el inter\u00e9s en el proyecto y sus resultados.<\/p>\t\t\t\t\t\t\t\t<\/div>\n\t\t\t\t<\/div>\n\t\t\t\t<div class=\"elementor-element elementor-element-ca90263 elementor-widget elementor-widget-text-editor\" data-id=\"ca90263\" data-element_type=\"widget\" data-e-type=\"widget\" data-widget_type=\"text-editor.default\">\n\t\t\t\t<div class=\"elementor-widget-container\">\n\t\t\t\t\t\t\t\t\t<p>SUSTAGRI4.0 aportar\u00e1 habilidades digitales y de marketing a los peque\u00f1os agricultores y propietarios de agronegocios hacia un futuro sostenible e impulsado por la comunidad.<\/p><p>El objetivo principal de SUSTAGRI4.0 es promover la agricultura y la agroindustria sostenibles como parte de la necesaria transici\u00f3n a la Agricultura 4.0, la cuarta ola revolucionaria en la adopci\u00f3n de tecnolog\u00eda avanzada y profunda. Comenzando en mayo de 2022, este proyecto se extender\u00e1 hasta mayo de 2024.<\/p><p>Empoderar\u00e1 a los productores locales y a los propietarios de agronegocios sostenibles con habilidades digitales y de marketing para acercarlos a su comunidad local y permitirles promocionar sus productos de manera m\u00e1s efectiva, lo que tambi\u00e9n fomentar\u00e1 una expansi\u00f3n de las pr\u00e1cticas sostenibles y una cultura alimentaria que favorezca los productos locales, as\u00ed como la reducci\u00f3n de residuos.<\/p>\t\t\t\t\t\t\t\t<\/div>\n\t\t\t\t<\/div>\n\t\t\t\t<div class=\"elementor-element elementor-element-2f03257 elementor-widget elementor-widget-button\" data-id=\"2f03257\" data-element_type=\"widget\" data-e-type=\"widget\" data-widget_type=\"button.default\">\n\t\t\t\t<div class=\"elementor-widget-container\">\n\t\t\t\t\t\t\t\t\t<div class=\"elementor-button-wrapper\">\n\t\t\t\t\t<a class=\"elementor-button elementor-button-link elementor-size-sm\" href=\"https:\/\/sustagri.eu\/es\/about-us\/\">\n\t\t\t\t\t\t<span class=\"elementor-button-content-wrapper\">\n\t\t\t\t\t\t\t\t\t<span class=\"elementor-button-text\">Leer m\u00e1s<\/span>\n\t\t\t\t\t<\/span>\n\t\t\t\t\t<\/a>\n\t\t\t\t<\/div>\n\t\t\t\t\t\t\t\t<\/div>\n\t\t\t\t<\/div>\n\t\t\t\t\t<\/div>\n\t\t<\/div>\n\t\t\t\t\t<\/div>\n\t\t<\/div>\n\t\t\t\t<div class=\"elementor-section elementor-top-section elementor-element elementor-element-f72f560 elementor-section-full_width elementor-section-height-default elementor-section-height-default nt-section-ripped-top ripped-top-no nt-section-ripped-bottom ripped-bottom-no\" data-id=\"f72f560\" data-element_type=\"section\" data-e-type=\"section\">\n\t\t\t\t\t\t<div class=\"elementor-container elementor-column-gap-no\">\n\t\t\t\t\t<div class=\"elementor-column elementor-col-100 elementor-top-column elementor-element elementor-element-0e85fee\" data-id=\"0e85fee\" data-element_type=\"column\" data-e-type=\"column\">\n\t\t\t<div class=\"elementor-widget-wrap elementor-element-populated\">\n\t\t\t\t\t\t<div class=\"elementor-element elementor-element-555ca95 elementor-widget elementor-widget-agrikon-testimonials\" data-id=\"555ca95\" data-element_type=\"widget\" data-e-type=\"widget\" data-widget_type=\"agrikon-testimonials.default\">\n\t\t\t\t<div class=\"elementor-widget-container\">\n\t\t\t\t\t<div class=\"testimonials-one\" data-slider='{\"loop\":true,\"speed\":1400,\"delay\":8000,\"dots\":true,\"thumbs\":false,\"autoplay\":true,\"smperview\": 1,\"mdperview\":1,\"perview\": 1,\"space\": 0}'><img decoding=\"async\" width=\"1860\" height=\"839\" src=\"https:\/\/sustagri.eu\/wp-content\/uploads\/2020\/12\/testimonials-bg.png\" class=\"testimonials-one__bg\" alt=\"\" srcset=\"https:\/\/sustagri.eu\/wp-content\/uploads\/2020\/12\/testimonials-bg.png 1860w, https:\/\/sustagri.eu\/wp-content\/uploads\/2020\/12\/testimonials-bg-980x442.png 980w\" sizes=\"(max-width: 1860px) 100vw, 1860px\" \/><div class=\"container\"><p class=\"testimonials-one__title\">Testimonios<\/p><div class=\"testimonials-one__quote testimonials-one__carousel swiper-container\"><div class=\"swiper-wrapper\"><div class=\"swiper-slide\"><p class=\"text\">\u00abMe gusta compartir, me gusta la conexi\u00f3n que proviene de conocer gente nueva de diferentes culturas, y es pensar fuera de la caja porque trabajo la mayor parte del tiempo solo, por lo que solo te centras en tus ideas [...] Me ir\u00e9 a casa con m\u00e1s ideas, m\u00e1s creatividad y diferentes ideas y percepciones de lo que est\u00e1 sucediendo fuera. Me encanta\u00bb. <\/p><div class=\"testimonials-one__thumb single__avatar\"><img loading=\"lazy\" decoding=\"async\" width=\"800\" height=\"800\" src=\"https:\/\/sustagri.eu\/wp-content\/uploads\/2023\/02\/1643629893700.jpeg\" class=\"t-img\" alt=\"\" srcset=\"https:\/\/sustagri.eu\/wp-content\/uploads\/2023\/02\/1643629893700.jpeg 800w, https:\/\/sustagri.eu\/wp-content\/uploads\/2023\/02\/1643629893700-300x300.jpeg 300w, https:\/\/sustagri.eu\/wp-content\/uploads\/2023\/02\/1643629893700-150x150.jpeg 150w, https:\/\/sustagri.eu\/wp-content\/uploads\/2023\/02\/1643629893700-768x768.jpeg 768w, https:\/\/sustagri.eu\/wp-content\/uploads\/2023\/02\/1643629893700-500x500.jpeg 500w, https:\/\/sustagri.eu\/wp-content\/uploads\/2023\/02\/1643629893700-750x750.jpeg 750w\" sizes=\"(max-width: 800px) 100vw, 800px\" \/><\/div><div class=\"testimonials-one__metas\"><div class=\"testimonials-one__meta\"><h3 class=\"name\"> Francesco Trocchia<\/h3><\/div><\/div><\/div><div class=\"swiper-slide\"><p class=\"text\">\u00abFue una gran oportunidad para aprender, comunicar, obtener m\u00e1s experiencia y m\u00e1s ideas sobre c\u00f3mo comunicarse de manera eficiente en un tema [capacidades digitales y marketing] que es extremadamente importante y ser\u00e1 cada vez m\u00e1s importante en un futuro en el que el clima est\u00e1 cambiando y la agricultura tiene que cambiar con \u00e9l\u00bb. <\/p><div class=\"testimonials-one__thumb single__avatar\"><img loading=\"lazy\" decoding=\"async\" width=\"1080\" height=\"1080\" src=\"https:\/\/sustagri.eu\/wp-content\/uploads\/2023\/02\/FInal-research-report-SUSTAGRI-2.png\" class=\"t-img\" alt=\"\" srcset=\"https:\/\/sustagri.eu\/wp-content\/uploads\/2023\/02\/FInal-research-report-SUSTAGRI-2.png 1080w, https:\/\/sustagri.eu\/wp-content\/uploads\/2023\/02\/FInal-research-report-SUSTAGRI-2-300x300.png 300w, https:\/\/sustagri.eu\/wp-content\/uploads\/2023\/02\/FInal-research-report-SUSTAGRI-2-1024x1024.png 1024w, https:\/\/sustagri.eu\/wp-content\/uploads\/2023\/02\/FInal-research-report-SUSTAGRI-2-150x150.png 150w, https:\/\/sustagri.eu\/wp-content\/uploads\/2023\/02\/FInal-research-report-SUSTAGRI-2-768x768.png 768w, https:\/\/sustagri.eu\/wp-content\/uploads\/2023\/02\/FInal-research-report-SUSTAGRI-2-500x500.png 500w, https:\/\/sustagri.eu\/wp-content\/uploads\/2023\/02\/FInal-research-report-SUSTAGRI-2-750x750.png 750w\" sizes=\"(max-width: 1080px) 100vw, 1080px\" \/><\/div><div class=\"testimonials-one__metas\"><div class=\"testimonials-one__meta\"><h3 class=\"name\">Irene Tazzara <\/h3><\/div><\/div><\/div><div class=\"swiper-slide\"><p class=\"text\">\u00abMe encant\u00f3 toda la sinergia de diferentes pa\u00edses y nacionalidades [...] Para nosotros en TI y el lado digital en Irlanda, [los agricultores] le tienen miedo, pero en otros pa\u00edses se ve que los agricultores son un poco mejores en lo digital. As\u00ed que va a ser muy interesante y emocionante ver los resultados y las ideas que se desprenden de esto. Y tambi\u00e9n est\u00e1s aprendiendo porque est\u00e1s escuchando sobre nuevas plataformas y nuevas ideas. [...] Ha sido maravilloso, gracias\u00bb.  <\/p><div class=\"testimonials-one__thumb single__avatar\"><img loading=\"lazy\" decoding=\"async\" width=\"400\" height=\"400\" src=\"https:\/\/sustagri.eu\/wp-content\/uploads\/2023\/02\/1581881734305.jpeg\" class=\"t-img\" alt=\"\" srcset=\"https:\/\/sustagri.eu\/wp-content\/uploads\/2023\/02\/1581881734305.jpeg 400w, https:\/\/sustagri.eu\/wp-content\/uploads\/2023\/02\/1581881734305-300x300.jpeg 300w, https:\/\/sustagri.eu\/wp-content\/uploads\/2023\/02\/1581881734305-150x150.jpeg 150w\" sizes=\"(max-width: 400px) 100vw, 400px\" \/><\/div><div class=\"testimonials-one__metas\"><div class=\"testimonials-one__meta\"><h3 class=\"name\">Geraldine Fitzpatrick<\/h3><\/div><\/div><\/div><div class=\"swiper-slide\"><p class=\"text\">\u00abLo que m\u00e1s me emociona [sobre SUSTAGRI4.0] son los agricultores que son un poco desconocidos porque [...] la mayor\u00eda de la gente compra en grandes mercados y no sabe nada de la gente del otro lado: est\u00e1n olvidados, y es muy agradable pensar en ayudarlos a ser m\u00e1s [independientes]\u00bb. <\/p><div class=\"testimonials-one__thumb single__avatar\"><img loading=\"lazy\" decoding=\"async\" width=\"299\" height=\"299\" src=\"https:\/\/sustagri.eu\/wp-content\/uploads\/2023\/02\/1516442111433.jpeg\" class=\"t-img\" alt=\"\" srcset=\"https:\/\/sustagri.eu\/wp-content\/uploads\/2023\/02\/1516442111433.jpeg 299w, https:\/\/sustagri.eu\/wp-content\/uploads\/2023\/02\/1516442111433-150x150.jpeg 150w\" sizes=\"(max-width: 299px) 100vw, 299px\" \/><\/div><div class=\"testimonials-one__metas\"><div class=\"testimonials-one__meta\"><h3 class=\"name\">Amparo Guanter<\/h3><\/div><\/div><\/div><div class=\"swiper-slide\"><p class=\"text\">\u00abHemos sido de diferentes pa\u00edses, diferentes edades, diferentes carreras, por lo que no fue f\u00e1cil pensar las mismas cosas y tratamos de discutir [...] las diferencias que ten\u00edamos al principio para encontrar una buena soluci\u00f3n\u00bb. <\/p><div class=\"testimonials-one__thumb single__avatar\"><img loading=\"lazy\" decoding=\"async\" width=\"400\" height=\"400\" src=\"https:\/\/sustagri.eu\/wp-content\/uploads\/2023\/02\/1641578316701.jpeg\" class=\"t-img\" alt=\"\" srcset=\"https:\/\/sustagri.eu\/wp-content\/uploads\/2023\/02\/1641578316701.jpeg 400w, https:\/\/sustagri.eu\/wp-content\/uploads\/2023\/02\/1641578316701-300x300.jpeg 300w, https:\/\/sustagri.eu\/wp-content\/uploads\/2023\/02\/1641578316701-150x150.jpeg 150w\" sizes=\"(max-width: 400px) 100vw, 400px\" \/><\/div><div class=\"testimonials-one__metas\"><div class=\"testimonials-one__meta\"><h3 class=\"name\">Alejandro Gamir Cobacho<\/h3><\/div><\/div><\/div><\/div><\/div><div class=\"swiper-pagination testimonials-one__swiper-pagination\"><\/div><\/div><\/div>\t\t\t\t<\/div>\n\t\t\t\t<\/div>\n\t\t\t\t\t<\/div>\n\t\t<\/div>\n\t\t\t\t\t<\/div>\n\t\t<\/div>\n\t\t\t\t<div class=\"elementor-section elementor-top-section elementor-element elementor-element-844dcf2 nt-section section-padding elementor-section-boxed elementor-section-height-default elementor-section-height-default nt-section-ripped-top ripped-top-no nt-section-ripped-bottom ripped-bottom-no\" data-id=\"844dcf2\" data-element_type=\"section\" data-e-type=\"section\" data-settings=\"{&quot;background_background&quot;:&quot;classic&quot;}\">\n\t\t\t\t\t\t<div class=\"elementor-container elementor-column-gap-no\">\n\t\t\t\t\t<div class=\"elementor-column elementor-col-100 elementor-top-column elementor-element elementor-element-c9c458c\" data-id=\"c9c458c\" data-element_type=\"column\" data-e-type=\"column\" data-settings=\"{&quot;background_background&quot;:&quot;classic&quot;}\">\n\t\t\t<div class=\"elementor-widget-wrap elementor-element-populated\">\n\t\t\t\t\t\t<div class=\"elementor-section elementor-inner-section elementor-element elementor-element-bfff39e elementor-section-boxed elementor-section-height-default elementor-section-height-default nt-section-ripped-top ripped-top-no nt-section-ripped-bottom ripped-bottom-no\" data-id=\"bfff39e\" data-element_type=\"section\" data-e-type=\"section\">\n\t\t\t\t\t\t<div class=\"elementor-container elementor-column-gap-no\">\n\t\t\t\t\t<div class=\"elementor-column elementor-col-50 elementor-inner-column elementor-element elementor-element-b59c8d0\" data-id=\"b59c8d0\" data-element_type=\"column\" data-e-type=\"column\">\n\t\t\t<div class=\"elementor-widget-wrap elementor-element-populated\">\n\t\t\t\t\t\t<div class=\"elementor-element elementor-element-b569aa0 agrikon-transform transform-type-translate elementor-widget elementor-widget-heading\" data-id=\"b569aa0\" data-element_type=\"widget\" data-e-type=\"widget\" data-widget_type=\"heading.default\">\n\t\t\t\t<div class=\"elementor-widget-container\">\n\t\t\t\t\t<span class=\"elementor-heading-title elementor-size-default\">Desde la entrada del blog<\/span>\t\t\t\t<\/div>\n\t\t\t\t<\/div>\n\t\t\t\t<div class=\"elementor-element elementor-element-88349c7 agrikon-transform transform-type-translate elementor-widget elementor-widget-heading\" data-id=\"88349c7\" data-element_type=\"widget\" data-e-type=\"widget\" data-widget_type=\"heading.default\">\n\t\t\t\t<div class=\"elementor-widget-container\">\n\t\t\t\t\t<h2 class=\"elementor-heading-title elementor-size-default\">\u00daltimas noticias<\/h2>\t\t\t\t<\/div>\n\t\t\t\t<\/div>\n\t\t\t\t\t<\/div>\n\t\t<\/div>\n\t\t\t\t<div class=\"elementor-column elementor-col-50 elementor-inner-column elementor-element elementor-element-e8fcd7a\" data-id=\"e8fcd7a\" data-element_type=\"column\" data-e-type=\"column\">\n\t\t\t<div class=\"elementor-widget-wrap\">\n\t\t\t\t\t\t\t<\/div>\n\t\t<\/div>\n\t\t\t\t\t<\/div>\n\t\t<\/div>\n\t\t\t\t<div class=\"elementor-section elementor-inner-section elementor-element elementor-element-d3523f0 elementor-section-boxed elementor-section-height-default elementor-section-height-default nt-section-ripped-top ripped-top-no nt-section-ripped-bottom ripped-bottom-no\" data-id=\"d3523f0\" data-element_type=\"section\" data-e-type=\"section\">\n\t\t\t\t\t\t<div class=\"elementor-container elementor-column-gap-no\">\n\t\t\t\t\t<div class=\"elementor-column elementor-col-100 elementor-inner-column elementor-element elementor-element-19469ce\" data-id=\"19469ce\" data-element_type=\"column\" data-e-type=\"column\">\n\t\t\t<div class=\"elementor-widget-wrap elementor-element-populated\">\n\t\t\t\t\t\t<div class=\"elementor-element elementor-element-dc04782 elementor-widget elementor-widget-agrikon-blog-special\" data-id=\"dc04782\" data-element_type=\"widget\" data-e-type=\"widget\" data-widget_type=\"agrikon-blog-special.default\">\n\t\t\t\t<div class=\"elementor-widget-container\">\n\t\t\t\t\t<div class=\"blog-one\"><div class=\"row\"><div class=\"col-sm-12 col-md-12 col-lg-4\"><div class=\"blog-card\"><div class=\"blog-card__image\"><img loading=\"lazy\" decoding=\"async\" width=\"150\" height=\"150\" src=\"https:\/\/sustagri.eu\/wp-content\/uploads\/2024\/03\/bcd013db-a494-d589-d4b9-80ff1c456bea-150x150.png\" class=\"b-img wp-post-image\" alt=\"\" srcset=\"https:\/\/sustagri.eu\/wp-content\/uploads\/2024\/03\/bcd013db-a494-d589-d4b9-80ff1c456bea-150x150.png 150w, https:\/\/sustagri.eu\/wp-content\/uploads\/2024\/03\/bcd013db-a494-d589-d4b9-80ff1c456bea-500x500.png 500w, https:\/\/sustagri.eu\/wp-content\/uploads\/2024\/03\/bcd013db-a494-d589-d4b9-80ff1c456bea-750x750.png 750w\" sizes=\"(max-width: 150px) 100vw, 150px\" \/><a href=\"https:\/\/sustagri.eu\/es\/sustagri4-0-newsletter-no-8\/\"><\/a><\/div><div class=\"blog-card__content\"><div class=\"blog-card__date\"><a href=\"https:\/\/sustagri.eu\/es\/2024\/04\/23\/\" title=\"https:\/\/sustagri.eu\/es\/2024\/04\/23\/\">23 de abril<\/a><\/div><div class=\"blog-card__meta\"><a href=\"https:\/\/sustagri.eu\/es\/author\/carolinaf6s-com\/\" title=\"Carolina\"><i class=\"far fa-user-circle\"><\/i> Carolina<\/a><\/div><h3 class=\"title\"><a href=\"https:\/\/sustagri.eu\/es\/sustagri4-0-newsletter-no-8\/\">SUSTAGRI4.0 Bolet\u00edn n.o 8<\/a><\/h3><a class=\"thm-btn\" href=\"https:\/\/sustagri.eu\/es\/sustagri4-0-newsletter-no-8\/\">Leer m\u00e1s<\/a><\/div><\/div><\/div><div class=\"col-sm-12 col-md-12 col-lg-4\"><div class=\"blog-card\"><div class=\"blog-card__image\"><img loading=\"lazy\" decoding=\"async\" width=\"150\" height=\"150\" src=\"https:\/\/sustagri.eu\/wp-content\/uploads\/2024\/04\/Screenshot-2024-04-19-at-16.17.35-150x150.png\" class=\"b-img wp-post-image\" alt=\"\" \/><a href=\"https:\/\/sustagri.eu\/es\/sustagri4-0-multiplier-events-interviews-pietro-dagostino-chef\/\"><\/a><\/div><div class=\"blog-card__content\"><div class=\"blog-card__date\"><a href=\"https:\/\/sustagri.eu\/es\/2024\/04\/19\/\" title=\"https:\/\/sustagri.eu\/es\/2024\/04\/19\/\">19 de abril<\/a><\/div><div class=\"blog-card__meta\"><a href=\"https:\/\/sustagri.eu\/es\/author\/carolinaf6s-com\/\" title=\"Carolina\"><i class=\"far fa-user-circle\"><\/i> Carolina<\/a><\/div><h3 class=\"title\"><a href=\"https:\/\/sustagri.eu\/es\/sustagri4-0-multiplier-events-interviews-pietro-dagostino-chef\/\">SUSTAGRI4.0 Entrevistas con eventos multiplicadores \u2013 Pietro d\u2019Agostino, chef<\/a><\/h3><a class=\"thm-btn\" href=\"https:\/\/sustagri.eu\/es\/sustagri4-0-multiplier-events-interviews-pietro-dagostino-chef\/\">Leer m\u00e1s<\/a><\/div><\/div><\/div><div class=\"col-sm-12 col-md-12 col-lg-4\"><div class=\"blog-card\"><div class=\"blog-card__image\"><img loading=\"lazy\" decoding=\"async\" width=\"150\" height=\"150\" src=\"https:\/\/sustagri.eu\/wp-content\/uploads\/2024\/04\/Francesca_-_ME_Participant-scaled-e1713341691553-150x150.jpg\" class=\"b-img wp-post-image\" alt=\"\" srcset=\"https:\/\/sustagri.eu\/wp-content\/uploads\/2024\/04\/Francesca_-_ME_Participant-scaled-e1713341691553-150x150.jpg 150w, https:\/\/sustagri.eu\/wp-content\/uploads\/2024\/04\/Francesca_-_ME_Participant-scaled-e1713341691553-500x500.jpg 500w, https:\/\/sustagri.eu\/wp-content\/uploads\/2024\/04\/Francesca_-_ME_Participant-scaled-e1713341691553-750x750.jpg 750w\" sizes=\"(max-width: 150px) 100vw, 150px\" \/><a href=\"https:\/\/sustagri.eu\/es\/sustagri4-0-multiplier-events-interviews-francesca-marras\/\"><\/a><\/div><div class=\"blog-card__content\"><div class=\"blog-card__date\"><a href=\"https:\/\/sustagri.eu\/es\/2024\/04\/17\/\" title=\"https:\/\/sustagri.eu\/es\/2024\/04\/17\/\">17 de abril<\/a><\/div><div class=\"blog-card__meta\"><a href=\"https:\/\/sustagri.eu\/es\/author\/carolinaf6s-com\/\" title=\"Carolina\"><i class=\"far fa-user-circle\"><\/i> Carolina<\/a><\/div><h3 class=\"title\"><a href=\"https:\/\/sustagri.eu\/es\/sustagri4-0-multiplier-events-interviews-francesca-marras\/\">SUSTAGRI4.0 Multiplier Events Interviews \u2013 Francesca Marras, productora de aceite de oliva<\/a><\/h3><a class=\"thm-btn\" href=\"https:\/\/sustagri.eu\/es\/sustagri4-0-multiplier-events-interviews-francesca-marras\/\">Leer m\u00e1s<\/a><\/div><\/div><\/div><\/div><\/div>\t\t\t\t<\/div>\n\t\t\t\t<\/div>\n\t\t\t\t\t<\/div>\n\t\t<\/div>\n\t\t\t\t\t<\/div>\n\t\t<\/div>\n\t\t\t\t\t<\/div>\n\t\t<\/div>\n\t\t\t\t\t<\/div>\n\t\t<\/div>\n\t\t\t\t<\/div>","protected":false},"excerpt":{"rendered":"<p>Capacitar a los j\u00f3venes agricultores y propietarios de agronegocios con habilidades digitales y de marketing SUSTAGRI4.0 Descubre m\u00e1s sobre nosotros SUSTAGRI4.0 finaliz\u00f3 el 1 de mayo de 2024. En nombre de los socios del proyecto \u2014F6S Innovation, Universidad de Valencia, Quality Culture, Mine Vaganti NGO e iAgroCert\u2014, gracias por el compromiso y el inter\u00e9s en el proyecto y...<\/p>","protected":false},"author":10,"featured_media":0,"parent":0,"menu_order":0,"comment_status":"closed","ping_status":"closed","template":"","meta":{"footnotes":""},"class_list":["post-761","page","type-page","status-publish","hentry","nt-post-class",""],"_links":{"self":[{"href":"https:\/\/sustagri.eu\/es\/wp-json\/wp\/v2\/pages\/761","targetHints":{"allow":["GET"]}}],"collection":[{"href":"https:\/\/sustagri.eu\/es\/wp-json\/wp\/v2\/pages"}],"about":[{"href":"https:\/\/sustagri.eu\/es\/wp-json\/wp\/v2\/types\/page"}],"author":[{"embeddable":true,"href":"https:\/\/sustagri.eu\/es\/wp-json\/wp\/v2\/users\/10"}],"replies":[{"embeddable":true,"href":"https:\/\/sustagri.eu\/es\/wp-json\/wp\/v2\/comments?post=761"}],"version-history":[{"count":5,"href":"https:\/\/sustagri.eu\/es\/wp-json\/wp\/v2\/pages\/761\/revisions"}],"predecessor-version":[{"id":7118,"href":"https:\/\/sustagri.eu\/es\/wp-json\/wp\/v2\/pages\/761\/revisions\/7118"}],"wp:attachment":[{"href":"https:\/\/sustagri.eu\/es\/wp-json\/wp\/v2\/media?parent=761"}],"curies":[{"name":"wp","href":"https:\/\/api.w.org\/{rel}","templated":true}]}}