{"id":6529,"date":"2024-02-19T17:56:41","date_gmt":"2024-02-19T17:56:41","guid":{"rendered":"https:\/\/sustagri.eu\/?page_id=6529"},"modified":"2024-11-28T08:16:47","modified_gmt":"2024-11-28T08:16:47","slug":"multiplier-event-sassari","status":"publish","type":"page","link":"https:\/\/sustagri.eu\/es\/multiplier-event-sassari\/","title":{"rendered":"Acto multiplicador \u2013 Sassari (Italia)"},"content":{"rendered":"<h2 class=\"wp-block-heading has-text-color\" style=\"color: #004123;\">SUSTAGRI4.0 Plataforma de comercio electr\u00f3nico y mercado emergente<\/h2>\r\n\r\n\r\n\r\n<h4 class=\"wp-block-heading\"><em>5 de abril de 2024<\/em><\/h4>\r\n\r\n\r\n\r\n<div class=\"wp-block-spacer\" style=\"height: 20px;\" aria-hidden=\"true\">\u00a0<\/div>\r\n\r\n\r\n\r\n<figure class=\"wp-block-image size-large\"><img fetchpriority=\"high\" decoding=\"async\" width=\"1024\" height=\"538\" class=\"wp-image-6667\" src=\"https:\/\/sustagri.eu\/wp-content\/uploads\/2024\/04\/sassari-1024x538.png\" alt=\"\" srcset=\"https:\/\/sustagri.eu\/wp-content\/uploads\/2024\/04\/sassari-1024x538.png 1024w, https:\/\/sustagri.eu\/wp-content\/uploads\/2024\/04\/sassari-300x158.png 300w, https:\/\/sustagri.eu\/wp-content\/uploads\/2024\/04\/sassari-768x403.png 768w, https:\/\/sustagri.eu\/wp-content\/uploads\/2024\/04\/sassari.png 1200w\" sizes=\"(max-width: 1024px) 100vw, 1024px\" \/><\/figure>\r\n\r\n\r\n\r\n<div class=\"wp-block-spacer\" style=\"height: 24px;\" aria-hidden=\"true\">\u00a0<\/div>\r\n\r\n\r\n\r\n<p class=\"wp-block-heading\"><strong>Evento de difusi\u00f3n para la plataforma de comercio electr\u00f3nico y el mercado emergente con agricultores que muestran sus productos en sus tiendas temporales.<\/strong><\/p>\r\n\r\n\r\n\r\n<div class=\"wp-block-spacer\" style=\"height: 24px;\" aria-hidden=\"true\">\u00a0<\/div>\r\n\r\n\r\n\r\n<p class=\"wp-block-heading\"><strong>Lugar: Oficina de la ONG Mine Vaganti \u2013 Via del Fiore Bianco 13a, Sassari (Cerde\u00f1a)<\/strong><br \/><strong>Fecha: 5 de abril de 2024<\/strong><br \/><strong>Hora: De las 11.00 a las 14.00 horas<\/strong><\/p>\r\n\r\n\r\n\r\n<div class=\"wp-block-spacer\" style=\"height: 24px;\" aria-hidden=\"true\">\u00a0<\/div>","protected":false},"excerpt":{"rendered":"<p>SUSTAGRI4.0 Plataforma de comercio electr\u00f3nico y mercado emergente 5 de abril de 2024 Evento de difusi\u00f3n para la plataforma de comercio electr\u00f3nico y mercado emergente con agricultores que muestran sus productos en sus tiendas temporales. Lugar: Mine Vaganti NGO office \u2013 Via del Fiore Bianco 13a, Sassari (Cerde\u00f1a)Fecha: 5 de abril de 2024Hora: De las 11.00 a las 14.00 horas<\/p>","protected":false},"author":7,"featured_media":0,"parent":0,"menu_order":0,"comment_status":"closed","ping_status":"closed","template":"","meta":{"footnotes":""},"class_list":{"0":"post-6529","1":"page","2":"type-page","3":"status-publish","4":"hentry","5":"nt-post-class","6":"","8":"thumb-none","10":"excerpt-none"},"_links":{"self":[{"href":"https:\/\/sustagri.eu\/es\/wp-json\/wp\/v2\/pages\/6529","targetHints":{"allow":["GET"]}}],"collection":[{"href":"https:\/\/sustagri.eu\/es\/wp-json\/wp\/v2\/pages"}],"about":[{"href":"https:\/\/sustagri.eu\/es\/wp-json\/wp\/v2\/types\/page"}],"author":[{"embeddable":true,"href":"https:\/\/sustagri.eu\/es\/wp-json\/wp\/v2\/users\/7"}],"replies":[{"embeddable":true,"href":"https:\/\/sustagri.eu\/es\/wp-json\/wp\/v2\/comments?post=6529"}],"version-history":[{"count":5,"href":"https:\/\/sustagri.eu\/es\/wp-json\/wp\/v2\/pages\/6529\/revisions"}],"predecessor-version":[{"id":7004,"href":"https:\/\/sustagri.eu\/es\/wp-json\/wp\/v2\/pages\/6529\/revisions\/7004"}],"wp:attachment":[{"href":"https:\/\/sustagri.eu\/es\/wp-json\/wp\/v2\/media?parent=6529"}],"curies":[{"name":"wp","href":"https:\/\/api.w.org\/{rel}","templated":true}]}}