{"id":6525,"date":"2024-02-19T17:53:54","date_gmt":"2024-02-19T17:53:54","guid":{"rendered":"https:\/\/sustagri.eu\/?page_id=6525"},"modified":"2024-11-28T08:56:21","modified_gmt":"2024-11-28T08:56:21","slug":"multiplier-event-messina","status":"publish","type":"page","link":"https:\/\/sustagri.eu\/es\/multiplier-event-messina\/","title":{"rendered":"Evento multiplicador \u2013 Mesina (Italia)"},"content":{"rendered":"<h2 class=\"wp-block-heading has-text-color\" style=\"color: #004123;\">Resultados de la hierba y conexi\u00f3n con los agricultores locales<\/h2>\r\n\r\n\r\n\r\n<h4 class=\"wp-block-heading\"><em>22 de marzo de 2024<\/em><\/h4>\r\n\r\n\r\n\r\n<div class=\"wp-block-spacer\" style=\"height: 20px;\" aria-hidden=\"true\">\u00a0<\/div>\r\n\r\n\r\n\r\n<figure class=\"wp-block-image size-large\"><img fetchpriority=\"high\" decoding=\"async\" width=\"1024\" height=\"538\" class=\"wp-image-6599\" src=\"https:\/\/sustagri.eu\/wp-content\/uploads\/2024\/03\/8-1-1024x538.png\" alt=\"\" srcset=\"https:\/\/sustagri.eu\/wp-content\/uploads\/2024\/03\/8-1-1024x538.png 1024w, https:\/\/sustagri.eu\/wp-content\/uploads\/2024\/03\/8-1-300x158.png 300w, https:\/\/sustagri.eu\/wp-content\/uploads\/2024\/03\/8-1-768x403.png 768w, https:\/\/sustagri.eu\/wp-content\/uploads\/2024\/03\/8-1.png 1200w\" sizes=\"(max-width: 1024px) 100vw, 1024px\" \/><\/figure>\r\n\r\n\r\n\r\n<div class=\"wp-block-spacer\" style=\"height: 22px;\" aria-hidden=\"true\">\u00a0<\/div>\r\n\r\n\r\n\r\n<p class=\"wp-block-heading\"><strong>SUSTAGRI4.0 se presentar\u00e1 en el evento a trav\u00e9s de sus hitos y resultados, como la plataforma de comercio electr\u00f3nico Grass. Como el lugar es una escuela profesional para el sector agroalimentario, se espera que los invitados participen en intervenciones sobre la tem\u00e1tica de la agricultura sostenible y la cadena de suministro corta y estimulen el debate abierto y la creaci\u00f3n de redes entre los agricultores.<\/strong><\/p>\r\n\r\n\r\n\r\n<div class=\"wp-block-spacer\" style=\"height: 22px;\" aria-hidden=\"true\">\u00a0<\/div>\r\n\r\n\r\n\r\n<p class=\"wp-block-heading\"><strong>Lugar: Istituto Tecnico Agrario \u00abP. Cuppari\u00bb di San Placido Caloner\u00f2, Messina (Sicilia)<\/strong><br \/><strong>Fecha: 22 de marzo de 2024<\/strong><br \/><strong>Hora: De las 10.00 a las 12.00 horas<\/strong><\/p>","protected":false},"excerpt":{"rendered":"<p>Los resultados de la hierba y la conexi\u00f3n con los agricultores locales 22 de marzo de 2024 SUSTAGRI4.0 se presentar\u00e1n en el evento a trav\u00e9s de sus hitos y resultados, como la plataforma de comercio electr\u00f3nico Grass. Como el lugar es una escuela profesional para el sector agroalimentario, se espera que los invitados participen en intervenciones sobre la tem\u00e1tica de la agricultura sostenible y...<\/p>","protected":false},"author":7,"featured_media":0,"parent":0,"menu_order":0,"comment_status":"closed","ping_status":"closed","template":"","meta":{"footnotes":""},"class_list":{"0":"post-6525","1":"page","2":"type-page","3":"status-publish","4":"hentry","5":"nt-post-class","6":"","8":"thumb-none","10":"excerpt-none"},"_links":{"self":[{"href":"https:\/\/sustagri.eu\/es\/wp-json\/wp\/v2\/pages\/6525","targetHints":{"allow":["GET"]}}],"collection":[{"href":"https:\/\/sustagri.eu\/es\/wp-json\/wp\/v2\/pages"}],"about":[{"href":"https:\/\/sustagri.eu\/es\/wp-json\/wp\/v2\/types\/page"}],"author":[{"embeddable":true,"href":"https:\/\/sustagri.eu\/es\/wp-json\/wp\/v2\/users\/7"}],"replies":[{"embeddable":true,"href":"https:\/\/sustagri.eu\/es\/wp-json\/wp\/v2\/comments?post=6525"}],"version-history":[{"count":5,"href":"https:\/\/sustagri.eu\/es\/wp-json\/wp\/v2\/pages\/6525\/revisions"}],"predecessor-version":[{"id":7025,"href":"https:\/\/sustagri.eu\/es\/wp-json\/wp\/v2\/pages\/6525\/revisions\/7025"}],"wp:attachment":[{"href":"https:\/\/sustagri.eu\/es\/wp-json\/wp\/v2\/media?parent=6525"}],"curies":[{"name":"wp","href":"https:\/\/api.w.org\/{rel}","templated":true}]}}