{"id":6519,"date":"2024-02-19T17:47:51","date_gmt":"2024-02-19T17:47:51","guid":{"rendered":"https:\/\/sustagri.eu\/?page_id=6519"},"modified":"2024-11-28T09:00:13","modified_gmt":"2024-11-28T09:00:13","slug":"multiplier-event-ireland","status":"publish","type":"page","link":"https:\/\/sustagri.eu\/es\/multiplier-event-ireland\/","title":{"rendered":"Acto multiplicador \u2013 Cloughjordan (Irlanda)"},"content":{"rendered":"<h2 class=\"wp-block-heading has-text-color\" style=\"color: #004123;\">Feeding Ourselves Reuni\u00f3n 2024<\/h2>\r\n\r\n\r\n\r\n<h4 class=\"wp-block-heading\"><em>22 y 23 de marzo de 2024<\/em><\/h4>\r\n\r\n\r\n\r\n<div class=\"wp-block-spacer\" style=\"height: 20px;\" aria-hidden=\"true\">\u00a0<\/div>\r\n\r\n\r\n\r\n<figure class=\"wp-block-image size-large\"><img fetchpriority=\"high\" decoding=\"async\" width=\"1024\" height=\"538\" class=\"wp-image-6562\" src=\"https:\/\/sustagri.eu\/wp-content\/uploads\/2024\/02\/1-1024x538.png\" alt=\"\" srcset=\"https:\/\/sustagri.eu\/wp-content\/uploads\/2024\/02\/1-1024x538.png 1024w, https:\/\/sustagri.eu\/wp-content\/uploads\/2024\/02\/1-300x158.png 300w, https:\/\/sustagri.eu\/wp-content\/uploads\/2024\/02\/1-768x403.png 768w, https:\/\/sustagri.eu\/wp-content\/uploads\/2024\/02\/1.png 1200w\" sizes=\"(max-width: 1024px) 100vw, 1024px\" \/><\/figure>\r\n\r\n\r\n\r\n<div class=\"wp-block-spacer\" style=\"height: 23px;\" aria-hidden=\"true\">\u00a0<\/div>\r\n\r\n\r\n\r\n<p class=\"wp-block-heading\"><strong>SUSTAGRI4.0 estar\u00e1 presente en el \u00abFeeding Ourselves Gathering 2024\u00bb en Cloughjordan (Irlanda) y presentar\u00e1 un taller titulado \u00abYour farm, your initiative, your story: Why you need a narrative for success\u00bb (Por qu\u00e9 se necesita una narrativa para el \u00e9xito), s\u00e1bado 23 de marzo, a las 14.00 horas.<\/strong><\/p>\r\n\r\n\r\n\r\n<div class=\"wp-block-spacer\" style=\"height: 23px;\" aria-hidden=\"true\">\u00a0<\/div>\r\n\r\n\r\n<div class=\"wp-block-image\">\r\n<figure class=\"aligncenter size-large is-resized\"><img decoding=\"async\" width=\"1024\" height=\"583\" class=\"wp-image-6543\" style=\"width: 676px; height: auto;\" src=\"https:\/\/sustagri.eu\/wp-content\/uploads\/2024\/02\/Screenshot-2024-02-28-at-15.10.22-1024x583.png\" alt=\"\" srcset=\"https:\/\/sustagri.eu\/wp-content\/uploads\/2024\/02\/Screenshot-2024-02-28-at-15.10.22-1024x583.png 1024w, https:\/\/sustagri.eu\/wp-content\/uploads\/2024\/02\/Screenshot-2024-02-28-at-15.10.22-300x171.png 300w, https:\/\/sustagri.eu\/wp-content\/uploads\/2024\/02\/Screenshot-2024-02-28-at-15.10.22-768x437.png 768w, https:\/\/sustagri.eu\/wp-content\/uploads\/2024\/02\/Screenshot-2024-02-28-at-15.10.22.png 1173w\" sizes=\"(max-width: 1024px) 100vw, 1024px\" \/><\/figure>\r\n<\/div>\r\n\r\n\r\n<div class=\"wp-block-spacer\" style=\"height: 22px;\" aria-hidden=\"true\">\u00a0<\/div>\r\n\r\n\r\n\r\n<p class=\"wp-block-heading\"><strong>El stand del proyecto estar\u00e1 en el evento los d\u00edas 22 y 23 de marzo, de 10h a 17h.<\/strong><\/p>\r\n\r\n\r\n\r\n<div class=\"wp-block-spacer\" style=\"height: 22px;\" aria-hidden=\"true\">\u00a0<\/div>\r\n\r\n\r\n\r\n<p class=\"wp-block-heading\"><strong>Lugar: WeCreate Espacio de trabajo, Cloughjordan Ecovillage<\/strong><br \/><strong>Fecha: 22-23 de marzo de 2024<\/strong><br \/><strong>Hora: De las 10.00 a las 17.00 horas<\/strong><\/p>","protected":false},"excerpt":{"rendered":"<p>Feeding Ourselves Gathering 2024 22-23 de marzo de 2024 SUSTAGRI4.0 estar\u00e1 presente en el \u00abFeeding Ourselves Gathering 2024\u00bb en Cloughjordan (Irlanda) y presentar\u00e1 un taller titulado \u00abYour farm, your initiative, your story: Why you need a narrative for success\u00bb el s\u00e1bado 23 de marzo, a las 14.00 horas. El stand del proyecto estar\u00e1 en...<\/p>","protected":false},"author":7,"featured_media":5616,"parent":0,"menu_order":0,"comment_status":"closed","ping_status":"closed","template":"","meta":{"footnotes":""},"class_list":{"0":"post-6519","1":"page","2":"type-page","3":"status-publish","4":"has-post-thumbnail","5":"hentry","6":"nt-post-class","7":"","11":"excerpt-none"},"_links":{"self":[{"href":"https:\/\/sustagri.eu\/es\/wp-json\/wp\/v2\/pages\/6519","targetHints":{"allow":["GET"]}}],"collection":[{"href":"https:\/\/sustagri.eu\/es\/wp-json\/wp\/v2\/pages"}],"about":[{"href":"https:\/\/sustagri.eu\/es\/wp-json\/wp\/v2\/types\/page"}],"author":[{"embeddable":true,"href":"https:\/\/sustagri.eu\/es\/wp-json\/wp\/v2\/users\/7"}],"replies":[{"embeddable":true,"href":"https:\/\/sustagri.eu\/es\/wp-json\/wp\/v2\/comments?post=6519"}],"version-history":[{"count":5,"href":"https:\/\/sustagri.eu\/es\/wp-json\/wp\/v2\/pages\/6519\/revisions"}],"predecessor-version":[{"id":7028,"href":"https:\/\/sustagri.eu\/es\/wp-json\/wp\/v2\/pages\/6519\/revisions\/7028"}],"wp:featuredmedia":[{"embeddable":true,"href":"https:\/\/sustagri.eu\/es\/wp-json\/wp\/v2\/media\/5616"}],"wp:attachment":[{"href":"https:\/\/sustagri.eu\/es\/wp-json\/wp\/v2\/media?parent=6519"}],"curies":[{"name":"wp","href":"https:\/\/api.w.org\/{rel}","templated":true}]}}