{"id":5977,"date":"2023-10-13T07:59:16","date_gmt":"2023-10-13T07:59:16","guid":{"rendered":"https:\/\/sustagri.eu\/?page_id=5977"},"modified":"2025-03-19T10:17:12","modified_gmt":"2025-03-19T10:17:12","slug":"ecourse","status":"publish","type":"page","link":"https:\/\/sustagri.eu\/es\/ecourse\/","title":{"rendered":"Curso en l\u00ednea"},"content":{"rendered":"<div data-elementor-type=\"wp-page\" data-elementor-id=\"5977\" class=\"elementor elementor-5977\" data-elementor-post-type=\"page\">\n\t\t\t\t\t\t<section class=\"elementor-section elementor-top-section elementor-element elementor-element-4b3fe64 elementor-section-full_width elementor-section-height-default elementor-section-height-default nt-section-ripped-top ripped-top-no nt-section-ripped-bottom ripped-bottom-no\" data-id=\"4b3fe64\" data-element_type=\"section\" data-e-type=\"section\">\n\t\t\t\t\t\t<div class=\"elementor-container elementor-column-gap-default\">\n\t\t\t\t\t<div class=\"elementor-column elementor-col-100 elementor-top-column elementor-element elementor-element-8ca5f5c\" data-id=\"8ca5f5c\" data-element_type=\"column\" data-e-type=\"column\">\n\t\t\t<div class=\"elementor-widget-wrap elementor-element-populated\">\n\t\t\t\t\t\t<div class=\"elementor-element elementor-element-94ee9f9 elementor-widget elementor-widget-agrikon-page-hero\" data-id=\"94ee9f9\" data-element_type=\"widget\" data-e-type=\"widget\" data-widget_type=\"agrikon-page-hero.default\">\n\t\t\t\t<div class=\"elementor-widget-container\">\n\t\t\t\t\t<div class=\"page-header\"><div class=\"page-header__bg\"><\/div><div class=\"container\"><div aria-label=\"Pan rallado\" class=\"breadcrumb-trail breadcrumbs\"><ul class=\"breadcrumbs thm-breadcrumb list-unstyled\"><li  class=\"trail-item breadcrumb_item trail-end breadcrumb_active\"><a href=\"https:\/\/sustagri.eu\/es\/\" rel=\"home\" itemprop=\"item\"><span>Hogar<\/span><\/a><\/li><\/ul><\/div><h1 class=\"page-title\">SUSTAGRI4.0 Curso electr\u00f3nico<\/h1><\/div><\/div>\t\t\t\t<\/div>\n\t\t\t\t<\/div>\n\t\t\t\t\t<\/div>\n\t\t<\/div>\n\t\t\t\t\t<\/div>\n\t\t<\/section>\n\t\t\t\t<div class=\"elementor-section elementor-top-section elementor-element elementor-element-ba4371c nt-section section-padding elementor-section-boxed elementor-section-height-default elementor-section-height-default nt-section-ripped-bottom ripped-bottom-no\" data-id=\"ba4371c\" data-element_type=\"section\" data-e-type=\"section\">\n\t\t\t\t\t\t<div class=\"elementor-container elementor-column-gap-no\">\n\t\t\t\t\t<div class=\"elementor-column elementor-col-50 elementor-top-column elementor-element elementor-element-49541ab\" data-id=\"49541ab\" data-element_type=\"column\" data-e-type=\"column\">\n\t\t\t<div class=\"elementor-widget-wrap elementor-element-populated\">\n\t\t\t\t\t\t<div class=\"elementor-element elementor-element-326f6a8 elementor-widget elementor-widget-agrikon-bubble-image\" data-id=\"326f6a8\" data-element_type=\"widget\" data-e-type=\"widget\" data-widget_type=\"agrikon-bubble-image.default\">\n\t\t\t\t<div class=\"elementor-widget-container\">\n\t\t\t\t\t<div class=\"contact-two__image\"><img fetchpriority=\"high\" decoding=\"async\" width=\"500\" height=\"500\" src=\"https:\/\/sustagri.eu\/wp-content\/uploads\/2023\/10\/little-plant-500x500.png\" class=\"img-fluid c-img\" alt=\"\" srcset=\"https:\/\/sustagri.eu\/wp-content\/uploads\/2023\/10\/little-plant-500x500.png 500w, https:\/\/sustagri.eu\/wp-content\/uploads\/2023\/10\/little-plant-300x300.png 300w, https:\/\/sustagri.eu\/wp-content\/uploads\/2023\/10\/little-plant-150x150.png 150w, https:\/\/sustagri.eu\/wp-content\/uploads\/2023\/10\/little-plant-768x768.png 768w, https:\/\/sustagri.eu\/wp-content\/uploads\/2023\/10\/little-plant-750x750.png 750w, https:\/\/sustagri.eu\/wp-content\/uploads\/2023\/10\/elementor\/thumbs\/little-plant-qdso7qtlf9pytuba6qb4j6hqr0dd6l3v8b9b2ib42s.png 330w, https:\/\/sustagri.eu\/wp-content\/uploads\/2023\/10\/little-plant.png 800w\" sizes=\"(max-width: 500px) 100vw, 500px\" \/><\/div>\t\t\t\t<\/div>\n\t\t\t\t<\/div>\n\t\t\t\t\t<\/div>\n\t\t<\/div>\n\t\t\t\t<div class=\"elementor-column elementor-col-50 elementor-top-column elementor-element elementor-element-4d2ed7d\" data-id=\"4d2ed7d\" data-element_type=\"column\" data-e-type=\"column\">\n\t\t\t<div class=\"elementor-widget-wrap elementor-element-populated\">\n\t\t\t\t\t\t<div class=\"elementor-element elementor-element-9ecc1d7 agrikon-transform transform-type-translate elementor-widget elementor-widget-heading\" data-id=\"9ecc1d7\" data-element_type=\"widget\" data-e-type=\"widget\" data-widget_type=\"heading.default\">\n\t\t\t\t<div class=\"elementor-widget-container\">\n\t\t\t\t\t<h3 class=\"elementor-heading-title elementor-size-default\">\u00a1Bienvenido al curso electr\u00f3nico SUSTAGRI4.0 sobre marketing digital para la agricultura sostenible!<\/h3>\t\t\t\t<\/div>\n\t\t\t\t<\/div>\n\t\t\t\t<div class=\"elementor-element elementor-element-63e6375 agrikon-transform transform-type-translate elementor-widget elementor-widget-heading\" data-id=\"63e6375\" data-element_type=\"widget\" data-e-type=\"widget\" data-widget_type=\"heading.default\">\n\t\t\t\t<div class=\"elementor-widget-container\">\n\t\t\t\t\t<p class=\"elementor-heading-title elementor-size-default\">Este curso integral est\u00e1 dise\u00f1ado para proporcionar recursos pr\u00e1cticos de aprendizaje que apoyan el desarrollo profesional de j\u00f3venes productores locales a peque\u00f1a escala y propietarios de negocios agr\u00edcolas. El objetivo principal es capacitar a los participantes proporcion\u00e1ndoles valiosos conocimientos y herramientas para desarrollar habilidades y competencias clave para sobresalir en el marketing digital, convirtiendo la agricultura como un estilo de vida a la agricultura como un negocio sostenible y respetuoso con el medio ambiente.<\/p>\t\t\t\t<\/div>\n\t\t\t\t<\/div>\n\t\t\t\t\t<\/div>\n\t\t<\/div>\n\t\t\t\t\t<\/div>\n\t\t<\/div>\n\t\t\t\t<div class=\"elementor-section elementor-top-section elementor-element elementor-element-67088c6 nt-section section-padding elementor-section-boxed elementor-section-height-default elementor-section-height-default nt-section-ripped-bottom ripped-bottom-no\" data-id=\"67088c6\" data-element_type=\"section\" data-e-type=\"section\">\n\t\t\t\t\t\t<div class=\"elementor-container elementor-column-gap-no\">\n\t\t\t\t\t<div class=\"elementor-column elementor-col-50 elementor-top-column elementor-element elementor-element-a4e714b\" data-id=\"a4e714b\" data-element_type=\"column\" data-e-type=\"column\">\n\t\t\t<div class=\"elementor-widget-wrap elementor-element-populated\">\n\t\t\t\t\t\t<div class=\"elementor-element elementor-element-6d4e8d4 agrikon-transform transform-type-translate elementor-widget elementor-widget-heading\" data-id=\"6d4e8d4\" data-element_type=\"widget\" data-e-type=\"widget\" data-widget_type=\"heading.default\">\n\t\t\t\t<div class=\"elementor-widget-container\">\n\t\t\t\t\t<h2 class=\"elementor-heading-title elementor-size-default\">SUSTAGRI4.0 Objetivos del curso electr\u00f3nico<\/h2>\t\t\t\t<\/div>\n\t\t\t\t<\/div>\n\t\t\t\t<div class=\"elementor-element elementor-element-b521cfc agrikon-transform transform-type-translate elementor-widget elementor-widget-heading\" data-id=\"b521cfc\" data-element_type=\"widget\" data-e-type=\"widget\" data-widget_type=\"heading.default\">\n\t\t\t\t<div class=\"elementor-widget-container\">\n\t\t\t\t\t<h3 class=\"elementor-heading-title elementor-size-default\">O1<\/h3>\t\t\t\t<\/div>\n\t\t\t\t<\/div>\n\t\t\t\t<div class=\"elementor-element elementor-element-2c9f23e agrikon-transform transform-type-translate elementor-widget elementor-widget-heading\" data-id=\"2c9f23e\" data-element_type=\"widget\" data-e-type=\"widget\" data-widget_type=\"heading.default\">\n\t\t\t\t<div class=\"elementor-widget-container\">\n\t\t\t\t\t<p class=\"elementor-heading-title elementor-size-default\">Ayude a los agricultores locales y a las empresas de agricultura sostenible a aprender sobre el marketing y la marca en l\u00ednea.<\/p>\t\t\t\t<\/div>\n\t\t\t\t<\/div>\n\t\t\t\t<div class=\"elementor-element elementor-element-393511f agrikon-transform transform-type-translate elementor-widget elementor-widget-heading\" data-id=\"393511f\" data-element_type=\"widget\" data-e-type=\"widget\" data-widget_type=\"heading.default\">\n\t\t\t\t<div class=\"elementor-widget-container\">\n\t\t\t\t\t<p class=\"elementor-heading-title elementor-size-default\">Ense\u00f1ar a los agricultores y propietarios de agronegocios c\u00f3mo usar Internet para promocionar sus productos y conectarse con clientes existentes y nuevos centr\u00e1ndose en t\u00e9cnicas de marketing digital para el sector agr\u00edcola, as\u00ed como en los elementos esenciales para crear una historia. <\/p>\t\t\t\t<\/div>\n\t\t\t\t<\/div>\n\t\t\t\t<div class=\"elementor-element elementor-element-799adb2 agrikon-transform transform-type-translate elementor-widget elementor-widget-heading\" data-id=\"799adb2\" data-element_type=\"widget\" data-e-type=\"widget\" data-widget_type=\"heading.default\">\n\t\t\t\t<div class=\"elementor-widget-container\">\n\t\t\t\t\t<h3 class=\"elementor-heading-title elementor-size-default\">O2<\/h3>\t\t\t\t<\/div>\n\t\t\t\t<\/div>\n\t\t\t\t<div class=\"elementor-element elementor-element-c3da7fe agrikon-transform transform-type-translate elementor-widget elementor-widget-heading\" data-id=\"c3da7fe\" data-element_type=\"widget\" data-e-type=\"widget\" data-widget_type=\"heading.default\">\n\t\t\t\t<div class=\"elementor-widget-container\">\n\t\t\t\t\t<p class=\"elementor-heading-title elementor-size-default\">Ayudar a los estudiantes de agricultura, agricultores y agronegocios a comprender la Agricultura 4.0 y la digitalizaci\u00f3n.<\/p>\t\t\t\t<\/div>\n\t\t\t\t<\/div>\n\t\t\t\t<div class=\"elementor-element elementor-element-a9fc7fe agrikon-transform transform-type-translate elementor-widget elementor-widget-heading\" data-id=\"a9fc7fe\" data-element_type=\"widget\" data-e-type=\"widget\" data-widget_type=\"heading.default\">\n\t\t\t\t<div class=\"elementor-widget-container\">\n\t\t\t\t\t<p class=\"elementor-heading-title elementor-size-default\">Compartir habilidades y conocimientos que proporcionen una comprensi\u00f3n profunda de los cambios actuales en el sector agr\u00edcola para una mayor adopci\u00f3n de tecnolog\u00edas avanzadas hacia pr\u00e1cticas agr\u00edcolas sostenibles, as\u00ed como proporcionar un marco para comprender la digitalizaci\u00f3n y comenzar a adoptar las herramientas necesarias para llevar a cabo negocios sostenibles y tomar mejores decisiones. <\/p>\t\t\t\t<\/div>\n\t\t\t\t<\/div>\n\t\t\t\t<div class=\"elementor-element elementor-element-d99ac64 agrikon-transform transform-type-translate elementor-widget elementor-widget-heading\" data-id=\"d99ac64\" data-element_type=\"widget\" data-e-type=\"widget\" data-widget_type=\"heading.default\">\n\t\t\t\t<div class=\"elementor-widget-container\">\n\t\t\t\t\t<h3 class=\"elementor-heading-title elementor-size-default\">O3<\/h3>\t\t\t\t<\/div>\n\t\t\t\t<\/div>\n\t\t\t\t<div class=\"elementor-element elementor-element-c323610 agrikon-transform transform-type-translate elementor-widget elementor-widget-heading\" data-id=\"c323610\" data-element_type=\"widget\" data-e-type=\"widget\" data-widget_type=\"heading.default\">\n\t\t\t\t<div class=\"elementor-widget-container\">\n\t\t\t\t\t<p class=\"elementor-heading-title elementor-size-default\">Proporcionar a los empresarios alimentarios y agroalimentarios nuevos y experimentados informaci\u00f3n b\u00e1sica sobre pr\u00e1cticas sostenibles.<\/p>\t\t\t\t<\/div>\n\t\t\t\t<\/div>\n\t\t\t\t<div class=\"elementor-element elementor-element-9c618d9 agrikon-transform transform-type-translate elementor-widget elementor-widget-heading\" data-id=\"9c618d9\" data-element_type=\"widget\" data-e-type=\"widget\" data-widget_type=\"heading.default\">\n\t\t\t\t<div class=\"elementor-widget-container\">\n\t\t\t\t\t<p class=\"elementor-heading-title elementor-size-default\">Comprender las tendencias de consumo y los valores sostenibles en la producci\u00f3n de alimentos, as\u00ed como el impacto ambiental de la producci\u00f3n agroalimentaria es crucial. Es esencial encontrar mejores formas de gestionar los residuos, incluidos los residuos de agua, y aprovechar la econom\u00eda circular para mejorar la sostenibilidad en las empresas.<\/p>\t\t\t\t<\/div>\n\t\t\t\t<\/div>\n\t\t\t\t<div class=\"elementor-element elementor-element-be897e2 agrikon-transform transform-type-translate elementor-widget elementor-widget-heading\" data-id=\"be897e2\" data-element_type=\"widget\" data-e-type=\"widget\" data-widget_type=\"heading.default\">\n\t\t\t\t<div class=\"elementor-widget-container\">\n\t\t\t\t\t<h3 class=\"elementor-heading-title elementor-size-default\">O4<\/h3>\t\t\t\t<\/div>\n\t\t\t\t<\/div>\n\t\t\t\t<div class=\"elementor-element elementor-element-2b1a1b6 agrikon-transform transform-type-translate elementor-widget elementor-widget-heading\" data-id=\"2b1a1b6\" data-element_type=\"widget\" data-e-type=\"widget\" data-widget_type=\"heading.default\">\n\t\t\t\t<div class=\"elementor-widget-container\">\n\t\t\t\t\t<p class=\"elementor-heading-title elementor-size-default\">Proporcionar a los formadores de EFP contenido de f\u00e1cil acceso y relevante para involucrar a los estudiantes de agricultura y ayudarlos a desarrollar su confianza con habilidades digitales y de marketing. <\/p>\t\t\t\t<\/div>\n\t\t\t\t<\/div>\n\t\t\t\t<div class=\"elementor-element elementor-element-9fe15b3 agrikon-transform transform-type-translate elementor-widget elementor-widget-heading\" data-id=\"9fe15b3\" data-element_type=\"widget\" data-e-type=\"widget\" data-widget_type=\"heading.default\">\n\t\t\t\t<div class=\"elementor-widget-container\">\n\t\t\t\t\t<p class=\"elementor-heading-title elementor-size-default\">Proporcionar a los profesores y formadores contenido sobre los temas y desaf\u00edos apremiantes que se enfrentan hoy en d\u00eda, especialmente en el sector agr\u00edcola.<\/p>\t\t\t\t<\/div>\n\t\t\t\t<\/div>\n\t\t\t\t\t<\/div>\n\t\t<\/div>\n\t\t\t\t<div class=\"elementor-column elementor-col-50 elementor-top-column elementor-element elementor-element-ebf14aa\" data-id=\"ebf14aa\" data-element_type=\"column\" data-e-type=\"column\">\n\t\t\t<div class=\"elementor-widget-wrap elementor-element-populated\">\n\t\t\t\t\t\t<div class=\"elementor-element elementor-element-bd15610 elementor-widget elementor-widget-image\" data-id=\"bd15610\" data-element_type=\"widget\" data-e-type=\"widget\" data-widget_type=\"image.default\">\n\t\t\t\t<div class=\"elementor-widget-container\">\n\t\t\t\t\t\t\t\t\t\t\t\t\t\t\t<img decoding=\"async\" width=\"500\" height=\"449\" src=\"https:\/\/sustagri.eu\/wp-content\/uploads\/2023\/10\/image-100.png\" class=\"attachment-full size-full wp-image-6043\" alt=\"\" srcset=\"https:\/\/sustagri.eu\/wp-content\/uploads\/2023\/10\/image-100.png 500w, https:\/\/sustagri.eu\/wp-content\/uploads\/2023\/10\/image-100-300x269.png 300w\" sizes=\"(max-width: 500px) 100vw, 500px\" \/>\t\t\t\t\t\t\t\t\t\t\t\t\t\t\t<\/div>\n\t\t\t\t<\/div>\n\t\t\t\t\t<\/div>\n\t\t<\/div>\n\t\t\t\t\t<\/div>\n\t\t<\/div>\n\t\t\t\t<section class=\"elementor-section elementor-top-section elementor-element elementor-element-4c1b9a21 elementor-section-content-middle elementor-section-boxed elementor-section-height-default elementor-section-height-default nt-section-ripped-top ripped-top-no nt-section-ripped-bottom ripped-bottom-no\" data-id=\"4c1b9a21\" data-element_type=\"section\" data-e-type=\"section\" id=\"milestones\">\n\t\t\t\t\t\t<div class=\"elementor-container elementor-column-gap-no\">\n\t\t\t\t\t<div class=\"elementor-column elementor-col-100 elementor-top-column elementor-element elementor-element-6eaf0f33\" data-id=\"6eaf0f33\" data-element_type=\"column\" data-e-type=\"column\">\n\t\t\t<div class=\"elementor-widget-wrap elementor-element-populated\">\n\t\t\t\t\t\t<div class=\"elementor-element elementor-element-7a28594a agrikon-transform transform-type-translate elementor-widget elementor-widget-heading\" data-id=\"7a28594a\" data-element_type=\"widget\" data-e-type=\"widget\" data-widget_type=\"heading.default\">\n\t\t\t\t<div class=\"elementor-widget-container\">\n\t\t\t\t\t<h2 class=\"elementor-heading-title elementor-size-default\">Vea ahora el v\u00eddeo de introducci\u00f3n para entender mejor el SUSTAGRI 4.0<br>E-Course y c\u00f3mo interactuar con los m\u00f3dulos: <\/h2>\t\t\t\t<\/div>\n\t\t\t\t<\/div>\n\t\t\t\t\t<\/div>\n\t\t<\/div>\n\t\t\t\t\t<\/div>\n\t\t<\/section>\n\t\t\t\t<section class=\"elementor-section elementor-top-section elementor-element elementor-element-1bf9283 elementor-section-boxed elementor-section-height-default elementor-section-height-default nt-section-ripped-top ripped-top-no nt-section-ripped-bottom ripped-bottom-no\" data-id=\"1bf9283\" data-element_type=\"section\" data-e-type=\"section\">\n\t\t\t\t\t\t<div class=\"elementor-container elementor-column-gap-default\">\n\t\t\t\t\t<div class=\"elementor-column elementor-col-100 elementor-top-column elementor-element elementor-element-a040b25\" data-id=\"a040b25\" data-element_type=\"column\" data-e-type=\"column\">\n\t\t\t<div class=\"elementor-widget-wrap elementor-element-populated\">\n\t\t\t\t\t\t<div class=\"elementor-element elementor-element-5e8f52f elementor-widget elementor-widget-video\" data-id=\"5e8f52f\" data-element_type=\"widget\" data-e-type=\"widget\" data-settings=\"{&quot;youtube_url&quot;:&quot;https:\\\/\\\/www.youtube.com\\\/watch?v=7IulI4AuQoI&quot;,&quot;video_type&quot;:&quot;youtube&quot;,&quot;controls&quot;:&quot;yes&quot;}\" data-widget_type=\"video.default\">\n\t\t\t\t<div class=\"elementor-widget-container\">\n\t\t\t\t\t\t\t<div class=\"elementor-wrapper elementor-open-inline\">\n\t\t\t<div class=\"elementor-video\"><\/div>\t\t<\/div>\n\t\t\t\t\t\t<\/div>\n\t\t\t\t<\/div>\n\t\t\t\t\t<\/div>\n\t\t<\/div>\n\t\t\t\t\t<\/div>\n\t\t<\/section>\n\t\t\t\t<section class=\"elementor-section elementor-top-section elementor-element elementor-element-e679fdc elementor-section-boxed elementor-section-height-default elementor-section-height-default nt-section-ripped-top ripped-top-no nt-section-ripped-bottom ripped-bottom-no\" data-id=\"e679fdc\" data-element_type=\"section\" data-e-type=\"section\">\n\t\t\t\t\t\t<div class=\"elementor-container elementor-column-gap-default\">\n\t\t\t\t\t<div class=\"elementor-column elementor-col-100 elementor-top-column elementor-element elementor-element-d7ecf8d\" data-id=\"d7ecf8d\" data-element_type=\"column\" data-e-type=\"column\">\n\t\t\t<div class=\"elementor-widget-wrap elementor-element-populated\">\n\t\t\t\t\t\t<div class=\"elementor-element elementor-element-751d331 agrikon-transform transform-type-translate elementor-widget elementor-widget-heading\" data-id=\"751d331\" data-element_type=\"widget\" data-e-type=\"widget\" data-widget_type=\"heading.default\">\n\t\t\t\t<div class=\"elementor-widget-container\">\n\t\t\t\t\t<h2 class=\"elementor-heading-title elementor-size-default\">Compruebe ahora todos los m\u00f3dulos<\/h2>\t\t\t\t<\/div>\n\t\t\t\t<\/div>\n\t\t\t\t<div class=\"elementor-element elementor-element-7fc12e0 elementor-align-center elementor-widget elementor-widget-button\" data-id=\"7fc12e0\" data-element_type=\"widget\" data-e-type=\"widget\" data-widget_type=\"button.default\">\n\t\t\t\t<div class=\"elementor-widget-container\">\n\t\t\t\t\t\t\t\t\t<div class=\"elementor-button-wrapper\">\n\t\t\t\t\t<a class=\"elementor-button elementor-button-link elementor-size-sm\" href=\"https:\/\/sustagri.eu\/es\/learn\/#modules\/\">\n\t\t\t\t\t\t<span class=\"elementor-button-content-wrapper\">\n\t\t\t\t\t\t\t\t\t<span class=\"elementor-button-text\">Haga clic aqu\u00ed<\/span>\n\t\t\t\t\t<\/span>\n\t\t\t\t\t<\/a>\n\t\t\t\t<\/div>\n\t\t\t\t\t\t\t\t<\/div>\n\t\t\t\t<\/div>\n\t\t\t\t\t<\/div>\n\t\t<\/div>\n\t\t\t\t\t<\/div>\n\t\t<\/section>\n\t\t\t\t<\/div>","protected":false},"excerpt":{"rendered":"<p>Inicio SUSTAGRI4.0 E-Course \u00a1Bienvenido al SUSTAGRI4.0 E-Course sobre marketing digital para la agricultura sostenible! Este curso integral est\u00e1 dise\u00f1ado para proporcionar recursos pr\u00e1cticos de aprendizaje que apoyan el desarrollo profesional de j\u00f3venes productores locales a peque\u00f1a escala y propietarios de negocios agr\u00edcolas. El objetivo principal es empoderar a los participantes proporcion\u00e1ndoles valiosos conocimientos y herramientas para desarrollar...<\/p>","protected":false},"author":10,"featured_media":0,"parent":0,"menu_order":0,"comment_status":"closed","ping_status":"closed","template":"","meta":{"footnotes":""},"class_list":{"0":"post-5977","1":"page","2":"type-page","3":"status-publish","4":"hentry","5":"nt-post-class","6":"","8":"thumb-none","10":"excerpt-none"},"_links":{"self":[{"href":"https:\/\/sustagri.eu\/es\/wp-json\/wp\/v2\/pages\/5977","targetHints":{"allow":["GET"]}}],"collection":[{"href":"https:\/\/sustagri.eu\/es\/wp-json\/wp\/v2\/pages"}],"about":[{"href":"https:\/\/sustagri.eu\/es\/wp-json\/wp\/v2\/types\/page"}],"author":[{"embeddable":true,"href":"https:\/\/sustagri.eu\/es\/wp-json\/wp\/v2\/users\/10"}],"replies":[{"embeddable":true,"href":"https:\/\/sustagri.eu\/es\/wp-json\/wp\/v2\/comments?post=5977"}],"version-history":[{"count":5,"href":"https:\/\/sustagri.eu\/es\/wp-json\/wp\/v2\/pages\/5977\/revisions"}],"predecessor-version":[{"id":7087,"href":"https:\/\/sustagri.eu\/es\/wp-json\/wp\/v2\/pages\/5977\/revisions\/7087"}],"wp:attachment":[{"href":"https:\/\/sustagri.eu\/es\/wp-json\/wp\/v2\/media?parent=5977"}],"curies":[{"name":"wp","href":"https:\/\/api.w.org\/{rel}","templated":true}]}}