{"id":5734,"date":"2022-10-24T14:42:07","date_gmt":"2022-10-24T14:42:07","guid":{"rendered":"https:\/\/sustagri.eu\/?page_id=5734"},"modified":"2024-11-28T09:05:37","modified_gmt":"2024-11-28T09:05:37","slug":"focus-groups-quality-culture","status":"publish","type":"page","link":"https:\/\/sustagri.eu\/es\/focus-groups-quality-culture\/","title":{"rendered":"Grupos de enfoque Cultura de calidad"},"content":{"rendered":"<h2 class=\"has-text-color wp-block-heading\" style=\"color: #004123;\">Grupos de enfoque Cultura de calidad<\/h2>\r\n\r\n\r\n\r\n<h5 class=\"wp-block-heading\"><em>Octubre de 2022<\/em><\/h5>\r\n\r\n\r\n<figure class=\"wp-block-post-featured-image\"><img fetchpriority=\"high\" decoding=\"async\" width=\"983\" height=\"561\" src=\"https:\/\/sustagri.eu\/wp-content\/uploads\/2022\/10\/FG7.jpeg\" class=\"attachment-post-thumbnail size-post-thumbnail wp-post-image\" alt=\"\" style=\"object-fit:cover;\" srcset=\"https:\/\/sustagri.eu\/wp-content\/uploads\/2022\/10\/FG7.jpeg 983w, https:\/\/sustagri.eu\/wp-content\/uploads\/2022\/10\/FG7-300x171.jpeg 300w, https:\/\/sustagri.eu\/wp-content\/uploads\/2022\/10\/FG7-768x438.jpeg 768w\" sizes=\"(max-width: 983px) 100vw, 983px\" \/><\/figure>\r\n\r\n\r\n<div class=\"wp-block-spacer\" style=\"height: 20px;\" aria-hidden=\"true\">\u00a0<\/div>\r\n\r\n\r\n\r\n<p>El grupo focal 1 en Italia tuvo lugar en l\u00ednea (Equipos) e involucr\u00f3 a 4 profesionales del campo de la EFP que operan en diferentes sectores, a saber, agricultura, digitalizaci\u00f3n y ciencias naturales. El intercambio de diferentes puntos de vista se verific\u00f3 como un aspecto positivo de la discusi\u00f3n, ya que las opiniones y los conocimientos eran diversos y diversificados, lo que llev\u00f3 a un grupo de enfoque interesante y multifac\u00e9tico.<\/p>\r\n\r\n\r\n\r\n<p>El grupo focal se utiliz\u00f3 como una ocasi\u00f3n para dar visibilidad al proyecto Sust@gri 4.0: Se han presentado oportunidades pasadas, actuales y futuras y se han recogido comentarios positivos de los participantes.<\/p>\r\n\r\n\r\n\r\n<p>El debate se orient\u00f3 a trav\u00e9s del uso de herramientas interactivas en l\u00ednea, espec\u00edficamente indicadas para las actividades de lluvia de ideas y la visualizaci\u00f3n de ideas; en particular, las percepciones sobre la sostenibilidad se recopilaron en una nube de palabras compartidas y se utilizaron pizarras interactivas para actividades que implicaban el intercambio de ideas y opiniones.<\/p>\r\n\r\n\r\n\r\n<p>El grupo focal fue dirigido por la doctora Laura Salvago de Gennaro como facilitadora y el doctor Carmelo Galeano como notetaker. Dur\u00f3 3 horas, siguiendo el programa proporcionado.<\/p>\r\n\r\n\r\n\r\n<p>&nbsp;<\/p>\r\n\r\n\r\n\r\n<figure class=\"wp-block-gallery has-nested-images columns-default is-cropped wp-block-gallery-1 is-layout-flex wp-block-gallery-is-layout-flex\">\r\n<figure class=\"wp-block-image size-large\"><img decoding=\"async\" width=\"997\" height=\"563\" data-id=\"5736\" class=\"wp-image-5736\" src=\"https:\/\/sustagri.eu\/wp-content\/uploads\/2022\/10\/FG1.jpg\" alt=\"\" srcset=\"https:\/\/sustagri.eu\/wp-content\/uploads\/2022\/10\/FG1.jpg 997w, https:\/\/sustagri.eu\/wp-content\/uploads\/2022\/10\/FG1-300x169.jpg 300w, https:\/\/sustagri.eu\/wp-content\/uploads\/2022\/10\/FG1-768x434.jpg 768w\" sizes=\"(max-width: 997px) 100vw, 997px\" \/><\/figure>\r\n\r\n\r\n\r\n<figure class=\"wp-block-image size-large\"><img decoding=\"async\" width=\"998\" height=\"555\" data-id=\"5737\" class=\"wp-image-5737\" src=\"https:\/\/sustagri.eu\/wp-content\/uploads\/2022\/10\/FG2.jpg\" alt=\"\" srcset=\"https:\/\/sustagri.eu\/wp-content\/uploads\/2022\/10\/FG2.jpg 998w, https:\/\/sustagri.eu\/wp-content\/uploads\/2022\/10\/FG2-300x167.jpg 300w, https:\/\/sustagri.eu\/wp-content\/uploads\/2022\/10\/FG2-768x427.jpg 768w\" sizes=\"(max-width: 998px) 100vw, 998px\" \/><\/figure>\r\n\r\n\r\n\r\n<figure class=\"wp-block-image size-large\"><img loading=\"lazy\" decoding=\"async\" width=\"923\" height=\"521\" data-id=\"5738\" class=\"wp-image-5738\" src=\"https:\/\/sustagri.eu\/wp-content\/uploads\/2022\/10\/FG3.jpg\" alt=\"\" srcset=\"https:\/\/sustagri.eu\/wp-content\/uploads\/2022\/10\/FG3.jpg 923w, https:\/\/sustagri.eu\/wp-content\/uploads\/2022\/10\/FG3-300x169.jpg 300w, https:\/\/sustagri.eu\/wp-content\/uploads\/2022\/10\/FG3-768x434.jpg 768w\" sizes=\"(max-width: 923px) 100vw, 923px\" \/><\/figure>\r\n\r\n\r\n\r\n<figure class=\"wp-block-image size-large\"><img loading=\"lazy\" decoding=\"async\" width=\"1002\" height=\"546\" data-id=\"5739\" class=\"wp-image-5739\" src=\"https:\/\/sustagri.eu\/wp-content\/uploads\/2022\/10\/FG4.jpg\" alt=\"\" srcset=\"https:\/\/sustagri.eu\/wp-content\/uploads\/2022\/10\/FG4.jpg 1002w, https:\/\/sustagri.eu\/wp-content\/uploads\/2022\/10\/FG4-300x163.jpg 300w, https:\/\/sustagri.eu\/wp-content\/uploads\/2022\/10\/FG4-768x418.jpg 768w\" sizes=\"(max-width: 1002px) 100vw, 1002px\" \/><\/figure>\r\n\r\n\r\n\r\n<figure class=\"wp-block-image size-large\"><img loading=\"lazy\" decoding=\"async\" width=\"1378\" height=\"737\" data-id=\"5740\" class=\"wp-image-5740\" src=\"https:\/\/sustagri.eu\/wp-content\/uploads\/2022\/10\/FG5.jpg\" alt=\"\" srcset=\"https:\/\/sustagri.eu\/wp-content\/uploads\/2022\/10\/FG5.jpg 1378w, https:\/\/sustagri.eu\/wp-content\/uploads\/2022\/10\/FG5-300x160.jpg 300w, https:\/\/sustagri.eu\/wp-content\/uploads\/2022\/10\/FG5-1024x548.jpg 1024w, https:\/\/sustagri.eu\/wp-content\/uploads\/2022\/10\/FG5-768x411.jpg 768w\" sizes=\"(max-width: 1378px) 100vw, 1378px\" \/><\/figure>\r\n\r\n\r\n\r\n<figure class=\"wp-block-image size-large\"><img loading=\"lazy\" decoding=\"async\" width=\"1015\" height=\"485\" data-id=\"5741\" class=\"wp-image-5741\" src=\"https:\/\/sustagri.eu\/wp-content\/uploads\/2022\/10\/FG6.jpg\" alt=\"\" srcset=\"https:\/\/sustagri.eu\/wp-content\/uploads\/2022\/10\/FG6.jpg 1015w, https:\/\/sustagri.eu\/wp-content\/uploads\/2022\/10\/FG6-300x143.jpg 300w, https:\/\/sustagri.eu\/wp-content\/uploads\/2022\/10\/FG6-768x367.jpg 768w\" sizes=\"(max-width: 1015px) 100vw, 1015px\" \/><\/figure>\r\n\r\n\r\n\r\n<figure class=\"wp-block-image size-large\"><img loading=\"lazy\" decoding=\"async\" width=\"983\" height=\"561\" data-id=\"5742\" class=\"wp-image-5742\" src=\"https:\/\/sustagri.eu\/wp-content\/uploads\/2022\/10\/FG7.jpg\" alt=\"\" srcset=\"https:\/\/sustagri.eu\/wp-content\/uploads\/2022\/10\/FG7.jpg 983w, https:\/\/sustagri.eu\/wp-content\/uploads\/2022\/10\/FG7-300x171.jpg 300w, https:\/\/sustagri.eu\/wp-content\/uploads\/2022\/10\/FG7-768x438.jpg 768w\" sizes=\"(max-width: 983px) 100vw, 983px\" \/><\/figure>\r\n<\/figure>","protected":false},"excerpt":{"rendered":"<p>Octubre de 2022 El grupo de discusi\u00f3n 1 en Italia tuvo lugar en l\u00ednea (Equipos) y cont\u00f3 con la participaci\u00f3n de 4 profesionales del campo de la EFP que operan en diferentes sectores, a saber, la agricultura, la digitalizaci\u00f3n y las ciencias naturales. El intercambio de diferentes puntos de vista se verific\u00f3 como un aspecto positivo de la discusi\u00f3n, ya que las opiniones y los conocimientos eran diversos.<\/p>","protected":false},"author":3,"featured_media":5730,"parent":0,"menu_order":0,"comment_status":"closed","ping_status":"closed","template":"","meta":{"footnotes":""},"class_list":{"0":"post-5734","1":"page","2":"type-page","3":"status-publish","4":"has-post-thumbnail","5":"hentry","6":"nt-post-class","7":"","11":"excerpt-none"},"_links":{"self":[{"href":"https:\/\/sustagri.eu\/es\/wp-json\/wp\/v2\/pages\/5734","targetHints":{"allow":["GET"]}}],"collection":[{"href":"https:\/\/sustagri.eu\/es\/wp-json\/wp\/v2\/pages"}],"about":[{"href":"https:\/\/sustagri.eu\/es\/wp-json\/wp\/v2\/types\/page"}],"author":[{"embeddable":true,"href":"https:\/\/sustagri.eu\/es\/wp-json\/wp\/v2\/users\/3"}],"replies":[{"embeddable":true,"href":"https:\/\/sustagri.eu\/es\/wp-json\/wp\/v2\/comments?post=5734"}],"version-history":[{"count":2,"href":"https:\/\/sustagri.eu\/es\/wp-json\/wp\/v2\/pages\/5734\/revisions"}],"predecessor-version":[{"id":7029,"href":"https:\/\/sustagri.eu\/es\/wp-json\/wp\/v2\/pages\/5734\/revisions\/7029"}],"wp:featuredmedia":[{"embeddable":true,"href":"https:\/\/sustagri.eu\/es\/wp-json\/wp\/v2\/media\/5730"}],"wp:attachment":[{"href":"https:\/\/sustagri.eu\/es\/wp-json\/wp\/v2\/media?parent=5734"}],"curies":[{"name":"wp","href":"https:\/\/api.w.org\/{rel}","templated":true}]}}