{"id":5636,"date":"2022-10-14T14:36:25","date_gmt":"2022-10-14T14:36:25","guid":{"rendered":"https:\/\/sustagri.eu\/?page_id=5636"},"modified":"2024-11-28T09:08:00","modified_gmt":"2024-11-28T09:08:00","slug":"focus-groups-iagrocert","status":"publish","type":"page","link":"https:\/\/sustagri.eu\/es\/focus-groups-iagrocert\/","title":{"rendered":"Grupos de enfoque iAgroCert"},"content":{"rendered":"<h2 class=\"has-text-color wp-block-heading\" style=\"color: #004123;\">Grupos de enfoque iAgroCert<\/h2>\r\n\r\n\r\n\r\n<h5 class=\"wp-block-heading\"><em>Septiembre de 2022<\/em><\/h5>\r\n\r\n\r\n<figure class=\"wp-block-post-featured-image\"><img fetchpriority=\"high\" decoding=\"async\" width=\"2000\" height=\"1388\" src=\"https:\/\/sustagri.eu\/wp-content\/uploads\/2022\/10\/IMG_2738-scaled.jpeg\" class=\"attachment-post-thumbnail size-post-thumbnail wp-post-image\" alt=\"\" style=\"object-fit:cover;\" srcset=\"https:\/\/sustagri.eu\/wp-content\/uploads\/2022\/10\/IMG_2738-scaled.jpeg 2000w, https:\/\/sustagri.eu\/wp-content\/uploads\/2022\/10\/IMG_2738-300x208.jpeg 300w, https:\/\/sustagri.eu\/wp-content\/uploads\/2022\/10\/IMG_2738-1024x711.jpeg 1024w, https:\/\/sustagri.eu\/wp-content\/uploads\/2022\/10\/IMG_2738-768x533.jpeg 768w, https:\/\/sustagri.eu\/wp-content\/uploads\/2022\/10\/IMG_2738-1536x1066.jpeg 1536w, https:\/\/sustagri.eu\/wp-content\/uploads\/2022\/10\/IMG_2738-2048x1421.jpeg 2048w\" sizes=\"(max-width: 2000px) 100vw, 2000px\" \/><\/figure>\r\n\r\n\r\n<div class=\"wp-block-spacer\" style=\"height: 20px;\" aria-hidden=\"true\">\u00a0<\/div>\r\n\r\n\r\n\r\n<p>El primer grupo focal en el proyecto SustAgri 4.0 tuvo lugar en la cooperativa agr\u00edcola KOSMOS cerca de Veroia. Veroia es una peque\u00f1a pero hermosa ciudad en la parte norte de Grecia, cuyos habitantes son principalmente activos en el sector agr\u00edcola. El grupo de enfoque fue dirigido por el personal de iAgroCert. Los participantes invitados fueron 5 personas, todas del sector agr\u00edcola y con edades comprendidas entre 38 y 55 a\u00f1os. Todos los participantes indicaron que su campo es altamente responsable de la sostenibilidad. Indicaron que est\u00e1n tratando de implementar m\u00e9todos tecnol\u00f3gicos innovadores para reducir el uso de productos qu\u00edmicos y desechos en su producci\u00f3n. Tres de los participantes ya han utilizado aplicaciones para la producci\u00f3n agr\u00edcola o han actualizado sus equipos con nuevos m\u00e9todos tecnol\u00f3gicos. El presidente de la cooperativa tambi\u00e9n nos dijo que est\u00e1 tratando de dar algunos pasos en el marketing digital y hacerlo a trav\u00e9s de canales digitales como Facebook. Aunque no tiene un plan estrat\u00e9gico espec\u00edfico, crea material \u00e9l mismo a trav\u00e9s de su tel\u00e9fono inteligente, que publica en el perfil de la cooperativa. Los otros invitados, que trabajan en el sector agroalimentario, siguen en gran medida el mismo patr\u00f3n, pero quieren evolucionar y aprovechar m\u00e1s las oportunidades que ofrecen las nuevas herramientas sin ser dejados atr\u00e1s por la nueva generaci\u00f3n conocedora de la tecnolog\u00eda. Solo un participante conoce algunas herramientas digitales, pero no las usa, y limita su adquisici\u00f3n de clientes al boca a boca. Los participantes se mostraron muy entusiasmados con el trabajo realizado en el proyecto SustAgri 4.0 y esperan con gran placer los resultados del proyecto para poder aplicarlos en su trabajo.<\/p>\r\n\r\n\r\n\r\n<p>&nbsp;<\/p>\r\n\r\n\r\n\r\n<figure class=\"wp-block-video\"><video style=\"aspect-ratio: 568 \/ 320;\" src=\"https:\/\/sustagri.eu\/wp-content\/uploads\/2022\/10\/video_FG1.mp4\" controls=\"controls\" width=\"568\" height=\"320\"><\/video><\/figure>","protected":false},"excerpt":{"rendered":"<p>iAgroCert Septiembre 2022 El primer grupo focal del proyecto SustAgri 4.0 tuvo lugar en la cooperativa agr\u00edcola KOSMOS cerca de Veroia. Veroia es una peque\u00f1a pero hermosa ciudad en la parte norte de Grecia, cuyos habitantes son principalmente activos en el sector agr\u00edcola. El grupo de enfoque fue dirigido por el personal de iAgroCert. Los invitados...<\/p>","protected":false},"author":3,"featured_media":5593,"parent":0,"menu_order":0,"comment_status":"closed","ping_status":"closed","template":"","meta":{"footnotes":""},"class_list":{"0":"post-5636","1":"page","2":"type-page","3":"status-publish","4":"has-post-thumbnail","5":"hentry","6":"nt-post-class","7":"","11":"excerpt-none"},"_links":{"self":[{"href":"https:\/\/sustagri.eu\/es\/wp-json\/wp\/v2\/pages\/5636","targetHints":{"allow":["GET"]}}],"collection":[{"href":"https:\/\/sustagri.eu\/es\/wp-json\/wp\/v2\/pages"}],"about":[{"href":"https:\/\/sustagri.eu\/es\/wp-json\/wp\/v2\/types\/page"}],"author":[{"embeddable":true,"href":"https:\/\/sustagri.eu\/es\/wp-json\/wp\/v2\/users\/3"}],"replies":[{"embeddable":true,"href":"https:\/\/sustagri.eu\/es\/wp-json\/wp\/v2\/comments?post=5636"}],"version-history":[{"count":5,"href":"https:\/\/sustagri.eu\/es\/wp-json\/wp\/v2\/pages\/5636\/revisions"}],"predecessor-version":[{"id":7030,"href":"https:\/\/sustagri.eu\/es\/wp-json\/wp\/v2\/pages\/5636\/revisions\/7030"}],"wp:featuredmedia":[{"embeddable":true,"href":"https:\/\/sustagri.eu\/es\/wp-json\/wp\/v2\/media\/5593"}],"wp:attachment":[{"href":"https:\/\/sustagri.eu\/es\/wp-json\/wp\/v2\/media?parent=5636"}],"curies":[{"name":"wp","href":"https:\/\/api.w.org\/{rel}","templated":true}]}}