{"id":5623,"date":"2022-10-14T14:35:53","date_gmt":"2022-10-14T14:35:53","guid":{"rendered":"https:\/\/sustagri.eu\/?page_id=5623"},"modified":"2024-11-28T09:08:21","modified_gmt":"2024-11-28T09:08:21","slug":"focus-groups-f6s","status":"publish","type":"page","link":"https:\/\/sustagri.eu\/es\/focus-groups-f6s\/","title":{"rendered":"Grupos de enfoque F6S"},"content":{"rendered":"<h2 class=\"has-text-color wp-block-heading\" style=\"color: #004123;\">Grupos de enfoque F6S<\/h2>\r\n\r\n\r\n\r\n<h5 class=\"wp-block-heading\"><em>Septiembre de 2022<\/em><\/h5>\r\n\r\n\r\n<figure class=\"wp-block-post-featured-image\"><img fetchpriority=\"high\" decoding=\"async\" width=\"1600\" height=\"1200\" src=\"https:\/\/sustagri.eu\/wp-content\/uploads\/2022\/10\/FG01_-VET-Professionals_Group-photo-at-the-end-1-1.jpeg\" class=\"attachment-post-thumbnail size-post-thumbnail wp-post-image\" alt=\"\" style=\"object-fit:cover;\" srcset=\"https:\/\/sustagri.eu\/wp-content\/uploads\/2022\/10\/FG01_-VET-Professionals_Group-photo-at-the-end-1-1.jpeg 1600w, https:\/\/sustagri.eu\/wp-content\/uploads\/2022\/10\/FG01_-VET-Professionals_Group-photo-at-the-end-1-1-300x225.jpeg 300w, https:\/\/sustagri.eu\/wp-content\/uploads\/2022\/10\/FG01_-VET-Professionals_Group-photo-at-the-end-1-1-1024x768.jpeg 1024w, https:\/\/sustagri.eu\/wp-content\/uploads\/2022\/10\/FG01_-VET-Professionals_Group-photo-at-the-end-1-1-768x576.jpeg 768w, https:\/\/sustagri.eu\/wp-content\/uploads\/2022\/10\/FG01_-VET-Professionals_Group-photo-at-the-end-1-1-1536x1152.jpeg 1536w\" sizes=\"(max-width: 1600px) 100vw, 1600px\" \/><\/figure>\r\n\r\n\r\n<div class=\"wp-block-spacer\" style=\"height: 20px;\" aria-hidden=\"true\">\u00a0<\/div>\r\n\r\n\r\n\r\n<p>Un aspecto central del curso electr\u00f3nico es su punto de venta como gratuito y de f\u00e1cil acceso. De hecho, muchas personas seguir\u00edan prefiriendo la formaci\u00f3n\/ense\u00f1anza presencial, por lo que este curso electr\u00f3nico debe ser flexible para permitir tambi\u00e9n el aprendizaje presencial. Los agricultores a menudo no entienden qu\u00e9 tecnolog\u00eda est\u00e1 disponible para ellos. Necesitamos tener m\u00f3dulos que se centren en hacer investigaci\u00f3n (en l\u00ednea), comprender qu\u00e9 tecnolog\u00eda existe y luego poder discernir qu\u00e9 tecnolog\u00eda se adapta m\u00e1s a su estilo de agricultura y necesidades. Esto significa que tambi\u00e9n debemos abordar la toma de decisiones, como la forma de tomar las decisiones \u00abcorrectas\u00bb. Los agricultores irlandeses invierten mucho unos en otros y aprenden unos de otros. El mejor compromiso es facilitar grupos de discusi\u00f3n en persona donde los agricultores puedan intercambiar informaci\u00f3n sobre las mejores pr\u00e1cticas y llegar a soluciones juntos.Existe el temor de perderse demasiado en las redes sociales y luego no invertir lo suficiente en las interacciones cara a cara con los clientes y administrar sus negocios \/ granjas adecuadamente. Al mismo tiempo, es innegable que las redes sociales han dado alcance m\u00e1s all\u00e1 del entorno local y que las transacciones financieras son mucho m\u00e1s f\u00e1ciles, transparentes y racionalizadas. \u00bfC\u00f3mo navegamos por un mundo digital y a\u00fan conservamos el poder de la conexi\u00f3n en persona? Este elemento debe tenerse en cuenta en la plataforma de E-Course y E-Commerce.<\/p>\r\n\r\n\r\n\r\n<p>&nbsp;<\/p>\r\n\r\n\r\n\r\n<figure class=\"wp-block-gallery has-nested-images columns-default is-cropped wp-block-gallery-1 is-layout-flex wp-block-gallery-is-layout-flex\">\r\n<figure class=\"wp-block-image size-large\"><img decoding=\"async\" width=\"1600\" height=\"900\" data-id=\"5615\" class=\"wp-image-5615\" src=\"https:\/\/sustagri.eu\/wp-content\/uploads\/2022\/10\/FG01_-VET-Professionals_During-session.jpeg\" alt=\"\" srcset=\"https:\/\/sustagri.eu\/wp-content\/uploads\/2022\/10\/FG01_-VET-Professionals_During-session.jpeg 1600w, https:\/\/sustagri.eu\/wp-content\/uploads\/2022\/10\/FG01_-VET-Professionals_During-session-300x169.jpeg 300w, https:\/\/sustagri.eu\/wp-content\/uploads\/2022\/10\/FG01_-VET-Professionals_During-session-1024x576.jpeg 1024w, https:\/\/sustagri.eu\/wp-content\/uploads\/2022\/10\/FG01_-VET-Professionals_During-session-768x432.jpeg 768w, https:\/\/sustagri.eu\/wp-content\/uploads\/2022\/10\/FG01_-VET-Professionals_During-session-1536x864.jpeg 1536w\" sizes=\"(max-width: 1600px) 100vw, 1600px\" \/><\/figure>\r\n\r\n\r\n\r\n<figure class=\"wp-block-image size-large\"><img decoding=\"async\" width=\"1600\" height=\"1200\" data-id=\"5616\" class=\"wp-image-5616\" src=\"https:\/\/sustagri.eu\/wp-content\/uploads\/2022\/10\/FG01_-VET-Professionals_Group-photo-at-the-end-1-1.jpeg\" alt=\"\" srcset=\"https:\/\/sustagri.eu\/wp-content\/uploads\/2022\/10\/FG01_-VET-Professionals_Group-photo-at-the-end-1-1.jpeg 1600w, https:\/\/sustagri.eu\/wp-content\/uploads\/2022\/10\/FG01_-VET-Professionals_Group-photo-at-the-end-1-1-300x225.jpeg 300w, https:\/\/sustagri.eu\/wp-content\/uploads\/2022\/10\/FG01_-VET-Professionals_Group-photo-at-the-end-1-1-1024x768.jpeg 1024w, https:\/\/sustagri.eu\/wp-content\/uploads\/2022\/10\/FG01_-VET-Professionals_Group-photo-at-the-end-1-1-768x576.jpeg 768w, https:\/\/sustagri.eu\/wp-content\/uploads\/2022\/10\/FG01_-VET-Professionals_Group-photo-at-the-end-1-1-1536x1152.jpeg 1536w\" sizes=\"(max-width: 1600px) 100vw, 1600px\" \/><\/figure>\r\n\r\n\r\n\r\n<figure class=\"wp-block-image size-large\"><img loading=\"lazy\" decoding=\"async\" width=\"2016\" height=\"1134\" data-id=\"5617\" class=\"wp-image-5617\" src=\"https:\/\/sustagri.eu\/wp-content\/uploads\/2022\/10\/IMG-20220921-WA0001.jpeg\" alt=\"\" srcset=\"https:\/\/sustagri.eu\/wp-content\/uploads\/2022\/10\/IMG-20220921-WA0001.jpeg 2016w, https:\/\/sustagri.eu\/wp-content\/uploads\/2022\/10\/IMG-20220921-WA0001-300x169.jpeg 300w, https:\/\/sustagri.eu\/wp-content\/uploads\/2022\/10\/IMG-20220921-WA0001-1024x576.jpeg 1024w, https:\/\/sustagri.eu\/wp-content\/uploads\/2022\/10\/IMG-20220921-WA0001-768x432.jpeg 768w, https:\/\/sustagri.eu\/wp-content\/uploads\/2022\/10\/IMG-20220921-WA0001-1536x864.jpeg 1536w\" sizes=\"(max-width: 2016px) 100vw, 2016px\" \/><\/figure>\r\n\r\n\r\n\r\n<figure class=\"wp-block-image size-large\"><img loading=\"lazy\" decoding=\"async\" width=\"2016\" height=\"1134\" data-id=\"5618\" class=\"wp-image-5618\" src=\"https:\/\/sustagri.eu\/wp-content\/uploads\/2022\/10\/IMG-20220921-WA0006.jpeg\" alt=\"\" srcset=\"https:\/\/sustagri.eu\/wp-content\/uploads\/2022\/10\/IMG-20220921-WA0006.jpeg 2016w, https:\/\/sustagri.eu\/wp-content\/uploads\/2022\/10\/IMG-20220921-WA0006-300x169.jpeg 300w, https:\/\/sustagri.eu\/wp-content\/uploads\/2022\/10\/IMG-20220921-WA0006-1024x576.jpeg 1024w, https:\/\/sustagri.eu\/wp-content\/uploads\/2022\/10\/IMG-20220921-WA0006-768x432.jpeg 768w, https:\/\/sustagri.eu\/wp-content\/uploads\/2022\/10\/IMG-20220921-WA0006-1536x864.jpeg 1536w\" sizes=\"(max-width: 2016px) 100vw, 2016px\" \/><\/figure>\r\n\r\n\r\n\r\n<figure class=\"wp-block-image size-large\"><img loading=\"lazy\" decoding=\"async\" width=\"2048\" height=\"1536\" data-id=\"5619\" class=\"wp-image-5619\" src=\"https:\/\/sustagri.eu\/wp-content\/uploads\/2022\/10\/IMG-20220926-WA0000.jpeg\" alt=\"\" srcset=\"https:\/\/sustagri.eu\/wp-content\/uploads\/2022\/10\/IMG-20220926-WA0000.jpeg 2048w, https:\/\/sustagri.eu\/wp-content\/uploads\/2022\/10\/IMG-20220926-WA0000-300x225.jpeg 300w, https:\/\/sustagri.eu\/wp-content\/uploads\/2022\/10\/IMG-20220926-WA0000-1024x768.jpeg 1024w, https:\/\/sustagri.eu\/wp-content\/uploads\/2022\/10\/IMG-20220926-WA0000-768x576.jpeg 768w, https:\/\/sustagri.eu\/wp-content\/uploads\/2022\/10\/IMG-20220926-WA0000-1536x1152.jpeg 1536w\" sizes=\"(max-width: 2048px) 100vw, 2048px\" \/><\/figure>\r\n\r\n\r\n\r\n<figure class=\"wp-block-image size-large\"><img loading=\"lazy\" decoding=\"async\" width=\"2048\" height=\"1536\" data-id=\"5620\" class=\"wp-image-5620\" src=\"https:\/\/sustagri.eu\/wp-content\/uploads\/2022\/10\/IMG-20220926-WA0001.jpeg\" alt=\"\" srcset=\"https:\/\/sustagri.eu\/wp-content\/uploads\/2022\/10\/IMG-20220926-WA0001.jpeg 2048w, https:\/\/sustagri.eu\/wp-content\/uploads\/2022\/10\/IMG-20220926-WA0001-300x225.jpeg 300w, https:\/\/sustagri.eu\/wp-content\/uploads\/2022\/10\/IMG-20220926-WA0001-1024x768.jpeg 1024w, https:\/\/sustagri.eu\/wp-content\/uploads\/2022\/10\/IMG-20220926-WA0001-768x576.jpeg 768w, https:\/\/sustagri.eu\/wp-content\/uploads\/2022\/10\/IMG-20220926-WA0001-1536x1152.jpeg 1536w\" sizes=\"(max-width: 2048px) 100vw, 2048px\" \/><\/figure>\r\n\r\n\r\n\r\n<figure class=\"wp-block-image size-large\"><img loading=\"lazy\" decoding=\"async\" width=\"2048\" height=\"1536\" data-id=\"5621\" class=\"wp-image-5621\" src=\"https:\/\/sustagri.eu\/wp-content\/uploads\/2022\/10\/IMG-20220926-WA0002.jpeg\" alt=\"\" srcset=\"https:\/\/sustagri.eu\/wp-content\/uploads\/2022\/10\/IMG-20220926-WA0002.jpeg 2048w, https:\/\/sustagri.eu\/wp-content\/uploads\/2022\/10\/IMG-20220926-WA0002-300x225.jpeg 300w, https:\/\/sustagri.eu\/wp-content\/uploads\/2022\/10\/IMG-20220926-WA0002-1024x768.jpeg 1024w, https:\/\/sustagri.eu\/wp-content\/uploads\/2022\/10\/IMG-20220926-WA0002-768x576.jpeg 768w, https:\/\/sustagri.eu\/wp-content\/uploads\/2022\/10\/IMG-20220926-WA0002-1536x1152.jpeg 1536w\" sizes=\"(max-width: 2048px) 100vw, 2048px\" \/><\/figure>\r\n\r\n\r\n\r\n<figure class=\"wp-block-image size-large\"><img loading=\"lazy\" decoding=\"async\" width=\"2000\" height=\"1500\" data-id=\"5610\" class=\"wp-image-5610\" src=\"https:\/\/sustagri.eu\/wp-content\/uploads\/2022\/10\/20220916_110748-scaled.jpeg\" alt=\"\" srcset=\"https:\/\/sustagri.eu\/wp-content\/uploads\/2022\/10\/20220916_110748-scaled.jpeg 2000w, https:\/\/sustagri.eu\/wp-content\/uploads\/2022\/10\/20220916_110748-300x225.jpeg 300w, https:\/\/sustagri.eu\/wp-content\/uploads\/2022\/10\/20220916_110748-1024x768.jpeg 1024w, https:\/\/sustagri.eu\/wp-content\/uploads\/2022\/10\/20220916_110748-768x576.jpeg 768w, https:\/\/sustagri.eu\/wp-content\/uploads\/2022\/10\/20220916_110748-1536x1152.jpeg 1536w, https:\/\/sustagri.eu\/wp-content\/uploads\/2022\/10\/20220916_110748-2048x1536.jpeg 2048w\" sizes=\"(max-width: 2000px) 100vw, 2000px\" \/><\/figure>\r\n\r\n\r\n\r\n<figure class=\"wp-block-image size-large\"><img loading=\"lazy\" decoding=\"async\" width=\"2000\" height=\"1500\" data-id=\"5611\" class=\"wp-image-5611\" src=\"https:\/\/sustagri.eu\/wp-content\/uploads\/2022\/10\/20220916_110756-scaled.jpeg\" alt=\"\" srcset=\"https:\/\/sustagri.eu\/wp-content\/uploads\/2022\/10\/20220916_110756-scaled.jpeg 2000w, https:\/\/sustagri.eu\/wp-content\/uploads\/2022\/10\/20220916_110756-300x225.jpeg 300w, https:\/\/sustagri.eu\/wp-content\/uploads\/2022\/10\/20220916_110756-1024x768.jpeg 1024w, https:\/\/sustagri.eu\/wp-content\/uploads\/2022\/10\/20220916_110756-768x576.jpeg 768w, https:\/\/sustagri.eu\/wp-content\/uploads\/2022\/10\/20220916_110756-1536x1152.jpeg 1536w, https:\/\/sustagri.eu\/wp-content\/uploads\/2022\/10\/20220916_110756-2048x1536.jpeg 2048w\" sizes=\"(max-width: 2000px) 100vw, 2000px\" \/><\/figure>\r\n\r\n\r\n\r\n<figure class=\"wp-block-image size-large\"><img loading=\"lazy\" decoding=\"async\" width=\"2000\" height=\"1500\" data-id=\"5612\" class=\"wp-image-5612\" src=\"https:\/\/sustagri.eu\/wp-content\/uploads\/2022\/10\/20220916_112240-scaled.jpeg\" alt=\"\" srcset=\"https:\/\/sustagri.eu\/wp-content\/uploads\/2022\/10\/20220916_112240-scaled.jpeg 2000w, https:\/\/sustagri.eu\/wp-content\/uploads\/2022\/10\/20220916_112240-300x225.jpeg 300w, https:\/\/sustagri.eu\/wp-content\/uploads\/2022\/10\/20220916_112240-1024x768.jpeg 1024w, https:\/\/sustagri.eu\/wp-content\/uploads\/2022\/10\/20220916_112240-768x576.jpeg 768w, https:\/\/sustagri.eu\/wp-content\/uploads\/2022\/10\/20220916_112240-1536x1152.jpeg 1536w, https:\/\/sustagri.eu\/wp-content\/uploads\/2022\/10\/20220916_112240-2048x1536.jpeg 2048w\" sizes=\"(max-width: 2000px) 100vw, 2000px\" \/><\/figure>\r\n\r\n\r\n\r\n<figure class=\"wp-block-image size-large\"><img loading=\"lazy\" decoding=\"async\" width=\"2000\" height=\"1500\" data-id=\"5613\" class=\"wp-image-5613\" src=\"https:\/\/sustagri.eu\/wp-content\/uploads\/2022\/10\/20220916_112308-scaled.jpeg\" alt=\"\" srcset=\"https:\/\/sustagri.eu\/wp-content\/uploads\/2022\/10\/20220916_112308-scaled.jpeg 2000w, https:\/\/sustagri.eu\/wp-content\/uploads\/2022\/10\/20220916_112308-300x225.jpeg 300w, https:\/\/sustagri.eu\/wp-content\/uploads\/2022\/10\/20220916_112308-1024x768.jpeg 1024w, https:\/\/sustagri.eu\/wp-content\/uploads\/2022\/10\/20220916_112308-768x576.jpeg 768w, https:\/\/sustagri.eu\/wp-content\/uploads\/2022\/10\/20220916_112308-1536x1152.jpeg 1536w, https:\/\/sustagri.eu\/wp-content\/uploads\/2022\/10\/20220916_112308-2048x1536.jpeg 2048w\" sizes=\"(max-width: 2000px) 100vw, 2000px\" \/><\/figure>\r\n\r\n\r\n\r\n<figure class=\"wp-block-image size-large\"><img loading=\"lazy\" decoding=\"async\" width=\"2016\" height=\"1134\" data-id=\"5614\" class=\"wp-image-5614\" src=\"https:\/\/sustagri.eu\/wp-content\/uploads\/2022\/10\/Farmers-brainstorm.jpeg\" alt=\"\" srcset=\"https:\/\/sustagri.eu\/wp-content\/uploads\/2022\/10\/Farmers-brainstorm.jpeg 2016w, https:\/\/sustagri.eu\/wp-content\/uploads\/2022\/10\/Farmers-brainstorm-300x169.jpeg 300w, https:\/\/sustagri.eu\/wp-content\/uploads\/2022\/10\/Farmers-brainstorm-1024x576.jpeg 1024w, https:\/\/sustagri.eu\/wp-content\/uploads\/2022\/10\/Farmers-brainstorm-768x432.jpeg 768w, https:\/\/sustagri.eu\/wp-content\/uploads\/2022\/10\/Farmers-brainstorm-1536x864.jpeg 1536w\" sizes=\"(max-width: 2016px) 100vw, 2016px\" \/><\/figure>\r\n<\/figure>","protected":false},"excerpt":{"rendered":"<p>F6S Septiembre de 2022 Un aspecto central del curso electr\u00f3nico es su punto de venta como gratuito y de f\u00e1cil acceso. De hecho, muchas personas seguir\u00edan prefiriendo la formaci\u00f3n\/ense\u00f1anza presencial, por lo que este curso electr\u00f3nico debe ser flexible para permitir tambi\u00e9n el aprendizaje presencial. Los agricultores a menudo no entienden qu\u00e9 tecnolog\u00eda est\u00e1 disponible para ellos. Necesitamos...<\/p>","protected":false},"author":3,"featured_media":5616,"parent":0,"menu_order":0,"comment_status":"closed","ping_status":"closed","template":"","meta":{"footnotes":""},"class_list":{"0":"post-5623","1":"page","2":"type-page","3":"status-publish","4":"has-post-thumbnail","5":"hentry","6":"nt-post-class","7":"","11":"excerpt-none"},"_links":{"self":[{"href":"https:\/\/sustagri.eu\/es\/wp-json\/wp\/v2\/pages\/5623","targetHints":{"allow":["GET"]}}],"collection":[{"href":"https:\/\/sustagri.eu\/es\/wp-json\/wp\/v2\/pages"}],"about":[{"href":"https:\/\/sustagri.eu\/es\/wp-json\/wp\/v2\/types\/page"}],"author":[{"embeddable":true,"href":"https:\/\/sustagri.eu\/es\/wp-json\/wp\/v2\/users\/3"}],"replies":[{"embeddable":true,"href":"https:\/\/sustagri.eu\/es\/wp-json\/wp\/v2\/comments?post=5623"}],"version-history":[{"count":4,"href":"https:\/\/sustagri.eu\/es\/wp-json\/wp\/v2\/pages\/5623\/revisions"}],"predecessor-version":[{"id":7031,"href":"https:\/\/sustagri.eu\/es\/wp-json\/wp\/v2\/pages\/5623\/revisions\/7031"}],"wp:featuredmedia":[{"embeddable":true,"href":"https:\/\/sustagri.eu\/es\/wp-json\/wp\/v2\/media\/5616"}],"wp:attachment":[{"href":"https:\/\/sustagri.eu\/es\/wp-json\/wp\/v2\/media?parent=5623"}],"curies":[{"name":"wp","href":"https:\/\/api.w.org\/{rel}","templated":true}]}}