{"id":5596,"date":"2022-10-14T14:39:19","date_gmt":"2022-10-14T14:39:19","guid":{"rendered":"https:\/\/sustagri.eu\/?page_id=5596"},"modified":"2024-11-28T09:08:38","modified_gmt":"2024-11-28T09:08:38","slug":"focus-groups-universitat-de-valencia","status":"publish","type":"page","link":"https:\/\/sustagri.eu\/es\/focus-groups-universitat-de-valencia\/","title":{"rendered":"Grupos de enfoque Universidad de Valencia"},"content":{"rendered":"<h2 class=\"has-text-color wp-block-heading\" style=\"color: #004123;\">Grupos de enfoque Universidad de Valencia<\/h2>\r\n\r\n\r\n\r\n<h5 class=\"wp-block-heading\"><em>Septiembre de 2022<\/em><\/h5>\r\n\r\n\r\n<figure class=\"wp-block-post-featured-image\"><img fetchpriority=\"high\" decoding=\"async\" width=\"2000\" height=\"1500\" src=\"https:\/\/sustagri.eu\/wp-content\/uploads\/2022\/10\/Sustagri-Focus-Groups-Spain-FG02-4.jpeg\" class=\"attachment-post-thumbnail size-post-thumbnail wp-post-image\" alt=\"\" style=\"object-fit:cover;\" srcset=\"https:\/\/sustagri.eu\/wp-content\/uploads\/2022\/10\/Sustagri-Focus-Groups-Spain-FG02-4.jpeg 2000w, https:\/\/sustagri.eu\/wp-content\/uploads\/2022\/10\/Sustagri-Focus-Groups-Spain-FG02-4-300x225.jpeg 300w, https:\/\/sustagri.eu\/wp-content\/uploads\/2022\/10\/Sustagri-Focus-Groups-Spain-FG02-4-1024x768.jpeg 1024w, https:\/\/sustagri.eu\/wp-content\/uploads\/2022\/10\/Sustagri-Focus-Groups-Spain-FG02-4-768x576.jpeg 768w, https:\/\/sustagri.eu\/wp-content\/uploads\/2022\/10\/Sustagri-Focus-Groups-Spain-FG02-4-1536x1152.jpeg 1536w\" sizes=\"(max-width: 2000px) 100vw, 2000px\" \/><\/figure>\r\n\r\n\r\n<div class=\"wp-block-spacer\" style=\"height: 20px;\" aria-hidden=\"true\">\u00a0<\/div>\r\n\r\n\r\n\r\n<p>El Focus Group 1 en Espa\u00f1a se entreg\u00f3 en el centro de EFP IES Vicent Gandia, ubicado en el municipio Castell\u00f3 de la Ribera, Val\u00e8ncia, un pueblo cuya econom\u00eda se basa b\u00e1sicamente en el sector primario, rodeado de campos de plantaciones c\u00edtricas. El FG estaba formado por 8 personas, de 18 a 45 a\u00f1os, con experiencia en agricultura, principalmente como agricultores en campos familiares. Todos los componentes de la FG estudiaban un grado de FP en Gesti\u00f3n Agr\u00edcola y Paisaj\u00edstica con el fin de adquirir conocimientos y certificar su formaci\u00f3n. La sesi\u00f3n fue conducida por el Dr. Jos\u00e9 Badia, mientras que el notetaker fue el Dr. Amparo Ch\u00e1fer. Fue una animada discusi\u00f3n con participantes comprometidos, que mostraron sus preocupaciones sobre el sector y sus necesidades para construir un futuro mejor para ellos y sus agronegocios.<\/p>\r\n\r\n\r\n\r\n<p>El Focus Group 2 en Espa\u00f1a se entreg\u00f3 en el centro de EFP IES Josep Segrelles, ubicado en el municipio de Albaida, Val\u00e8ncia, una ciudad, rodeada de campos para cultivar semillas de vid, almendras y aceitunas, junto con un bosque mediterr\u00e1neo, cuya econom\u00eda combina tanto el sector primario como el secundario en las industrias textiles. El FG estaba formado por 9 personas, de 18 a 28 a\u00f1os, con experiencia en agricultura, principalmente como agricultores en campos familiares. Todos los componentes de la FG estudiaban un grado de EFP en Producci\u00f3n Agr\u00edcola con el fin de adquirir conocimientos y certificar su formaci\u00f3n. Mostraron un marcado inter\u00e9s en la creaci\u00f3n de empresas. Fue una animada discusi\u00f3n con participantes comprometidos, que mostraron sus preocupaciones sobre el sector y sus necesidades centradas en el emprendimiento.<\/p>\r\n\r\n\r\n\r\n<p>&nbsp;<\/p>\r\n\r\n\r\n\r\n<figure class=\"wp-block-gallery has-nested-images columns-default is-cropped wp-block-gallery-1 is-layout-flex wp-block-gallery-is-layout-flex\">\r\n<figure class=\"wp-block-image size-large\"><img decoding=\"async\" width=\"2000\" height=\"1500\" data-id=\"5633\" class=\"wp-image-5633\" src=\"https:\/\/sustagri.eu\/wp-content\/uploads\/2022\/10\/Sustagri-Focus-Groups-Spain-FG02-10.jpeg\" alt=\"\" srcset=\"https:\/\/sustagri.eu\/wp-content\/uploads\/2022\/10\/Sustagri-Focus-Groups-Spain-FG02-10.jpeg 2000w, https:\/\/sustagri.eu\/wp-content\/uploads\/2022\/10\/Sustagri-Focus-Groups-Spain-FG02-10-300x225.jpeg 300w, https:\/\/sustagri.eu\/wp-content\/uploads\/2022\/10\/Sustagri-Focus-Groups-Spain-FG02-10-1024x768.jpeg 1024w, https:\/\/sustagri.eu\/wp-content\/uploads\/2022\/10\/Sustagri-Focus-Groups-Spain-FG02-10-768x576.jpeg 768w, https:\/\/sustagri.eu\/wp-content\/uploads\/2022\/10\/Sustagri-Focus-Groups-Spain-FG02-10-1536x1152.jpeg 1536w\" sizes=\"(max-width: 2000px) 100vw, 2000px\" \/><\/figure>\r\n\r\n\r\n\r\n<figure class=\"wp-block-image size-large\"><img decoding=\"async\" width=\"2000\" height=\"1500\" data-id=\"5632\" class=\"wp-image-5632\" src=\"https:\/\/sustagri.eu\/wp-content\/uploads\/2022\/10\/Sustagri-Focus-Groups-Spain-FG02-7.jpeg\" alt=\"\" srcset=\"https:\/\/sustagri.eu\/wp-content\/uploads\/2022\/10\/Sustagri-Focus-Groups-Spain-FG02-7.jpeg 2000w, https:\/\/sustagri.eu\/wp-content\/uploads\/2022\/10\/Sustagri-Focus-Groups-Spain-FG02-7-300x225.jpeg 300w, https:\/\/sustagri.eu\/wp-content\/uploads\/2022\/10\/Sustagri-Focus-Groups-Spain-FG02-7-1024x768.jpeg 1024w, https:\/\/sustagri.eu\/wp-content\/uploads\/2022\/10\/Sustagri-Focus-Groups-Spain-FG02-7-768x576.jpeg 768w, https:\/\/sustagri.eu\/wp-content\/uploads\/2022\/10\/Sustagri-Focus-Groups-Spain-FG02-7-1536x1152.jpeg 1536w\" sizes=\"(max-width: 2000px) 100vw, 2000px\" \/><\/figure>\r\n\r\n\r\n\r\n<figure class=\"wp-block-image size-large\"><img loading=\"lazy\" decoding=\"async\" width=\"2000\" height=\"1500\" data-id=\"5629\" class=\"wp-image-5629\" src=\"https:\/\/sustagri.eu\/wp-content\/uploads\/2022\/10\/Sustagri-Focus-Groups-Spain-FG01-19-rotated.jpeg\" alt=\"\" srcset=\"https:\/\/sustagri.eu\/wp-content\/uploads\/2022\/10\/Sustagri-Focus-Groups-Spain-FG01-19-rotated.jpeg 2000w, https:\/\/sustagri.eu\/wp-content\/uploads\/2022\/10\/Sustagri-Focus-Groups-Spain-FG01-19-300x225.jpeg 300w, https:\/\/sustagri.eu\/wp-content\/uploads\/2022\/10\/Sustagri-Focus-Groups-Spain-FG01-19-1024x768.jpeg 1024w, https:\/\/sustagri.eu\/wp-content\/uploads\/2022\/10\/Sustagri-Focus-Groups-Spain-FG01-19-768x576.jpeg 768w, https:\/\/sustagri.eu\/wp-content\/uploads\/2022\/10\/Sustagri-Focus-Groups-Spain-FG01-19-1536x1152.jpeg 1536w\" sizes=\"(max-width: 2000px) 100vw, 2000px\" \/><\/figure>\r\n\r\n\r\n\r\n<figure class=\"wp-block-image size-large\"><img loading=\"lazy\" decoding=\"async\" width=\"2000\" height=\"1500\" data-id=\"5628\" class=\"wp-image-5628\" src=\"https:\/\/sustagri.eu\/wp-content\/uploads\/2022\/10\/Sustagri-Focus-Groups-Spain-FG01-17.jpeg\" alt=\"\" srcset=\"https:\/\/sustagri.eu\/wp-content\/uploads\/2022\/10\/Sustagri-Focus-Groups-Spain-FG01-17.jpeg 2000w, https:\/\/sustagri.eu\/wp-content\/uploads\/2022\/10\/Sustagri-Focus-Groups-Spain-FG01-17-300x225.jpeg 300w, https:\/\/sustagri.eu\/wp-content\/uploads\/2022\/10\/Sustagri-Focus-Groups-Spain-FG01-17-1024x768.jpeg 1024w, https:\/\/sustagri.eu\/wp-content\/uploads\/2022\/10\/Sustagri-Focus-Groups-Spain-FG01-17-768x576.jpeg 768w, https:\/\/sustagri.eu\/wp-content\/uploads\/2022\/10\/Sustagri-Focus-Groups-Spain-FG01-17-1536x1152.jpeg 1536w\" sizes=\"(max-width: 2000px) 100vw, 2000px\" \/><\/figure>\r\n\r\n\r\n\r\n<figure class=\"wp-block-image size-large\"><img loading=\"lazy\" decoding=\"async\" width=\"2000\" height=\"1500\" data-id=\"5627\" class=\"wp-image-5627\" src=\"https:\/\/sustagri.eu\/wp-content\/uploads\/2022\/10\/Sustagri-Focus-Groups-Spain-FG01-13.jpeg\" alt=\"\" srcset=\"https:\/\/sustagri.eu\/wp-content\/uploads\/2022\/10\/Sustagri-Focus-Groups-Spain-FG01-13.jpeg 2000w, https:\/\/sustagri.eu\/wp-content\/uploads\/2022\/10\/Sustagri-Focus-Groups-Spain-FG01-13-300x225.jpeg 300w, https:\/\/sustagri.eu\/wp-content\/uploads\/2022\/10\/Sustagri-Focus-Groups-Spain-FG01-13-1024x768.jpeg 1024w, https:\/\/sustagri.eu\/wp-content\/uploads\/2022\/10\/Sustagri-Focus-Groups-Spain-FG01-13-768x576.jpeg 768w, https:\/\/sustagri.eu\/wp-content\/uploads\/2022\/10\/Sustagri-Focus-Groups-Spain-FG01-13-1536x1152.jpeg 1536w\" sizes=\"(max-width: 2000px) 100vw, 2000px\" \/><\/figure>\r\n\r\n\r\n\r\n<figure class=\"wp-block-image size-large\"><img loading=\"lazy\" decoding=\"async\" width=\"2000\" height=\"1500\" data-id=\"5626\" class=\"wp-image-5626\" src=\"https:\/\/sustagri.eu\/wp-content\/uploads\/2022\/10\/Sustagri-Focus-Groups-Spain-FG01-6.jpeg\" alt=\"\" srcset=\"https:\/\/sustagri.eu\/wp-content\/uploads\/2022\/10\/Sustagri-Focus-Groups-Spain-FG01-6.jpeg 2000w, https:\/\/sustagri.eu\/wp-content\/uploads\/2022\/10\/Sustagri-Focus-Groups-Spain-FG01-6-300x225.jpeg 300w, https:\/\/sustagri.eu\/wp-content\/uploads\/2022\/10\/Sustagri-Focus-Groups-Spain-FG01-6-1024x768.jpeg 1024w, https:\/\/sustagri.eu\/wp-content\/uploads\/2022\/10\/Sustagri-Focus-Groups-Spain-FG01-6-768x576.jpeg 768w, https:\/\/sustagri.eu\/wp-content\/uploads\/2022\/10\/Sustagri-Focus-Groups-Spain-FG01-6-1536x1152.jpeg 1536w\" sizes=\"(max-width: 2000px) 100vw, 2000px\" \/><\/figure>\r\n\r\n\r\n\r\n<figure class=\"wp-block-image size-large\"><img loading=\"lazy\" decoding=\"async\" width=\"2000\" height=\"1500\" data-id=\"5625\" class=\"wp-image-5625\" src=\"https:\/\/sustagri.eu\/wp-content\/uploads\/2022\/10\/Sustagri-Focus-Groups-Spain-FG01-3.jpeg\" alt=\"\" srcset=\"https:\/\/sustagri.eu\/wp-content\/uploads\/2022\/10\/Sustagri-Focus-Groups-Spain-FG01-3.jpeg 2000w, https:\/\/sustagri.eu\/wp-content\/uploads\/2022\/10\/Sustagri-Focus-Groups-Spain-FG01-3-300x225.jpeg 300w, https:\/\/sustagri.eu\/wp-content\/uploads\/2022\/10\/Sustagri-Focus-Groups-Spain-FG01-3-1024x768.jpeg 1024w, https:\/\/sustagri.eu\/wp-content\/uploads\/2022\/10\/Sustagri-Focus-Groups-Spain-FG01-3-768x576.jpeg 768w, https:\/\/sustagri.eu\/wp-content\/uploads\/2022\/10\/Sustagri-Focus-Groups-Spain-FG01-3-1536x1152.jpeg 1536w\" sizes=\"(max-width: 2000px) 100vw, 2000px\" \/><\/figure>\r\n\r\n\r\n\r\n<figure class=\"wp-block-image size-large\"><img loading=\"lazy\" decoding=\"async\" width=\"2000\" height=\"1500\" data-id=\"5624\" class=\"wp-image-5624\" src=\"https:\/\/sustagri.eu\/wp-content\/uploads\/2022\/10\/Sustagri-Focus-Groups-Spain-FG01-2.jpeg\" alt=\"\" srcset=\"https:\/\/sustagri.eu\/wp-content\/uploads\/2022\/10\/Sustagri-Focus-Groups-Spain-FG01-2.jpeg 2000w, https:\/\/sustagri.eu\/wp-content\/uploads\/2022\/10\/Sustagri-Focus-Groups-Spain-FG01-2-300x225.jpeg 300w, https:\/\/sustagri.eu\/wp-content\/uploads\/2022\/10\/Sustagri-Focus-Groups-Spain-FG01-2-1024x768.jpeg 1024w, https:\/\/sustagri.eu\/wp-content\/uploads\/2022\/10\/Sustagri-Focus-Groups-Spain-FG01-2-768x576.jpeg 768w, https:\/\/sustagri.eu\/wp-content\/uploads\/2022\/10\/Sustagri-Focus-Groups-Spain-FG01-2-1536x1152.jpeg 1536w\" sizes=\"(max-width: 2000px) 100vw, 2000px\" \/><\/figure>\r\n\r\n\r\n\r\n<figure class=\"wp-block-image size-large\"><img loading=\"lazy\" decoding=\"async\" width=\"2000\" height=\"1500\" data-id=\"5594\" class=\"wp-image-5594\" src=\"https:\/\/sustagri.eu\/wp-content\/uploads\/2022\/10\/Sustagri-Focus-Groups-Spain-FG02-4.jpeg\" alt=\"\" srcset=\"https:\/\/sustagri.eu\/wp-content\/uploads\/2022\/10\/Sustagri-Focus-Groups-Spain-FG02-4.jpeg 2000w, https:\/\/sustagri.eu\/wp-content\/uploads\/2022\/10\/Sustagri-Focus-Groups-Spain-FG02-4-300x225.jpeg 300w, https:\/\/sustagri.eu\/wp-content\/uploads\/2022\/10\/Sustagri-Focus-Groups-Spain-FG02-4-1024x768.jpeg 1024w, https:\/\/sustagri.eu\/wp-content\/uploads\/2022\/10\/Sustagri-Focus-Groups-Spain-FG02-4-768x576.jpeg 768w, https:\/\/sustagri.eu\/wp-content\/uploads\/2022\/10\/Sustagri-Focus-Groups-Spain-FG02-4-1536x1152.jpeg 1536w\" sizes=\"(max-width: 2000px) 100vw, 2000px\" \/><\/figure>\r\n<\/figure>","protected":false},"excerpt":{"rendered":"<p>El Focus Group 1 en Espa\u00f1a se entreg\u00f3 en el centro de EFP IES Vicent Gandia, ubicado en el municipio Castell\u00f3 de la Ribera, Val\u00e8ncia, un municipio cuya econom\u00eda se basa b\u00e1sicamente en el sector primario, rodeado de campos de plantaciones c\u00edtricas. El FG estaba formado por 8 personas, que...<\/p>","protected":false},"author":3,"featured_media":5594,"parent":0,"menu_order":0,"comment_status":"closed","ping_status":"closed","template":"","meta":{"footnotes":""},"class_list":{"0":"post-5596","1":"page","2":"type-page","3":"status-publish","4":"has-post-thumbnail","5":"hentry","6":"nt-post-class","7":"","11":"excerpt-none"},"_links":{"self":[{"href":"https:\/\/sustagri.eu\/es\/wp-json\/wp\/v2\/pages\/5596","targetHints":{"allow":["GET"]}}],"collection":[{"href":"https:\/\/sustagri.eu\/es\/wp-json\/wp\/v2\/pages"}],"about":[{"href":"https:\/\/sustagri.eu\/es\/wp-json\/wp\/v2\/types\/page"}],"author":[{"embeddable":true,"href":"https:\/\/sustagri.eu\/es\/wp-json\/wp\/v2\/users\/3"}],"replies":[{"embeddable":true,"href":"https:\/\/sustagri.eu\/es\/wp-json\/wp\/v2\/comments?post=5596"}],"version-history":[{"count":5,"href":"https:\/\/sustagri.eu\/es\/wp-json\/wp\/v2\/pages\/5596\/revisions"}],"predecessor-version":[{"id":7032,"href":"https:\/\/sustagri.eu\/es\/wp-json\/wp\/v2\/pages\/5596\/revisions\/7032"}],"wp:featuredmedia":[{"embeddable":true,"href":"https:\/\/sustagri.eu\/es\/wp-json\/wp\/v2\/media\/5594"}],"wp:attachment":[{"href":"https:\/\/sustagri.eu\/es\/wp-json\/wp\/v2\/media?parent=5596"}],"curies":[{"name":"wp","href":"https:\/\/api.w.org\/{rel}","templated":true}]}}