{"id":1303,"date":"2020-12-06T22:38:53","date_gmt":"2020-12-06T22:38:53","guid":{"rendered":"https:\/\/ninetheme.com\/themes\/agrikon\/?page_id=1303"},"modified":"2024-11-27T19:24:49","modified_gmt":"2024-11-27T19:24:49","slug":"contact","status":"publish","type":"page","link":"https:\/\/sustagri.eu\/es\/contact\/","title":{"rendered":"Contacto"},"content":{"rendered":"<div data-elementor-type=\"wp-page\" data-elementor-id=\"1303\" class=\"elementor elementor-1303\" data-elementor-post-type=\"page\">\n\t\t\t\t\t\t<div class=\"elementor-section elementor-top-section elementor-element elementor-element-4b5a0a1 elementor-section-full_width elementor-section-height-default elementor-section-height-default nt-section-ripped-top ripped-top-no nt-section-ripped-bottom ripped-bottom-no\" data-id=\"4b5a0a1\" data-element_type=\"section\" data-e-type=\"section\">\n\t\t\t\t\t\t<div class=\"elementor-container elementor-column-gap-no\">\n\t\t\t\t\t<div class=\"elementor-column elementor-col-100 elementor-top-column elementor-element elementor-element-1a086b4\" data-id=\"1a086b4\" data-element_type=\"column\" data-e-type=\"column\">\n\t\t\t<div class=\"elementor-widget-wrap elementor-element-populated\">\n\t\t\t\t\t\t<div class=\"elementor-element elementor-element-f8554d5 elementor-widget elementor-widget-agrikon-page-hero\" data-id=\"f8554d5\" data-element_type=\"widget\" data-e-type=\"widget\" data-widget_type=\"agrikon-page-hero.default\">\n\t\t\t\t<div class=\"elementor-widget-container\">\n\t\t\t\t\t<div class=\"page-header\"><div class=\"page-header__bg\"><\/div><div class=\"container\"><div aria-label=\"Pan rallado\" class=\"breadcrumb-trail breadcrumbs\"><ul class=\"breadcrumbs thm-breadcrumb list-unstyled\"><li  class=\"trail-item breadcrumb_item trail-end breadcrumb_active\"><a href=\"https:\/\/sustagri.eu\/es\/\" rel=\"home\" itemprop=\"item\"><span>Hogar<\/span><\/a><\/li><\/ul><\/div><h1 class=\"page-title\">Contacto<\/h1><\/div><\/div>\t\t\t\t<\/div>\n\t\t\t\t<\/div>\n\t\t\t\t\t<\/div>\n\t\t<\/div>\n\t\t\t\t\t<\/div>\n\t\t<\/div>\n\t\t\t\t<section class=\"elementor-section elementor-top-section elementor-element elementor-element-9b6b0e0 elementor-section-boxed elementor-section-height-default elementor-section-height-default nt-section-ripped-top ripped-top-no nt-section-ripped-bottom ripped-bottom-no\" data-id=\"9b6b0e0\" data-element_type=\"section\" data-e-type=\"section\">\n\t\t\t\t\t\t<div class=\"elementor-container elementor-column-gap-default\">\n\t\t\t\t\t<div class=\"elementor-column elementor-col-50 elementor-top-column elementor-element elementor-element-6e5fe17\" data-id=\"6e5fe17\" data-element_type=\"column\" data-e-type=\"column\">\n\t\t\t<div class=\"elementor-widget-wrap elementor-element-populated\">\n\t\t\t\t\t\t<div class=\"elementor-element elementor-element-f443d60 agrikon-transform transform-type-translate elementor-widget elementor-widget-heading\" data-id=\"f443d60\" data-element_type=\"widget\" data-e-type=\"widget\" data-widget_type=\"heading.default\">\n\t\t\t\t<div class=\"elementor-widget-container\">\n\t\t\t\t\t<h2 class=\"elementor-heading-title elementor-size-default\">Cont\u00e1ctenos<\/h2>\t\t\t\t<\/div>\n\t\t\t\t<\/div>\n\t\t\t\t<div class=\"elementor-element elementor-element-5f95165 agrikon-transform transform-type-translate elementor-widget elementor-widget-heading\" data-id=\"5f95165\" data-element_type=\"widget\" data-e-type=\"widget\" data-widget_type=\"heading.default\">\n\t\t\t\t<div class=\"elementor-widget-container\">\n\t\t\t\t\t<p class=\"elementor-heading-title elementor-size-default\">Correo electr\u00f3nico: <a class=\"email-link\" href=\"mailto:hello@sustagri.eu\">hello@sustagri.eu<\/a><\/p>\t\t\t\t<\/div>\n\t\t\t\t<\/div>\n\t\t\t\t<div class=\"elementor-element elementor-element-0e12fd2 elementor-widget elementor-widget-text-editor\" data-id=\"0e12fd2\" data-element_type=\"widget\" data-e-type=\"widget\" data-widget_type=\"text-editor.default\">\n\t\t\t\t<div class=\"elementor-widget-container\">\n\t\t\t\t\t\t\t\t\t<p><span style=\"font-weight: 400;\">\u00bfEs usted productor local o propietario de una peque\u00f1a empresa agr\u00edcola en Irlanda, Espa\u00f1a, Italia o Grecia? \u00bfEst\u00e1 interesado en aprender m\u00e1s sobre c\u00f3mo puede ser parte del movimiento sostenible Agriculture4.0 y adquirir habilidades digitales y de marketing para hacer crecer su negocio?\u00a0<\/span><\/p><p><span style=\"font-weight: 400;\">\u00bfO tal vez eres un profesional de la EFP deseoso de adquirir conocimientos sobre la brecha de capacidades digitales y obtener nuevas herramientas para involucrar a\u00fan m\u00e1s a tus estudiantes?\u00a0<\/span><\/p><p><span style=\"font-weight: 400;\">P\u00f3ngase en contacto e inscr\u00edbase en nuestro <a class=\"newsletter-link\" href=\"https:\/\/sustagri.eu\/es\/contact\/#newsletter\"><strong>newsletter<\/strong><\/a>!<\/span><\/p>\t\t\t\t\t\t\t\t<\/div>\n\t\t\t\t<\/div>\n\t\t\t\t\t<\/div>\n\t\t<\/div>\n\t\t\t\t<div class=\"elementor-column elementor-col-50 elementor-top-column elementor-element elementor-element-959b0d8\" data-id=\"959b0d8\" data-element_type=\"column\" data-e-type=\"column\">\n\t\t\t<div class=\"elementor-widget-wrap elementor-element-populated\">\n\t\t\t\t\t\t<div class=\"elementor-element elementor-element-758b869 elementor-widget elementor-widget-shortcode\" data-id=\"758b869\" data-element_type=\"widget\" data-e-type=\"widget\" data-widget_type=\"shortcode.default\">\n\t\t\t\t<div class=\"elementor-widget-container\">\n\t\t\t\t\t\t\t<div class=\"elementor-shortcode\"><div class='fluentform ff-default fluentform_wrapper_1 ffs_custom_wrap'><form data-form_id=\"1\" id=\"fluentform_1\" class=\"frm-fluent-form fluent_form_1 ff-el-form-top ff_form_instance_1_1 ff-form-loading ff_has_v3_recptcha ffs_custom\" data-form_instance=\"ff_form_instance_1_1\" method=\"POST\" data-recptcha_key=\"6LcUV44mAAAAAAGstmMdzLDyocvlW9DKEpWeN-Vs\" action=\"\" ><fieldset  style=\"border: none!important;margin: 0!important;padding: 0!important;background-color: transparent!important;box-shadow: none!important;outline: none!important; min-inline-size: 100%;\">\n                    <legend class=\"ff_screen_reader_title\" style=\"display: block; margin: 0!important;padding: 0!important;height: 0!important;text-indent: -999999px;width: 0!important;overflow:hidden;\">Formulario de contacto<\/legend>        <div\n                style=\"display: none!important; position: absolute!important; transform: translateX(1000%)!important;\"\n                class=\"ff-el-group ff-hpsf-container\"\n        >\n            <div class=\"ff-el-input--label asterisk-right\">\n                <label for=\"ff_1_item_sf\" aria-label=\"Actualizaciones\">\n                    Actualizaciones                <\/label>\n            <\/div>\n            <div class=\"ff-el-input--content\">\n                <input type=\"text\"\n                       name=\"item_1__fluent_sf\"\n                       class=\"ff-el-form-control\"\n                       id=\"ff_1_item_sf\"\n                \/>\n            <\/div>\n        <\/div>\n        <input type='hidden' name='__fluent_form_embded_post_id' value='1303' \/><input type=\"hidden\" id=\"_fluentform_1_fluentformnonce\" name=\"_fluentform_1_fluentformnonce\" value=\"0e2dd9d4a8\" \/><input type=\"hidden\" name=\"_wp_http_referer\" value=\"\/es\/wp-json\/wp\/v2\/pages\/1303\" \/><div data-type=\"name-element\" data-name=\"names\" class=\"ff-field_container ff-name-field-wrapper\" ><div class='ff-t-container'><div class='ff-t-cell'><div class='ff-el-group  ff-el-form-hide_label'><div class=\"ff-el-input--label ff-el-is-required asterisk-right\"><label for='ff_1_names_first_name_' id='label_ff_1_names_first_name_' >Nombre<\/label><\/div><div class='ff-el-input--content'><input type=\"text\" name=\"names[first_name]\" id=\"ff_1_names_first_name_\" class=\"ff-el-form-control\" placeholder=\"Nombre\" aria-invalid=\"false\" aria-required=\"true\"><\/div><\/div><\/div><\/div><\/div><div class='ff-el-group ff-el-form-hide_label'><div class=\"ff-el-input--label ff-el-is-required asterisk-right\"><label for='ff_1_email' id='label_ff_1_email' aria-label=\"Correo electr\u00f3nico\">Correo electr\u00f3nico<\/label><\/div><div class='ff-el-input--content'><input type=\"email\" name=\"email\" id=\"ff_1_email\" class=\"ff-el-form-control\" placeholder=\"Direcci\u00f3n de correo electr\u00f3nico\" data-name=\"email\"  aria-invalid=\"false\" aria-required=\"true\"><\/div><\/div><div class='ff-el-group ff-el-form-hide_label'><div class=\"ff-el-input--label ff-el-is-required asterisk-right\"><label for='ff_1_message' id='label_ff_1_message' aria-label=\"Su mensaje\">Su mensaje<\/label><\/div><div class='ff-el-input--content'><textarea aria-required=\"true\" aria-labelledby=\"label_ff_1_message\" name=\"message\" id=\"ff_1_message\" class=\"ff-el-form-control\" placeholder=\"Su mensaje\" rows=\"4\" cols=\"2\" data-name=\"message\" ><\/textarea><\/div><\/div><div class='ff-el-group ff-text-left contact-form ff_submit_btn_wrapper'><button type=\"submit\" class=\"ff-btn ff-btn-submit ff-btn-md contact-form-submit ff_btn_style\"  aria-label=\"Enviar formulario\">Enviar formulario<\/button><\/div><\/fieldset><input type=\"hidden\" name=\"etm-form-language\" value=\"es\"\/><\/form><div id='fluentform_1_errors' class='ff-errors-in-stack ff_form_instance_1_1 ff-form-loading_errors ff_form_instance_1_1_errors'><\/div><\/div>            <script type=\"text\/javascript\">\n                window.fluent_form_ff_form_instance_1_1 = {\"id\":\"1\",\"settings\":{\"layout\":{\"labelPlacement\":\"top\",\"helpMessagePlacement\":\"with_label\",\"errorMessagePlacement\":\"inline\",\"cssClassName\":\"\",\"asteriskPlacement\":\"asterisk-right\"},\"restrictions\":{\"denyEmptySubmission\":{\"enabled\":false}}},\"form_instance\":\"ff_form_instance_1_1\",\"form_id_selector\":\"fluentform_1\",\"rules\":{\"names[first_name]\":{\"required\":{\"value\":true,\"message\":\"This field is required\"}},\"names[middle_name]\":{\"required\":{\"value\":false,\"message\":\"This field is required\"}},\"names[last_name]\":{\"required\":{\"value\":false,\"message\":\"This field is required\"}},\"email\":{\"required\":{\"value\":true,\"message\":\"This field is required\"},\"email\":{\"value\":true,\"message\":\"This field must contain a valid email\"}},\"message\":{\"required\":{\"value\":true,\"message\":\"This field is required\"}}},\"debounce_time\":300};\n                            <\/script>\n            <\/div>\n\t\t\t\t\t\t<\/div>\n\t\t\t\t<\/div>\n\t\t\t\t\t<\/div>\n\t\t<\/div>\n\t\t\t\t\t<\/div>\n\t\t<\/section>\n\t\t\t\t<\/div>","protected":false},"excerpt":{"rendered":"<p>Inicio Contacto Cont\u00e1ctenos Correo electr\u00f3nico: hello@sustagri.eu \u00bfEs usted un productor local y\/o propietario de una peque\u00f1a empresa agr\u00edcola en Irlanda, Espa\u00f1a, Italia o Grecia? \u00bfEst\u00e1 interesado en aprender m\u00e1s sobre c\u00f3mo puede ser parte del movimiento sostenible Agriculture4.0 y adquirir habilidades digitales y de marketing para hacer crecer su negocio?\u00a0 O tal vez eres un profesional de la EFP ansioso...<\/p>","protected":false},"author":10,"featured_media":0,"parent":0,"menu_order":0,"comment_status":"closed","ping_status":"closed","template":"","meta":{"footnotes":""},"class_list":{"0":"post-1303","1":"page","2":"type-page","3":"status-publish","4":"hentry","5":"nt-post-class","6":"","8":"thumb-none","10":"excerpt-none"},"_links":{"self":[{"href":"https:\/\/sustagri.eu\/es\/wp-json\/wp\/v2\/pages\/1303","targetHints":{"allow":["GET"]}}],"collection":[{"href":"https:\/\/sustagri.eu\/es\/wp-json\/wp\/v2\/pages"}],"about":[{"href":"https:\/\/sustagri.eu\/es\/wp-json\/wp\/v2\/types\/page"}],"author":[{"embeddable":true,"href":"https:\/\/sustagri.eu\/es\/wp-json\/wp\/v2\/users\/10"}],"replies":[{"embeddable":true,"href":"https:\/\/sustagri.eu\/es\/wp-json\/wp\/v2\/comments?post=1303"}],"version-history":[{"count":5,"href":"https:\/\/sustagri.eu\/es\/wp-json\/wp\/v2\/pages\/1303\/revisions"}],"predecessor-version":[{"id":7071,"href":"https:\/\/sustagri.eu\/es\/wp-json\/wp\/v2\/pages\/1303\/revisions\/7071"}],"wp:attachment":[{"href":"https:\/\/sustagri.eu\/es\/wp-json\/wp\/v2\/media?parent=1303"}],"curies":[{"name":"wp","href":"https:\/\/api.w.org\/{rel}","templated":true}]}}